{"id":10457,"date":"2020-09-21T11:21:13","date_gmt":"2020-09-21T11:21:13","guid":{"rendered":"http:\/\/www.venusmed.at\/egeszseg\/hormonvizsgalat\/"},"modified":"2020-10-06T14:53:41","modified_gmt":"2020-10-06T14:53:41","slug":"hormonvizsgalat","status":"publish","type":"page","link":"https:\/\/www.venusmed.at\/hu\/egeszseg\/hormonvizsgalat\/","title":{"rendered":"Hormonvizsg\u00e1lat"},"content":{"rendered":"<p><div class=\"fusion-fullwidth fullwidth-box fusion-builder-row-1 nonhundred-percent-fullwidth non-hundred-percent-height-scrolling\" style=\"background-color: rgba(255,255,255,0);background-position: center center;background-repeat: no-repeat;padding-top:0px;padding-right:0px;padding-bottom:0px;padding-left:0px;margin-bottom: 0px;margin-top: 0px;border-width: 0px 0px 0px 0px;border-color:#e2e2e2;border-style:solid;\" ><div class=\"fusion-builder-row fusion-row\"><div class=\"fusion-layout-column fusion_builder_column fusion-builder-column-0 fusion_builder_column_1_1 1_1 fusion-one-full fusion-column-first fusion-column-last\" style=\"margin-top:0px;margin-bottom:0px;\"><div class=\"fusion-column-wrapper fusion-flex-column-wrapper-legacy\" style=\"background-position:left top;background-repeat:no-repeat;-webkit-background-size:cover;-moz-background-size:cover;-o-background-size:cover;background-size:cover;padding: 0px 0px 0px 0px;\"><div class=\"fusion-text fusion-text-1\"><p>Egy hormonvizsg\u00e1lat sor\u00e1n kider\u00fcl a hormonh\u00e1ztart\u00e1s felborul\u00e1sa. A hormonok fontos sarokk\u00f6v\u00e9t alkotj\u00e1k\u00a0a testi funkci\u00f3k kifog\u00e1stalan m\u0171k\u00f6d\u00e9s\u00e9nek.\u00a0Egy egyens\u00faly\u00e1t vesztett hormonh\u00e1ztart\u00e1s sz\u00e1mos eg\u00e9sz\u00e9g\u00fcgyi panasz kiv\u00e1lt\u00f3ja lehet.<\/p>\n<\/div><div class=\"fusion-text fusion-text-2\"><p style=\"border: 1px solid #bc9fc8; border-radius: 5px; background: rgba(188,159,200,0.15); padding: 1em; text-align: center;\"><em>K\u00f6nnyed\u00e9n megbesz\u00e9lhet <strong>id\u0151pontot<\/strong> a b\u00e9csi VenusMed-en a <a href=\"tel:+4318908070\">+43 1 890 80 70,<\/a>\u00a0<strong>telefonsz\u00e1mon<\/strong>, az <a href=\"mailto:info@venusmed.at\">info@venusmed.at<\/a> <strong>e-mail<\/strong> c\u00edmen vagy az al\u00e1bbi <a href=\"#kontakt\"><strong>kapcsolatfelv\u00e9teli \u0171rlap<\/strong><\/a>\u00a0seg\u00edts\u00e9g\u00e9vel. Id\u0151pontokat is adunk r\u00f6vid id\u0151n bel\u00fcl!<\/em><\/p>\n<\/div>\n<div class=\"fusion-text fusion-text-3\"><p>A vizsg\u00e1lat sor\u00e1n mindazon hormonokat vizsg\u00e1ljuk, amelyek r\u00e9szben felel\u0151sek lehetnek a probl\u00e9m\u00e1k\u00e9rt. A\u00a0hormontartalom \u00e1llapota jelzi, a szexu\u00e1lis probl\u00e9m\u00e1k m\u00f6g\u00f6tt lapul\u00f3 okokat.<\/p>\n<\/div><div class=\"fusion-clearfix\"><\/div><\/div><\/div><\/div><\/div><div class=\"fusion-fullwidth fullwidth-box fusion-builder-row-2 nonhundred-percent-fullwidth non-hundred-percent-height-scrolling\" style=\"background-color: rgba(255,255,255,0);background-position: center center;background-repeat: no-repeat;padding-top:0px;padding-right:0px;padding-bottom:0px;padding-left:0px;margin-bottom: 0px;margin-top: 0px;border-width: 0px 0px 0px 0px;border-color:#e2e2e2;border-style:solid;\" ><div class=\"fusion-builder-row fusion-row\"><div class=\"fusion-layout-column fusion_builder_column fusion-builder-column-1 fusion_builder_column_1_1 1_1 fusion-one-full fusion-column-first fusion-column-last\" style=\"margin-top:0px;margin-bottom:0px;\"><div class=\"fusion-column-wrapper fusion-flex-column-wrapper-legacy\" style=\"background-position:left top;background-repeat:no-repeat;-webkit-background-size:cover;-moz-background-size:cover;-o-background-size:cover;background-size:cover;padding: 0px 0px 0px 0px;\"><div class=\"fusion-sep-clear\"><\/div><div class=\"fusion-separator fusion-has-icon\" style=\"margin-left: auto;margin-right: auto;margin-top:40px;margin-bottom:60px;width:100%;max-width:70%;\"><div class=\"fusion-separator-border sep-single sep-solid\" style=\"border-color:#bc9fc8;border-top-width:1px;\"><\/div><span class=\"icon-wrapper\" style=\"border-color:transparent;font-size:16px;width: 1.75em; height: 1.75em;border-width:1px;padding:1px;margin-top:-0.5px\"><i class=\"fa-plus-square fas\" style=\"font-size: inherit;color:#bc9fc8;\" aria-hidden=\"true\"><\/i><\/span><div class=\"fusion-separator-border sep-single sep-solid\" style=\"border-color:#bc9fc8;border-top-width:1px;\"><\/div><\/div><div class=\"fusion-sep-clear\"><\/div><style type=\"text\/css\"><\/style><div class=\"fusion-title title fusion-title-1 fusion-sep-none fusion-title-text fusion-title-size-two\" style=\"margin-top:10px;margin-right:0px;margin-bottom:15px;margin-left:0px;\"><h2 class=\"title-heading-left\" style=\"margin:0;\">A hormonvizsg\u00e1lat lefoly\u00e1sa a VenusMedn\u00e9l<\/h2><\/div><div class=\"fusion-text fusion-text-4\"><p>V\u00e9rv\u00e9tel, tov\u00e1bb\u00edt\u00e1sa a szakeg\u00e9szs\u00e9g\u00fcgyi laborba \u00e9s a minta ki\u00e9rt\u00e9kel\u00e9se a laborban, szakorvos \u00e1ltali konzult\u00e1ci\u00f3, a vizsg\u00e1lat eredm\u00e9ny\u00e9nek \u00a0v\u00e1laszthat\u00f3an szem\u00e9lyes, postai, telefonos vagy emailes tov\u00e1bb\u00edt\u00e1sa.<\/p>\n<\/div><div class=\"fusion-clearfix\"><\/div><\/div><\/div><\/div><\/div><div class=\"fusion-fullwidth fullwidth-box fusion-builder-row-3 nonhundred-percent-fullwidth non-hundred-percent-height-scrolling fusion-no-small-visibility\" style=\"background-color: rgba(255,255,255,0);background-position: center center;background-repeat: no-repeat;padding-top:0px;padding-right:0px;padding-bottom:0px;padding-left:0px;margin-bottom: 0px;margin-top: 0px;border-width: 0px 0px 0px 0px;border-color:#e2e2e2;border-style:solid;\" ><div class=\"fusion-builder-row fusion-row\"><div class=\"fusion-layout-column fusion_builder_column fusion-builder-column-2 fusion_builder_column_1_1 1_1 fusion-one-full fusion-column-first fusion-column-last\" style=\"margin-top:0px;margin-bottom:0px;\"><div class=\"fusion-column-wrapper fusion-flex-column-wrapper-legacy\" style=\"background-position:left top;background-repeat:no-repeat;-webkit-background-size:cover;-moz-background-size:cover;-o-background-size:cover;background-size:cover;padding: 0px 0px 0px 0px;\"><div class=\"fusion-sep-clear\"><\/div><div class=\"fusion-separator fusion-has-icon\" style=\"margin-left: auto;margin-right: auto;margin-top:40px;margin-bottom:60px;width:100%;max-width:70%;\"><div class=\"fusion-separator-border sep-single sep-solid\" style=\"border-color:#bc9fc8;border-top-width:1px;\"><\/div><span class=\"icon-wrapper\" style=\"border-color:transparent;font-size:16px;width: 1.75em; height: 1.75em;border-width:1px;padding:1px;margin-top:-0.5px\"><i class=\"fa-plus-square fas\" style=\"font-size: inherit;color:#bc9fc8;\" aria-hidden=\"true\"><\/i><\/span><div class=\"fusion-separator-border sep-single sep-solid\" style=\"border-color:#bc9fc8;border-top-width:1px;\"><\/div><\/div><div class=\"fusion-sep-clear\"><\/div><style type=\"text\/css\"><\/style><div class=\"fusion-title title fusion-title-2 fusion-sep-none fusion-title-text fusion-title-size-two\" style=\"margin-top:10px;margin-right:0px;margin-bottom:15px;margin-left:0px;\"><h2 class=\"title-heading-left\" style=\"margin:0;\">A hormonvizsg\u00e1lat \u00e1ra<\/h2><\/div>\n<div class=\"table-2\">\n<table width=\"100%\">\n<thead>\n<tr>\n<th align=\"left\">Szolg\u00e1ltat\u00e1s<\/th>\n<th align=\"left\">\u00c1ra<\/th>\n<\/tr>\n<\/thead>\n<tbody>\n<tr>\n<td align=\"left\">Hormonelemz\u00e9s, szakorvosi vizsg\u00e1lattal egy\u00fctt<\/td>\n<td align=\"left\">190 \u20ac<\/td>\n<\/tr>\n<\/tbody>\n<\/table>\n<\/div>\n<div class=\"fusion-sep-clear\"><\/div><div class=\"fusion-separator fusion-full-width-sep\" style=\"margin-left: auto;margin-right: auto;margin-top:20px;width:100%;\"><\/div><div class=\"fusion-sep-clear\"><\/div><div class=\"fusion-text fusion-text-5\"><p>Term\u00e9szetesen k\u00e9szp\u00e9nzt, bet\u00e9ti (Maestro) vagy hitelk\u00e1rty\u00e1t fogadunk el.<\/p>\n<\/div><div class=\"fusion-clearfix\"><\/div><\/div><\/div><\/div><\/div><div class=\"fusion-fullwidth fullwidth-box fusion-builder-row-4 nonhundred-percent-fullwidth non-hundred-percent-height-scrolling fusion-no-medium-visibility fusion-no-large-visibility\" style=\"background-color: rgba(255,255,255,0);background-position: center center;background-repeat: no-repeat;padding-top:0px;padding-right:0px;padding-bottom:0px;padding-left:0px;margin-bottom: 0px;margin-top: 0px;border-width: 0px 0px 0px 0px;border-color:#e2e2e2;border-style:solid;\" ><div class=\"fusion-builder-row fusion-row\"><div class=\"fusion-layout-column fusion_builder_column fusion-builder-column-3 fusion_builder_column_1_1 1_1 fusion-one-full fusion-column-first fusion-column-last\" style=\"margin-top:0px;margin-bottom:0px;\"><div class=\"fusion-column-wrapper fusion-flex-column-wrapper-legacy\" style=\"background-position:left top;background-repeat:no-repeat;-webkit-background-size:cover;-moz-background-size:cover;-o-background-size:cover;background-size:cover;padding: 0px 0px 0px 0px;\"><div class=\"fusion-sep-clear\"><\/div><div class=\"fusion-separator fusion-has-icon\" style=\"margin-left: auto;margin-right: auto;margin-top:40px;margin-bottom:60px;width:100%;max-width:70%;\"><div class=\"fusion-separator-border sep-single sep-solid\" style=\"border-color:#bc9fc8;border-top-width:1px;\"><\/div><span class=\"icon-wrapper\" style=\"border-color:transparent;font-size:16px;width: 1.75em; height: 1.75em;border-width:1px;padding:1px;margin-top:-0.5px\"><i class=\"fa-plus-square fas\" style=\"font-size: inherit;color:#bc9fc8;\" aria-hidden=\"true\"><\/i><\/span><div class=\"fusion-separator-border sep-single sep-solid\" style=\"border-color:#bc9fc8;border-top-width:1px;\"><\/div><\/div><div class=\"fusion-sep-clear\"><\/div><div class=\"fusion-clearfix\"><\/div><\/div><\/div><div class=\"fusion-layout-column fusion_builder_column fusion-builder-column-4 fusion_builder_column_1_1 1_1 fusion-one-full fusion-column-first fusion-column-last\" style=\"margin-top:0px;margin-bottom:0px;\"><div class=\"fusion-column-wrapper fusion-flex-column-wrapper-legacy\" style=\"background-position:left top;background-repeat:no-repeat;-webkit-background-size:cover;-moz-background-size:cover;-o-background-size:cover;background-size:cover;border-radius:5px 5px 0px 0px;background-color:#bc9fc8;border-radius:5px 5px 0px 0px;overflow:hidden;padding: 10px 10px 10px 10px;\"><style type=\"text\/css\"><\/style><div class=\"fusion-title title fusion-title-3 fusion-sep-none fusion-title-center fusion-title-text fusion-title-size-two\" style=\"font-size:24px;margin-top:10px;margin-right:0px;margin-bottom:15px;margin-left:0px;\"><h2 class=\"title-heading-center\" style=\"margin:0;font-size:1em;color:#ffffff;\">A hormonvizsg\u00e1lat \u00e1ra<\/h2><\/div><div class=\"fusion-clearfix\"><\/div><\/div><\/div><div class=\"fusion-layout-column fusion_builder_column fusion-builder-column-5 fusion_builder_column_1_1 1_1 fusion-one-full fusion-column-first fusion-column-last\" style=\"margin-top:0px;margin-bottom:20px;\"><div class=\"fusion-column-wrapper fusion-flex-column-wrapper-legacy\" style=\"background-position:left top;background-repeat:no-repeat;-webkit-background-size:cover;-moz-background-size:cover;-o-background-size:cover;background-size:cover;border-radius:0px 0px 5px 5px;background-color:#f6f6f6;border-radius:0px 0px 5px 5px;overflow:hidden;padding: 20px 20px 0px 20px;\"><div class=\"fusion-text fusion-text-6\"><p><span class=\"kosten-leistung\">Hormonelemz\u00e9s, szakorvosi vizsg\u00e1lattal egy\u00fctt<\/span><br \/>\n<strong>\u00c1ra:<\/strong> 190 \u20ac<\/p>\n<\/div><div class=\"fusion-clearfix\"><\/div><\/div><\/div><div class=\"fusion-layout-column fusion_builder_column fusion-builder-column-6 fusion_builder_column_1_1 1_1 fusion-one-full fusion-column-first fusion-column-last\" style=\"margin-top:0px;margin-bottom:0px;\"><div class=\"fusion-column-wrapper fusion-flex-column-wrapper-legacy\" style=\"background-position:left top;background-repeat:no-repeat;-webkit-background-size:cover;-moz-background-size:cover;-o-background-size:cover;background-size:cover;padding: 0px 0px 0px 0px;\"><div class=\"fusion-sep-clear\"><\/div><div class=\"fusion-separator fusion-full-width-sep\" style=\"margin-left: auto;margin-right: auto;margin-top:10px;width:100%;\"><\/div><div class=\"fusion-sep-clear\"><\/div><div class=\"fusion-text fusion-text-7\"><p>Term\u00e9szetesen k\u00e9szp\u00e9nzt, bet\u00e9ti (Maestro) vagy hitelk\u00e1rty\u00e1t fogadunk el.<\/p>\n<\/div><div class=\"fusion-clearfix\"><\/div><\/div><\/div><\/div><\/div><\/p>\n","protected":false},"excerpt":{"rendered":"","protected":false},"author":2,"featured_media":0,"parent":10423,"menu_order":0,"comment_status":"closed","ping_status":"closed","template":"","meta":[],"yoast_head":"<!-- This site is optimized with the Yoast SEO plugin v16.5 - https:\/\/yoast.com\/wordpress\/plugins\/seo\/ -->\n<title>A nemi hormonok hormonelemz\u00e9se a VenusMed B\u00e9csben<\/title>\n<meta name=\"description\" content=\"Hormonelemz\u00e9s a VenusMed B\u00e9csben: A hormon\u00e1llapot megmutatja, hogy a hormon\u00e1lis egyens\u00falyhi\u00e1ny okozhatja-e a szexu\u00e1lis probl\u00e9m\u00e1kat.\" \/>\n<meta name=\"robots\" content=\"index, follow, max-snippet:-1, max-image-preview:large, max-video-preview:-1\" \/>\n<link rel=\"canonical\" href=\"https:\/\/www.venusmed.at\/hu\/egeszseg\/hormonvizsgalat\/\" \/>\n<meta property=\"og:locale\" content=\"hu_HU\" \/>\n<meta property=\"og:type\" content=\"article\" \/>\n<meta property=\"og:title\" content=\"A nemi hormonok hormonelemz\u00e9se a VenusMed B\u00e9csben\" \/>\n<meta property=\"og:description\" content=\"Hormonelemz\u00e9s a VenusMed B\u00e9csben: A hormon\u00e1llapot megmutatja, hogy a hormon\u00e1lis egyens\u00falyhi\u00e1ny okozhatja-e a szexu\u00e1lis probl\u00e9m\u00e1kat.\" \/>\n<meta property=\"og:url\" content=\"https:\/\/www.venusmed.at\/hu\/egeszseg\/hormonvizsgalat\/\" \/>\n<meta property=\"og:site_name\" content=\"VenusMed \u2013 Zentrum f\u00fcr Sexualmedizin\" \/>\n<meta property=\"article:modified_time\" content=\"2020-10-06T14:53:41+00:00\" \/>\n<meta name=\"twitter:card\" content=\"summary_large_image\" \/>\n<meta name=\"twitter:label1\" content=\"Est. reading time\" \/>\n\t<meta name=\"twitter:data1\" content=\"16 minutes\" \/>\n<script type=\"application\/ld+json\" class=\"yoast-schema-graph\">{\"@context\":\"https:\/\/schema.org\",\"@graph\":[{\"@type\":\"WebSite\",\"@id\":\"https:\/\/www.venusmed.at\/#website\",\"url\":\"https:\/\/www.venusmed.at\/\",\"name\":\"VenusMed \\u2013 Zentrum f\\u00fcr Sexualmedizin\",\"description\":\"VenusMed sind Spezialisten f\\u00fcr Sexualmedizin in Wien\",\"potentialAction\":[{\"@type\":\"SearchAction\",\"target\":\"https:\/\/www.venusmed.at\/?s={search_term_string}\",\"query-input\":\"required name=search_term_string\"}],\"inLanguage\":\"hu-HU\"},{\"@type\":\"WebPage\",\"@id\":\"https:\/\/www.venusmed.at\/hu\/egeszseg\/hormonvizsgalat\/#webpage\",\"url\":\"https:\/\/www.venusmed.at\/hu\/egeszseg\/hormonvizsgalat\/\",\"name\":\"A nemi hormonok hormonelemz\\u00e9se a VenusMed B\\u00e9csben\",\"isPartOf\":{\"@id\":\"https:\/\/www.venusmed.at\/#website\"},\"datePublished\":\"2020-09-21T11:21:13+00:00\",\"dateModified\":\"2020-10-06T14:53:41+00:00\",\"description\":\"Hormonelemz\\u00e9s a VenusMed B\\u00e9csben: A hormon\\u00e1llapot megmutatja, hogy a hormon\\u00e1lis egyens\\u00falyhi\\u00e1ny okozhatja-e a szexu\\u00e1lis probl\\u00e9m\\u00e1kat.\",\"breadcrumb\":{\"@id\":\"https:\/\/www.venusmed.at\/hu\/egeszseg\/hormonvizsgalat\/#breadcrumb\"},\"inLanguage\":\"hu-HU\",\"potentialAction\":[{\"@type\":\"ReadAction\",\"target\":[\"https:\/\/www.venusmed.at\/hu\/egeszseg\/hormonvizsgalat\/\"]}]},{\"@type\":\"BreadcrumbList\",\"@id\":\"https:\/\/www.venusmed.at\/hu\/egeszseg\/hormonvizsgalat\/#breadcrumb\",\"itemListElement\":[{\"@type\":\"ListItem\",\"position\":1,\"name\":\"Startseite\",\"item\":\"http:\/\/www.venusmed.at\/\"},{\"@type\":\"ListItem\",\"position\":2,\"name\":\"Eg\\u00e9szs\\u00e9g\",\"item\":\"http:\/\/www.venusmed.at\/gesundheit\/\"},{\"@type\":\"ListItem\",\"position\":3,\"name\":\"Hormonvizsg\\u00e1lat\"}]}]}<\/script>\n<!-- \/ Yoast SEO plugin. -->","_links":{"self":[{"href":"https:\/\/www.venusmed.at\/hu\/wp-json\/wp\/v2\/pages\/10457"}],"collection":[{"href":"https:\/\/www.venusmed.at\/hu\/wp-json\/wp\/v2\/pages"}],"about":[{"href":"https:\/\/www.venusmed.at\/hu\/wp-json\/wp\/v2\/types\/page"}],"author":[{"embeddable":true,"href":"https:\/\/www.venusmed.at\/hu\/wp-json\/wp\/v2\/users\/2"}],"replies":[{"embeddable":true,"href":"https:\/\/www.venusmed.at\/hu\/wp-json\/wp\/v2\/comments?post=10457"}],"version-history":[{"count":2,"href":"https:\/\/www.venusmed.at\/hu\/wp-json\/wp\/v2\/pages\/10457\/revisions"}],"predecessor-version":[{"id":10628,"href":"https:\/\/www.venusmed.at\/hu\/wp-json\/wp\/v2\/pages\/10457\/revisions\/10628"}],"up":[{"embeddable":true,"href":"https:\/\/www.venusmed.at\/hu\/wp-json\/wp\/v2\/pages\/10423"}],"wp:attachment":[{"href":"https:\/\/www.venusmed.at\/hu\/wp-json\/wp\/v2\/media?parent=10457"}],"curies":[{"name":"wp","href":"https:\/\/api.w.org\/{rel}","templated":true}]}}