{"id":10458,"date":"2020-09-21T11:29:39","date_gmt":"2020-09-21T11:29:39","guid":{"rendered":"http:\/\/www.venusmed.at\/kapcsolat\/"},"modified":"2020-09-21T11:29:41","modified_gmt":"2020-09-21T11:29:41","slug":"kapcsolat","status":"publish","type":"page","link":"https:\/\/www.venusmed.at\/hu\/kapcsolat\/","title":{"rendered":"Kapcsolat"},"content":{"rendered":"<p><div class=\"fusion-fullwidth fullwidth-box fusion-builder-row-1 nonhundred-percent-fullwidth non-hundred-percent-height-scrolling\" style=\"background-color: rgba(255,255,255,0);background-position: center center;background-repeat: no-repeat;padding-top:0px;padding-right:0px;padding-bottom:0px;padding-left:0px;margin-bottom: 0px;margin-top: 0px;border-width: 0px 0px 0px 0px;border-color:#e2e2e2;border-style:solid;\" ><div class=\"fusion-builder-row fusion-row\"><div class=\"fusion-layout-column fusion_builder_column fusion-builder-column-0 fusion_builder_column_1_1 1_1 fusion-one-full fusion-column-first fusion-column-last\" style=\"margin-top:0px;margin-bottom:0px;\"><div class=\"fusion-column-wrapper fusion-flex-column-wrapper-legacy\" style=\"background-position:left top;background-repeat:no-repeat;-webkit-background-size:cover;-moz-background-size:cover;-o-background-size:cover;background-size:cover;padding: 0px 0px 0px 0px;\"><style type=\"text\/css\"><\/style><div class=\"fusion-title title fusion-title-1 fusion-sep-none fusion-title-center fusion-title-text fusion-title-size-one\" style=\"margin-top:10px;margin-right:0px;margin-bottom:15px;margin-left:0px;\"><h1 class=\"title-heading-center\" style=\"margin:0;letter-spacing:2px;\">Kapcsolat<\/h1><\/div><div class=\"fusion-sep-clear\"><\/div><div class=\"fusion-separator fusion-has-icon\" style=\"margin-left: auto;margin-right: auto;margin-top:20px;margin-bottom:40px;width:100%;max-width:70%;\"><div class=\"fusion-separator-border sep-single sep-solid\" style=\"border-color:#868fc5;border-top-width:1px;\"><\/div><span class=\"icon-wrapper\" style=\"border-color:transparent;font-size:16px;width: 1.75em; height: 1.75em;border-width:1px;padding:1px;margin-top:-0.5px\"><i class=\"fa-leaf fas\" style=\"font-size: inherit;color:#868fc5;\" aria-hidden=\"true\"><\/i><\/span><div class=\"fusion-separator-border sep-single sep-solid\" style=\"border-color:#868fc5;border-top-width:1px;\"><\/div><\/div><div class=\"fusion-sep-clear\"><\/div><div class=\"fusion-clearfix\"><\/div><\/div><\/div><div class=\"fusion-layout-column fusion_builder_column fusion-builder-column-1 fusion_builder_column_1_2 1_2 fusion-one-half fusion-column-first\" style=\"width:50%;width:calc(50% - ( ( 4% ) * 0.5 ) );margin-right: 4%;margin-top:0px;margin-bottom:20px;\"><div class=\"fusion-column-wrapper fusion-flex-column-wrapper-legacy\" style=\"background-position:left top;background-repeat:no-repeat;-webkit-background-size:cover;-moz-background-size:cover;-o-background-size:cover;background-size:cover;padding: 0px 0px 0px 0px;\"><style type=\"text\/css\"><\/style><div class=\"fusion-title title fusion-title-2 fusion-sep-none fusion-title-text fusion-title-size-two\" style=\"margin-top:10px;margin-right:0px;margin-bottom:15px;margin-left:0px;\"><h2 class=\"title-heading-left\" style=\"margin:0;\">VenusMed \u2013 Nemigy\u00f3gy\u00e1szati K\u00f6zpont<\/h2><\/div><div class=\"fusion-text fusion-text-1\"><p>K\u00e9rd\u00e9seivel vagy id\u0151pont egyeztet\u00e9ssel b\u00e1tran forduljon hozz\u00e1nk reggel 9 \u00e9s este 19 \u00f3ra k\u00f6z\u00f6tt. Szem\u00e9lyesen is egyeztethet id\u0151pontot!<\/p>\n<\/div><ul class=\"fusion-checklist fusion-checklist-1\" style=\"font-size:16px;line-height:27.2px;\"><li class=\"fusion-li-item\"><span style=\"height:27.2px;width:27.2px;margin-right:11.2px;\" class=\"icon-wrapper circle-no\"><i class=\"fusion-li-icon fa-map-marker-alt fas\" style=\"color:#868fc5;\" aria-hidden=\"true\"><\/i><\/span><div class=\"fusion-li-item-content\" style=\"margin-left:38.4px;\">\n<p>Gablenzgasse 7, B\u00e9cs, 1150<\/p>\n<\/div><\/li><li class=\"fusion-li-item\"><span style=\"height:27.2px;width:27.2px;margin-right:11.2px;\" class=\"icon-wrapper circle-no\"><i class=\"fusion-li-icon fa-phone-alt fas\" style=\"color:#868fc5;\" aria-hidden=\"true\"><\/i><\/span><div class=\"fusion-li-item-content\" style=\"margin-left:38.4px;\">\n<p><a href=\"tel:+4318908070\">+43 1 890 80 70<\/a><\/p>\n<\/div><\/li><li class=\"fusion-li-item\"><span style=\"height:27.2px;width:27.2px;margin-right:11.2px;\" class=\"icon-wrapper circle-no\"><i class=\"fusion-li-icon fa-envelope fas\" style=\"color:#868fc5;\" aria-hidden=\"true\"><\/i><\/span><div class=\"fusion-li-item-content\" style=\"margin-left:38.4px;\">\n<p><a href=\"mailto:info@venusmed.at\">info@venusmed.at<\/a><\/p>\n<\/div><\/li><li class=\"fusion-li-item\"><span style=\"height:27.2px;width:27.2px;margin-right:11.2px;\" class=\"icon-wrapper circle-no\"><i class=\"fusion-li-icon fa-clock fas\" style=\"color:#868fc5;\" aria-hidden=\"true\"><\/i><\/span><div class=\"fusion-li-item-content\" style=\"margin-left:38.4px;\">\n<p><strong>H\u00e9tf\u0151 \u2013 P\u00e9ntek<\/strong><br \/>\n11:00 \u2013 17:00 \u00d3ra<\/p>\n<\/div><\/li><\/ul><div class=\"fusion-clearfix\"><\/div><\/div><\/div><div class=\"fusion-layout-column fusion_builder_column fusion-builder-column-2 fusion_builder_column_1_2 1_2 fusion-one-half fusion-column-last\" style=\"width:50%;width:calc(50% - ( ( 4% ) * 0.5 ) );margin-top:0px;margin-bottom:20px;\"><div class=\"fusion-column-wrapper fusion-flex-column-wrapper-legacy\" style=\"background-position:left top;background-repeat:no-repeat;-webkit-background-size:cover;-moz-background-size:cover;-o-background-size:cover;background-size:cover;padding: 0px 0px 0px 0px;\"><style type=\"text\/css\"><\/style><div class=\"fusion-title title fusion-title-3 fusion-sep-none fusion-title-text fusion-title-size-two\" style=\"margin-top:10px;margin-right:0px;margin-bottom:15px;margin-left:0px;\"><h2 class=\"title-heading-left\" style=\"margin:0;\">Megk\u00f6zel\u00edt\u00e9s<\/h2><\/div><div class=\"fusion-text fusion-text-2\"><p>VenusMed a Schwedenplatz (Gablenzgasse 7, B\u00e9cs, 1150) bev\u00e1s\u00e1rl\u00f3k\u00f6zpontban tal\u00e1lhat\u00f3 amit akad\u00e1lymentesen \u00e9s anon\u00edm felkereshet.<\/p>\n<p>Megk\u00f6zel\u00edt\u00e9s t\u00f6megk\u00f6zleked\u00e9s seg\u00edts\u00e9g\u00e9vel: U6 metr\u00f3 Burggasse-Stadthalle meg\u00e1ll\u00f3, Burggasse kij\u00e1rat.<\/p>\n<p>Szem\u00e9lyg\u00e9pkocsival: Neubaug\u00fcrtel gar\u00e1zsbej\u00e1r\u00f3. K\u00e9t \u00f3r\u00e1t\u00a0<strong>ingyen<\/strong>\u00a0parkolhat \u00e9s anon\u00edm keresheti fel a klinik\u00e1t.<\/p>\n<\/div><div class=\"fusion-clearfix\"><\/div><\/div><\/div><\/div><\/div><div class=\"fusion-fullwidth fullwidth-box fusion-builder-row-2 hundred-percent-fullwidth non-hundred-percent-height-scrolling\" style=\"background-color: rgba(255,255,255,0);background-position: center center;background-repeat: no-repeat;padding-top:0px;padding-right:0px;padding-bottom:0px;padding-left:0px;margin-bottom: 0px;margin-top: 40px;border-width: 0px 0px 0px 0px;border-color:#e2e2e2;border-style:solid;\" ><div class=\"fusion-builder-row fusion-row\"><div class=\"fusion-layout-column fusion_builder_column fusion-builder-column-3 fusion_builder_column_1_1 1_1 fusion-one-full fusion-column-first fusion-column-last\" style=\"margin-top:0px;margin-bottom:20px;\"><div class=\"fusion-column-wrapper fusion-flex-column-wrapper-legacy\" style=\"background-position:left top;background-repeat:no-repeat;-webkit-background-size:cover;-moz-background-size:cover;-o-background-size:cover;background-size:cover;padding: 0px 0px 0px 0px;\"><iframe src=\"https:\/\/www.google.com\/maps\/embed?pb=!1m18!1m12!1m3!1d2659.1358157021277!2d16.333121315836337!3d48.20399985451105!2m3!1f0!2f0!3f0!3m2!1i1024!2i768!4f13.1!3m3!1m2!1s0x476d07f046536f01:0xeba934595ddb2f24!2sVenus Med \u2013 Zentrum f\u00fcr Sexualmedizin!5e0!3m2!1sde!2sat!4v1585042166694!5m2!1sde!2sat\" width=\"100%\" height=\"450\" frameborder=\"0\" style=\"border:0;\" allowfullscreen=\"\" aria-hidden=\"false\" tabindex=\"0\"><\/iframe><div class=\"fusion-clearfix\"><\/div><\/div><\/div><\/div><\/div><div class=\"fusion-fullwidth fullwidth-box fusion-builder-row-3 nonhundred-percent-fullwidth non-hundred-percent-height-scrolling\" style=\"background-color: rgba(255,255,255,0);background-position: center center;background-repeat: no-repeat;padding-top:40px;padding-right:0px;padding-bottom:0px;padding-left:0px;margin-bottom: 0px;margin-top: 0px;border-width: 0px 0px 0px 0px;border-color:#868fc5;border-style:solid;\" ><div class=\"fusion-builder-row fusion-row\"><div class=\"fusion-layout-column fusion_builder_column fusion-builder-column-4 fusion_builder_column_1_1 1_1 fusion-one-full fusion-column-first fusion-column-last\" style=\"margin-top:0px;margin-bottom:0px;\"><div class=\"fusion-column-wrapper fusion-flex-column-wrapper-legacy\" style=\"background-position:left top;background-repeat:no-repeat;-webkit-background-size:cover;-moz-background-size:cover;-o-background-size:cover;background-size:cover;padding: 0px 0px 0px 0px;\"><style type=\"text\/css\"><\/style><div class=\"fusion-title title fusion-title-4 fusion-sep-none fusion-title-center fusion-title-text fusion-title-size-two\" style=\"margin-top:10px;margin-right:0px;margin-bottom:15px;margin-left:0px;\"><h2 class=\"title-heading-center\" style=\"margin:0;\">Kapcsolat<\/h2><\/div><div class=\"fusion-sep-clear\"><\/div><div class=\"fusion-separator fusion-has-icon\" style=\"margin-left: auto;margin-right: auto;margin-top:20px;margin-bottom:40px;width:100%;max-width:70%;\"><div class=\"fusion-separator-border sep-single sep-solid\" style=\"border-color:#868fc5;border-top-width:1px;\"><\/div><span class=\"icon-wrapper\" style=\"border-color:transparent;font-size:16px;width: 1.75em; height: 1.75em;border-width:1px;padding:1px;margin-top:-0.5px\"><i class=\"fa-leaf fas\" style=\"font-size: inherit;color:#868fc5;\" aria-hidden=\"true\"><\/i><\/span><div class=\"fusion-separator-border sep-single sep-solid\" style=\"border-color:#868fc5;border-top-width:1px;\"><\/div><\/div><div class=\"fusion-sep-clear\"><\/div><div class=\"fusion-text fusion-text-3\"><p style=\"text-align: center;\">El\u00e9rhet minket a <a href=\"tel:+4318908070\">+43 1 890 80 70<\/a> telefonsz\u00e1mon, vagy \u00edrhat az <a href=\"mailto:info@venusmed.at\">info@venusmed.at<\/a>\u00a0e-mail c\u00edm\u00fcnkre, vagy hagyjon \u00fczenetet az al\u00e1bbi \u0171rlap kit\u00f6lt\u00e9s\u00e9vel.<\/p>\n<\/div><div class=\"fusion-sep-clear\"><\/div><div class=\"fusion-separator fusion-full-width-sep\" style=\"margin-left: auto;margin-right: auto;margin-top:5px;width:100%;\"><\/div><div class=\"fusion-sep-clear\"><\/div><div class=\"fusion-clearfix\"><\/div><\/div><\/div><\/div><\/div><\/p>\n","protected":false},"excerpt":{"rendered":"","protected":false},"author":2,"featured_media":0,"parent":0,"menu_order":0,"comment_status":"closed","ping_status":"open","template":"100-width.php","meta":[],"yoast_head":"<!-- This site is optimized with the Yoast SEO plugin v16.5 - https:\/\/yoast.com\/wordpress\/plugins\/seo\/ -->\n<title>A VenusMed Nemigy\u00f3gy\u00e1szati K\u00f6zpont El\u00e9rhet\u0151s\u00e9ge<\/title>\n<meta name=\"description\" content=\"Kapcsolat -&gt; VenusMed B\u00e9cs a Nemigy\u00f3gy\u00e1szati K\u00f6zpont el\u00e9rhet\u0151s\u00e9ge -&gt; Vezet\u00e9kes telefon: +43 1 890 80 70 E-Mail: info@venusmed.at\" \/>\n<meta name=\"robots\" content=\"index, follow, max-snippet:-1, max-image-preview:large, max-video-preview:-1\" \/>\n<link rel=\"canonical\" href=\"http:\/\/www.venusmed.at\/hu\/kontakt\/\" \/>\n<meta property=\"og:locale\" content=\"hu_HU\" \/>\n<meta property=\"og:type\" content=\"article\" \/>\n<meta property=\"og:title\" content=\"A VenusMed Nemigy\u00f3gy\u00e1szati K\u00f6zpont El\u00e9rhet\u0151s\u00e9ge\" \/>\n<meta property=\"og:description\" content=\"Kapcsolat -&gt; VenusMed B\u00e9cs a Nemigy\u00f3gy\u00e1szati K\u00f6zpont el\u00e9rhet\u0151s\u00e9ge -&gt; Vezet\u00e9kes telefon: +43 1 890 80 70 E-Mail: info@venusmed.at\" \/>\n<meta property=\"og:url\" content=\"http:\/\/www.venusmed.at\/kontakt\/\" \/>\n<meta property=\"og:site_name\" content=\"VenusMed \u2013 Zentrum f\u00fcr Sexualmedizin\" \/>\n<meta property=\"article:modified_time\" content=\"2020-09-21T11:29:41+00:00\" \/>\n<meta name=\"twitter:card\" content=\"summary_large_image\" \/>\n<meta name=\"twitter:label1\" content=\"Est. reading time\" \/>\n\t<meta name=\"twitter:data1\" content=\"12 minutes\" \/>\n<script type=\"application\/ld+json\" class=\"yoast-schema-graph\">{\"@context\":\"https:\/\/schema.org\",\"@graph\":[{\"@type\":\"WebSite\",\"@id\":\"https:\/\/www.venusmed.at\/#website\",\"url\":\"https:\/\/www.venusmed.at\/\",\"name\":\"VenusMed \\u2013 Zentrum f\\u00fcr Sexualmedizin\",\"description\":\"VenusMed sind Spezialisten f\\u00fcr Sexualmedizin in Wien\",\"potentialAction\":[{\"@type\":\"SearchAction\",\"target\":\"https:\/\/www.venusmed.at\/?s={search_term_string}\",\"query-input\":\"required name=search_term_string\"}],\"inLanguage\":\"hu-HU\"},{\"@type\":\"WebPage\",\"@id\":\"http:\/\/www.venusmed.at\/kontakt\/#webpage\",\"url\":\"http:\/\/www.venusmed.at\/kontakt\/\",\"name\":\"A VenusMed Nemigy\\u00f3gy\\u00e1szati K\\u00f6zpont El\\u00e9rhet\\u0151s\\u00e9ge\",\"isPartOf\":{\"@id\":\"https:\/\/www.venusmed.at\/#website\"},\"datePublished\":\"2020-09-21T11:29:39+00:00\",\"dateModified\":\"2020-09-21T11:29:41+00:00\",\"description\":\"Kapcsolat -> VenusMed B\\u00e9cs a Nemigy\\u00f3gy\\u00e1szati K\\u00f6zpont el\\u00e9rhet\\u0151s\\u00e9ge -> Vezet\\u00e9kes telefon: +43 1 890 80 70 E-Mail: info@venusmed.at\",\"breadcrumb\":{\"@id\":\"http:\/\/www.venusmed.at\/kontakt\/#breadcrumb\"},\"inLanguage\":\"hu-HU\",\"potentialAction\":[{\"@type\":\"ReadAction\",\"target\":[\"http:\/\/www.venusmed.at\/kontakt\/\"]}]},{\"@type\":\"BreadcrumbList\",\"@id\":\"http:\/\/www.venusmed.at\/kontakt\/#breadcrumb\",\"itemListElement\":[{\"@type\":\"ListItem\",\"position\":1,\"name\":\"Startseite\",\"item\":\"http:\/\/www.venusmed.at\/\"},{\"@type\":\"ListItem\",\"position\":2,\"name\":\"Kapcsolat\"}]}]}<\/script>\n<!-- \/ Yoast SEO plugin. -->","_links":{"self":[{"href":"https:\/\/www.venusmed.at\/hu\/wp-json\/wp\/v2\/pages\/10458"}],"collection":[{"href":"https:\/\/www.venusmed.at\/hu\/wp-json\/wp\/v2\/pages"}],"about":[{"href":"https:\/\/www.venusmed.at\/hu\/wp-json\/wp\/v2\/types\/page"}],"author":[{"embeddable":true,"href":"https:\/\/www.venusmed.at\/hu\/wp-json\/wp\/v2\/users\/2"}],"replies":[{"embeddable":true,"href":"https:\/\/www.venusmed.at\/hu\/wp-json\/wp\/v2\/comments?post=10458"}],"version-history":[{"count":0,"href":"https:\/\/www.venusmed.at\/hu\/wp-json\/wp\/v2\/pages\/10458\/revisions"}],"wp:attachment":[{"href":"https:\/\/www.venusmed.at\/hu\/wp-json\/wp\/v2\/media?parent=10458"}],"curies":[{"name":"wp","href":"https:\/\/api.w.org\/{rel}","templated":true}]}}