{"id":10479,"date":"2020-09-21T13:55:21","date_gmt":"2020-09-21T13:55:21","guid":{"rendered":"http:\/\/www.venusmed.at\/egeszseg\/reszleges-androgenhiany\/"},"modified":"2020-10-06T14:46:47","modified_gmt":"2020-10-06T14:46:47","slug":"reszleges-androgenhiany","status":"publish","type":"page","link":"https:\/\/www.venusmed.at\/hu\/egeszseg\/reszleges-androgenhiany\/","title":{"rendered":"R\u00e9szleges Androg\u00e9nhi\u00e1ny"},"content":{"rendered":"<p><div class=\"fusion-fullwidth fullwidth-box fusion-builder-row-1 nonhundred-percent-fullwidth non-hundred-percent-height-scrolling\" style=\"background-color: rgba(255,255,255,0);background-position: center center;background-repeat: no-repeat;padding-top:0px;padding-right:0px;padding-bottom:0px;padding-left:0px;margin-bottom: 0px;margin-top: 0px;border-width: 0px 0px 0px 0px;border-color:#e2e2e2;border-style:solid;\" ><div class=\"fusion-builder-row fusion-row\"><div class=\"fusion-layout-column fusion_builder_column fusion-builder-column-0 fusion_builder_column_1_1 1_1 fusion-one-full fusion-column-first fusion-column-last\" style=\"margin-top:0px;margin-bottom:0px;\"><div class=\"fusion-column-wrapper fusion-flex-column-wrapper-legacy\" style=\"background-position:left top;background-repeat:no-repeat;-webkit-background-size:cover;-moz-background-size:cover;-o-background-size:cover;background-size:cover;padding: 0px 0px 0px 0px;\"><div class=\"fusion-text fusion-text-1\"><p>R\u00e9szleges androg\u00e9nhi\u00e1ny korosod\u00f3 f\u00e9rfiakn\u00e1l (PADAM \u2013 partial androgen deficiency in aging males \u2013 k\u00f6zkeleti elnevez\u00e9s\u00e9n: f\u00e9rfiklimax), azaz, k\u00f6znyelvi nev\u00e9n f\u00e9rfi \u201ckapuz\u00e1r\u00e1si p\u00e1nik\u201d.\u00a045 \u00e9ves kort\u00f3l kezd\u0151d\u0151en el kezd v\u00e1ltozni a f\u00e9rfiak hormonh\u00e1ztart\u00e1sa.<\/p>\n<\/div><div class=\"fusion-text fusion-text-2\"><p style=\"border: 1px solid #bc9fc8; border-radius: 5px; background: rgba(188,159,200,0.15); padding: 1em; text-align: center;\"><em>K\u00f6nnyed\u00e9n megbesz\u00e9lhet <strong>id\u0151pontot<\/strong> a b\u00e9csi VenusMed-en a <a href=\"tel:+4318908070\">+43 1 890 80 70,<\/a>\u00a0<strong>telefonsz\u00e1mon<\/strong>, az <a href=\"mailto:info@venusmed.at\">info@venusmed.at<\/a> <strong>e-mail<\/strong> c\u00edmen vagy az al\u00e1bbi <a href=\"#kontakt\"><strong>kapcsolatfelv\u00e9teli \u0171rlap<\/strong><\/a>\u00a0seg\u00edts\u00e9g\u00e9vel. Id\u0151pontokat is adunk r\u00f6vid id\u0151n bel\u00fcl!<\/em><\/p>\n<\/div>\n<div class=\"fusion-text fusion-text-3\"><p>A tesztoszteron termel\u0151d\u00e9s\u00e9nek cs\u00f6kken\u00e9se v\u00e1ltozatos t\u00fcneteket okozhat: nemi v\u00e1gy cs\u00f6kken\u00e9se, mereved\u00e9si zavar, izomt\u00f6meg cs\u00f6kken\u00e9se, ingerl\u00e9kenys\u00e9g, depresszi\u00f3ra val\u00f3 hajlam, \u00e1ltal\u00e1nos f\u00e1rad\u00e9konys\u00e1g, fokozott alv\u00e1sig\u00e9ny, \u00e1lmatlans\u00e1g stb. Hormonvizsg\u00e1lattal \u00e9s urol\u00f3giai szakvizsg\u00e1lattal a f\u00e9rfiklimax\u00a0diagnosztiz\u00e1lhat\u00f3\u00a0\u00e9s kezelhet\u0151.<\/p>\n<\/div><div class=\"fusion-clearfix\"><\/div><\/div><\/div><\/div><\/div><div class=\"fusion-fullwidth fullwidth-box fusion-builder-row-2 nonhundred-percent-fullwidth non-hundred-percent-height-scrolling fusion-no-small-visibility\" style=\"background-color: rgba(255,255,255,0);background-position: center center;background-repeat: no-repeat;padding-top:0px;padding-right:0px;padding-bottom:0px;padding-left:0px;margin-bottom: 0px;margin-top: 0px;border-width: 0px 0px 0px 0px;border-color:#e2e2e2;border-style:solid;\" ><div class=\"fusion-builder-row fusion-row\"><div class=\"fusion-layout-column fusion_builder_column fusion-builder-column-1 fusion_builder_column_1_1 1_1 fusion-one-full fusion-column-first fusion-column-last\" style=\"margin-top:0px;margin-bottom:0px;\"><div class=\"fusion-column-wrapper fusion-flex-column-wrapper-legacy\" style=\"background-position:left top;background-repeat:no-repeat;-webkit-background-size:cover;-moz-background-size:cover;-o-background-size:cover;background-size:cover;padding: 0px 0px 0px 0px;\"><div class=\"fusion-sep-clear\"><\/div><div class=\"fusion-separator fusion-has-icon\" style=\"margin-left: auto;margin-right: auto;margin-top:40px;margin-bottom:60px;width:100%;max-width:70%;\"><div class=\"fusion-separator-border sep-single sep-solid\" style=\"border-color:#bc9fc8;border-top-width:1px;\"><\/div><span class=\"icon-wrapper\" style=\"border-color:transparent;font-size:16px;width: 1.75em; height: 1.75em;border-width:1px;padding:1px;margin-top:-0.5px\"><i class=\"fa-plus-square fas\" style=\"font-size: inherit;color:#bc9fc8;\" aria-hidden=\"true\"><\/i><\/span><div class=\"fusion-separator-border sep-single sep-solid\" style=\"border-color:#bc9fc8;border-top-width:1px;\"><\/div><\/div><div class=\"fusion-sep-clear\"><\/div><style type=\"text\/css\"><\/style><div class=\"fusion-title title fusion-title-1 fusion-sep-none fusion-title-text fusion-title-size-two\" style=\"margin-top:10px;margin-right:0px;margin-bottom:15px;margin-left:0px;\"><h2 class=\"title-heading-left\" style=\"margin:0;\">R\u00e9szlegen Androg\u00e9nhi\u00e1ny Tan\u00e1csad\u00e1s K\u00f6lts\u00e9ge<\/h2><\/div>\n<div class=\"table-2\">\n<table width=\"100%\">\n<thead>\n<tr>\n<th align=\"left\">Szolg\u00e1ltat\u00e1s<\/th>\n<th align=\"left\">\u00c1ra<\/th>\n<\/tr>\n<\/thead>\n<tbody>\n<tr>\n<td align=\"left\">R\u00e9szleges androg\u00e9nhi\u00e1ny tan\u00e1csad\u00e1s<\/td>\n<td align=\"left\">85 \u20ac<\/td>\n<\/tr>\n<\/tbody>\n<\/table>\n<\/div>\n<div class=\"fusion-sep-clear\"><\/div><div class=\"fusion-separator fusion-full-width-sep\" style=\"margin-left: auto;margin-right: auto;margin-top:20px;width:100%;\"><\/div><div class=\"fusion-sep-clear\"><\/div><div class=\"fusion-text fusion-text-4\"><p>Term\u00e9szetesen k\u00e9szp\u00e9nzt, bet\u00e9ti (Maestro) vagy hitelk\u00e1rty\u00e1t fogadunk el.<\/p>\n<\/div><div class=\"fusion-clearfix\"><\/div><\/div><\/div><\/div><\/div><div class=\"fusion-fullwidth fullwidth-box fusion-builder-row-3 nonhundred-percent-fullwidth non-hundred-percent-height-scrolling fusion-no-medium-visibility fusion-no-large-visibility\" style=\"background-color: rgba(255,255,255,0);background-position: center center;background-repeat: no-repeat;padding-top:0px;padding-right:0px;padding-bottom:0px;padding-left:0px;margin-bottom: 0px;margin-top: 0px;border-width: 0px 0px 0px 0px;border-color:#e2e2e2;border-style:solid;\" ><div class=\"fusion-builder-row fusion-row\"><div class=\"fusion-layout-column fusion_builder_column fusion-builder-column-2 fusion_builder_column_1_1 1_1 fusion-one-full fusion-column-first fusion-column-last\" style=\"margin-top:0px;margin-bottom:0px;\"><div class=\"fusion-column-wrapper fusion-flex-column-wrapper-legacy\" style=\"background-position:left top;background-repeat:no-repeat;-webkit-background-size:cover;-moz-background-size:cover;-o-background-size:cover;background-size:cover;padding: 0px 0px 0px 0px;\"><div class=\"fusion-sep-clear\"><\/div><div class=\"fusion-separator fusion-has-icon\" style=\"margin-left: auto;margin-right: auto;margin-top:40px;margin-bottom:60px;width:100%;max-width:70%;\"><div class=\"fusion-separator-border sep-single sep-solid\" style=\"border-color:#bc9fc8;border-top-width:1px;\"><\/div><span class=\"icon-wrapper\" style=\"border-color:transparent;font-size:16px;width: 1.75em; height: 1.75em;border-width:1px;padding:1px;margin-top:-0.5px\"><i class=\"fa-plus-square fas\" style=\"font-size: inherit;color:#bc9fc8;\" aria-hidden=\"true\"><\/i><\/span><div class=\"fusion-separator-border sep-single sep-solid\" style=\"border-color:#bc9fc8;border-top-width:1px;\"><\/div><\/div><div class=\"fusion-sep-clear\"><\/div><div class=\"fusion-clearfix\"><\/div><\/div><\/div><div class=\"fusion-layout-column fusion_builder_column fusion-builder-column-3 fusion_builder_column_1_1 1_1 fusion-one-full fusion-column-first fusion-column-last\" style=\"margin-top:0px;margin-bottom:0px;\"><div class=\"fusion-column-wrapper fusion-flex-column-wrapper-legacy\" style=\"background-position:left top;background-repeat:no-repeat;-webkit-background-size:cover;-moz-background-size:cover;-o-background-size:cover;background-size:cover;border-radius:5px 5px 0px 0px;background-color:#bc9fc8;border-radius:5px 5px 0px 0px;overflow:hidden;padding: 10px 10px 10px 10px;\"><style type=\"text\/css\"><\/style><div class=\"fusion-title title fusion-title-2 fusion-sep-none fusion-title-center fusion-title-text fusion-title-size-two\" style=\"font-size:24px;margin-top:10px;margin-right:0px;margin-bottom:15px;margin-left:0px;\"><h2 class=\"title-heading-center\" style=\"margin:0;font-size:1em;color:#ffffff;\">R\u00e9szlegen Androg\u00e9nhi\u00e1ny Tan\u00e1csad\u00e1s K\u00f6lts\u00e9ge<\/h2><\/div><div class=\"fusion-clearfix\"><\/div><\/div><\/div><div class=\"fusion-layout-column fusion_builder_column fusion-builder-column-4 fusion_builder_column_1_1 1_1 fusion-one-full fusion-column-first fusion-column-last\" style=\"margin-top:0px;margin-bottom:20px;\"><div class=\"fusion-column-wrapper fusion-flex-column-wrapper-legacy\" style=\"background-position:left top;background-repeat:no-repeat;-webkit-background-size:cover;-moz-background-size:cover;-o-background-size:cover;background-size:cover;border-radius:0px 0px 5px 5px;background-color:#f6f6f6;border-radius:0px 0px 5px 5px;overflow:hidden;padding: 20px 20px 0px 20px;\"><div class=\"fusion-text fusion-text-5\"><p><span class=\"kosten-leistung\">R\u00e9szleges androg\u00e9nhi\u00e1ny tan\u00e1csad\u00e1s<\/span><br \/>\n<strong>\u00c1ra:<\/strong> 85 \u20ac<\/p>\n<\/div><div class=\"fusion-clearfix\"><\/div><\/div><\/div><div class=\"fusion-layout-column fusion_builder_column fusion-builder-column-5 fusion_builder_column_1_1 1_1 fusion-one-full fusion-column-first fusion-column-last\" style=\"margin-top:0px;margin-bottom:0px;\"><div class=\"fusion-column-wrapper fusion-flex-column-wrapper-legacy\" style=\"background-position:left top;background-repeat:no-repeat;-webkit-background-size:cover;-moz-background-size:cover;-o-background-size:cover;background-size:cover;padding: 0px 0px 0px 0px;\"><div class=\"fusion-sep-clear\"><\/div><div class=\"fusion-separator fusion-full-width-sep\" style=\"margin-left: auto;margin-right: auto;margin-top:10px;width:100%;\"><\/div><div class=\"fusion-sep-clear\"><\/div><div class=\"fusion-text fusion-text-6\"><p>Term\u00e9szetesen k\u00e9szp\u00e9nzt, bet\u00e9ti (Maestro) vagy hitelk\u00e1rty\u00e1t fogadunk el.<\/p>\n<\/div><div class=\"fusion-clearfix\"><\/div><\/div><\/div><\/div><\/div><\/p>\n","protected":false},"excerpt":{"rendered":"","protected":false},"author":2,"featured_media":0,"parent":10423,"menu_order":0,"comment_status":"closed","ping_status":"closed","template":"","meta":[],"yoast_head":"<!-- This site is optimized with the Yoast SEO plugin v16.5 - https:\/\/yoast.com\/wordpress\/plugins\/seo\/ -->\n<title>R\u00e9szleges Androg\u00e9nhi\u00e1ny | a VenusMed B\u00e9csben<\/title>\n<meta name=\"description\" content=\"PADAM tan\u00e1csad\u00e1s a VenusMed B\u00e9csben. A parci\u00e1lis androg\u00e9nhi\u00e1ny t\u00fcnetei az \u00f6reged\u0151 f\u00e9rfiakn\u00e1l f\u00e9rfiakn\u00e1l &quot;menopauza&quot; n\u00e9ven is ismertek.\" \/>\n<meta name=\"robots\" content=\"index, follow, max-snippet:-1, max-image-preview:large, max-video-preview:-1\" \/>\n<link rel=\"canonical\" href=\"https:\/\/www.venusmed.at\/hu\/egeszseg\/reszleges-androgenhiany\/\" \/>\n<meta property=\"og:locale\" content=\"hu_HU\" \/>\n<meta property=\"og:type\" content=\"article\" \/>\n<meta property=\"og:title\" content=\"R\u00e9szleges Androg\u00e9nhi\u00e1ny | a VenusMed B\u00e9csben\" \/>\n<meta property=\"og:description\" content=\"PADAM tan\u00e1csad\u00e1s a VenusMed B\u00e9csben. A parci\u00e1lis androg\u00e9nhi\u00e1ny t\u00fcnetei az \u00f6reged\u0151 f\u00e9rfiakn\u00e1l f\u00e9rfiakn\u00e1l &quot;menopauza&quot; n\u00e9ven is ismertek.\" \/>\n<meta property=\"og:url\" content=\"https:\/\/www.venusmed.at\/hu\/egeszseg\/reszleges-androgenhiany\/\" \/>\n<meta property=\"og:site_name\" content=\"VenusMed \u2013 Zentrum f\u00fcr Sexualmedizin\" \/>\n<meta property=\"article:modified_time\" content=\"2020-10-06T14:46:47+00:00\" \/>\n<meta name=\"twitter:card\" content=\"summary_large_image\" \/>\n<meta name=\"twitter:label1\" content=\"Est. reading time\" \/>\n\t<meta name=\"twitter:data1\" content=\"13 minutes\" \/>\n<script type=\"application\/ld+json\" class=\"yoast-schema-graph\">{\"@context\":\"https:\/\/schema.org\",\"@graph\":[{\"@type\":\"WebSite\",\"@id\":\"https:\/\/www.venusmed.at\/#website\",\"url\":\"https:\/\/www.venusmed.at\/\",\"name\":\"VenusMed \\u2013 Zentrum f\\u00fcr Sexualmedizin\",\"description\":\"VenusMed sind Spezialisten f\\u00fcr Sexualmedizin in Wien\",\"potentialAction\":[{\"@type\":\"SearchAction\",\"target\":\"https:\/\/www.venusmed.at\/?s={search_term_string}\",\"query-input\":\"required name=search_term_string\"}],\"inLanguage\":\"hu-HU\"},{\"@type\":\"WebPage\",\"@id\":\"https:\/\/www.venusmed.at\/hu\/egeszseg\/reszleges-androgenhiany\/#webpage\",\"url\":\"https:\/\/www.venusmed.at\/hu\/egeszseg\/reszleges-androgenhiany\/\",\"name\":\"R\\u00e9szleges Androg\\u00e9nhi\\u00e1ny | a VenusMed B\\u00e9csben\",\"isPartOf\":{\"@id\":\"https:\/\/www.venusmed.at\/#website\"},\"datePublished\":\"2020-09-21T13:55:21+00:00\",\"dateModified\":\"2020-10-06T14:46:47+00:00\",\"description\":\"PADAM tan\\u00e1csad\\u00e1s a VenusMed B\\u00e9csben. A parci\\u00e1lis androg\\u00e9nhi\\u00e1ny t\\u00fcnetei az \\u00f6reged\\u0151 f\\u00e9rfiakn\\u00e1l f\\u00e9rfiakn\\u00e1l \\\"menopauza\\\" n\\u00e9ven is ismertek.\",\"breadcrumb\":{\"@id\":\"https:\/\/www.venusmed.at\/hu\/egeszseg\/reszleges-androgenhiany\/#breadcrumb\"},\"inLanguage\":\"hu-HU\",\"potentialAction\":[{\"@type\":\"ReadAction\",\"target\":[\"https:\/\/www.venusmed.at\/hu\/egeszseg\/reszleges-androgenhiany\/\"]}]},{\"@type\":\"BreadcrumbList\",\"@id\":\"https:\/\/www.venusmed.at\/hu\/egeszseg\/reszleges-androgenhiany\/#breadcrumb\",\"itemListElement\":[{\"@type\":\"ListItem\",\"position\":1,\"name\":\"Startseite\",\"item\":\"http:\/\/www.venusmed.at\/\"},{\"@type\":\"ListItem\",\"position\":2,\"name\":\"Eg\\u00e9szs\\u00e9g\",\"item\":\"http:\/\/www.venusmed.at\/gesundheit\/\"},{\"@type\":\"ListItem\",\"position\":3,\"name\":\"R\\u00e9szleges Androg\\u00e9nhi\\u00e1ny\"}]}]}<\/script>\n<!-- \/ Yoast SEO plugin. -->","_links":{"self":[{"href":"https:\/\/www.venusmed.at\/hu\/wp-json\/wp\/v2\/pages\/10479"}],"collection":[{"href":"https:\/\/www.venusmed.at\/hu\/wp-json\/wp\/v2\/pages"}],"about":[{"href":"https:\/\/www.venusmed.at\/hu\/wp-json\/wp\/v2\/types\/page"}],"author":[{"embeddable":true,"href":"https:\/\/www.venusmed.at\/hu\/wp-json\/wp\/v2\/users\/2"}],"replies":[{"embeddable":true,"href":"https:\/\/www.venusmed.at\/hu\/wp-json\/wp\/v2\/comments?post=10479"}],"version-history":[{"count":1,"href":"https:\/\/www.venusmed.at\/hu\/wp-json\/wp\/v2\/pages\/10479\/revisions"}],"predecessor-version":[{"id":10667,"href":"https:\/\/www.venusmed.at\/hu\/wp-json\/wp\/v2\/pages\/10479\/revisions\/10667"}],"up":[{"embeddable":true,"href":"https:\/\/www.venusmed.at\/hu\/wp-json\/wp\/v2\/pages\/10423"}],"wp:attachment":[{"href":"https:\/\/www.venusmed.at\/hu\/wp-json\/wp\/v2\/media?parent=10479"}],"curies":[{"name":"wp","href":"https:\/\/api.w.org\/{rel}","templated":true}]}}