{"id":10499,"date":"2020-09-22T08:37:34","date_gmt":"2020-09-22T08:37:34","guid":{"rendered":"http:\/\/www.venusmed.at\/terhesseg\/akupunktura\/"},"modified":"2020-10-06T14:39:40","modified_gmt":"2020-10-06T14:39:40","slug":"akupunktura","status":"publish","type":"page","link":"https:\/\/www.venusmed.at\/hu\/terhesseg\/akupunktura\/","title":{"rendered":"Akupunkt\u00fara"},"content":{"rendered":"<p><div class=\"fusion-fullwidth fullwidth-box fusion-builder-row-1 nonhundred-percent-fullwidth non-hundred-percent-height-scrolling\" style=\"background-color: rgba(255,255,255,0);background-position: center center;background-repeat: no-repeat;padding-top:0px;padding-right:0px;padding-bottom:0px;padding-left:0px;margin-bottom: 0px;margin-top: 0px;border-width: 0px 0px 0px 0px;border-color:#e2e2e2;border-style:solid;\" ><div class=\"fusion-builder-row fusion-row\"><div class=\"fusion-layout-column fusion_builder_column fusion-builder-column-0 fusion_builder_column_1_1 1_1 fusion-one-full fusion-column-first fusion-column-last\" style=\"margin-top:0px;margin-bottom:20px;\"><div class=\"fusion-column-wrapper fusion-flex-column-wrapper-legacy\" style=\"background-position:left top;background-repeat:no-repeat;-webkit-background-size:cover;-moz-background-size:cover;-o-background-size:cover;background-size:cover;padding: 0px 0px 0px 0px;\"><div class=\"fusion-text fusion-text-1\"><p>Az akupunkt\u00fara egy holisztikus ter\u00e1piaforma ami nem csak helyileg, a kezelt testfel\u00fclet stimul\u00e1l\u00e1s\u00e1val fejti ki hat\u00e1s\u00e1t, de a testre \u00e9s l\u00e9lekre egyar\u00e1nt j\u00f3t\u00e9kony hat\u00e1ssal van. A szervezet kiegyens\u00falyozatlan m\u0171k\u00f6d\u00e9s\u00e9t p\u00e1r kezel\u00e9s ut\u00e1n\u00a0harm\u00f3ni\u00e1ba hozza.<\/p>\n<\/div><div class=\"fusion-text fusion-text-2\"><p>A terhess\u00e9g kezdet\u00e9t\u0151l a sz\u00fclet\u00e9s pillanat\u00e1ig jelen l\u00e9v\u0151\u00a0kellemetlen \u00e9rz\u00e9s is enyh\u00edthet\u0151 az akupunkt\u00far\u00e1val. Egyar\u00e1nt aj\u00e1nlott h\u00e1nyinger, der\u00e9kf\u00e1j\u00e1s \u00e9s k\u00f6zvetlen\u00fcl sz\u00fcl\u00e9s el\u0151tt.<\/p>\n<\/div><div class=\"fusion-clearfix\"><\/div><\/div><\/div><\/div><\/div><div class=\"fusion-fullwidth fullwidth-box fusion-builder-row-2 nonhundred-percent-fullwidth non-hundred-percent-height-scrolling fusion-no-small-visibility\" style=\"background-color: rgba(255,255,255,0);background-position: center center;background-repeat: no-repeat;padding-top:0px;padding-right:0px;padding-bottom:0px;padding-left:0px;margin-bottom: 0px;margin-top: 0px;border-width: 0px 0px 0px 0px;border-color:#e2e2e2;border-style:solid;\" ><div class=\"fusion-builder-row fusion-row\"><div class=\"fusion-layout-column fusion_builder_column fusion-builder-column-1 fusion_builder_column_1_1 1_1 fusion-one-full fusion-column-first fusion-column-last\" style=\"margin-top:0px;margin-bottom:0px;\"><div class=\"fusion-column-wrapper fusion-flex-column-wrapper-legacy\" style=\"background-position:left top;background-repeat:no-repeat;-webkit-background-size:cover;-moz-background-size:cover;-o-background-size:cover;background-size:cover;padding: 0px 0px 0px 0px;\"><div class=\"fusion-sep-clear\"><\/div><div class=\"fusion-separator fusion-has-icon\" style=\"margin-left: auto;margin-right: auto;margin-top:40px;margin-bottom:60px;width:100%;max-width:70%;\"><div class=\"fusion-separator-border sep-single sep-solid\" style=\"border-color:#e5a772;border-top-width:1px;\"><\/div><span class=\"icon-wrapper\" style=\"border-color:transparent;font-size:16px;width: 1.75em; height: 1.75em;border-width:1px;padding:1px;margin-top:-0.5px\"><i class=\"fa-dot-circle fas\" style=\"font-size: inherit;color:#e5a772;\" aria-hidden=\"true\"><\/i><\/span><div class=\"fusion-separator-border sep-single sep-solid\" style=\"border-color:#e5a772;border-top-width:1px;\"><\/div><\/div><div class=\"fusion-sep-clear\"><\/div><style type=\"text\/css\"><\/style><div class=\"fusion-title title fusion-title-1 fusion-sep-none fusion-title-text fusion-title-size-two\" style=\"margin-top:10px;margin-right:0px;margin-bottom:15px;margin-left:0px;\"><h2 class=\"title-heading-left\" style=\"margin:0;\">Az akupunkt\u00far\u00e1s k\u00f6lts\u00e9gek terhess\u00e9g alatt<\/h2><\/div>\n<div class=\"table-2\">\n<table width=\"100%\">\n<thead>\n<tr>\n<th align=\"left\">Szolg\u00e1ltat\u00e1s<\/th>\n<th align=\"left\">\u00c1ra<\/th>\n<\/tr>\n<\/thead>\n<tbody>\n<tr>\n<td align=\"left\">Kezdeti kezel\u00e9s besz\u00e9lget\u00e9ssel<\/td>\n<td align=\"left\">50 \u20ac<\/td>\n<\/tr>\n<tr>\n<td align=\"left\">Az akupunkt\u00far\u00e1s kezel\u00e9s ut\u00f3lagos megbesz\u00e9l\u00e9se<\/td>\n<td align=\"left\">35 \u20ac<\/td>\n<\/tr>\n<\/tbody>\n<\/table>\n<\/div>\n<div class=\"fusion-sep-clear\"><\/div><div class=\"fusion-separator fusion-full-width-sep\" style=\"margin-left: auto;margin-right: auto;margin-top:20px;width:100%;\"><\/div><div class=\"fusion-sep-clear\"><\/div><div class=\"fusion-text fusion-text-3\"><p>Term\u00e9szetesen elfogadunk k\u00e9szp\u00e9nz, bankk\u00e1rtya (Maestro) vagy hitelk\u00e1rty\u00e1s befizet\u00e9st.<\/p>\n<\/div><div class=\"fusion-clearfix\"><\/div><\/div><\/div><\/div><\/div><div class=\"fusion-fullwidth fullwidth-box fusion-builder-row-3 nonhundred-percent-fullwidth non-hundred-percent-height-scrolling fusion-no-medium-visibility fusion-no-large-visibility\" style=\"background-color: rgba(255,255,255,0);background-position: center center;background-repeat: no-repeat;padding-top:0px;padding-right:0px;padding-bottom:0px;padding-left:0px;margin-bottom: 0px;margin-top: 0px;border-width: 0px 0px 0px 0px;border-color:#e2e2e2;border-style:solid;\" ><div class=\"fusion-builder-row fusion-row\"><div class=\"fusion-layout-column fusion_builder_column fusion-builder-column-2 fusion_builder_column_1_1 1_1 fusion-one-full fusion-column-first fusion-column-last\" style=\"margin-top:0px;margin-bottom:0px;\"><div class=\"fusion-column-wrapper fusion-flex-column-wrapper-legacy\" style=\"background-position:left top;background-repeat:no-repeat;-webkit-background-size:cover;-moz-background-size:cover;-o-background-size:cover;background-size:cover;padding: 0px 0px 0px 0px;\"><div class=\"fusion-sep-clear\"><\/div><div class=\"fusion-separator fusion-has-icon\" style=\"margin-left: auto;margin-right: auto;margin-top:40px;margin-bottom:60px;width:100%;max-width:70%;\"><div class=\"fusion-separator-border sep-single sep-solid\" style=\"border-color:#e5a772;border-top-width:1px;\"><\/div><span class=\"icon-wrapper\" style=\"border-color:transparent;font-size:16px;width: 1.75em; height: 1.75em;border-width:1px;padding:1px;margin-top:-0.5px\"><i class=\"fa-dot-circle fas\" style=\"font-size: inherit;color:#e5a772;\" aria-hidden=\"true\"><\/i><\/span><div class=\"fusion-separator-border sep-single sep-solid\" style=\"border-color:#e5a772;border-top-width:1px;\"><\/div><\/div><div class=\"fusion-sep-clear\"><\/div><div class=\"fusion-clearfix\"><\/div><\/div><\/div><div class=\"fusion-layout-column fusion_builder_column fusion-builder-column-3 fusion_builder_column_1_1 1_1 fusion-one-full fusion-column-first fusion-column-last\" style=\"margin-top:0px;margin-bottom:0px;\"><div class=\"fusion-column-wrapper fusion-flex-column-wrapper-legacy\" style=\"background-position:left top;background-repeat:no-repeat;-webkit-background-size:cover;-moz-background-size:cover;-o-background-size:cover;background-size:cover;border-radius:5px 5px 0px 0px;background-color:#e5a772;border-radius:5px 5px 0px 0px;overflow:hidden;padding: 10px 10px 10px 10px;\"><style type=\"text\/css\"><\/style><div class=\"fusion-title title fusion-title-2 fusion-sep-none fusion-title-center fusion-title-text fusion-title-size-two\" style=\"font-size:24px;margin-top:10px;margin-right:0px;margin-bottom:15px;margin-left:0px;\"><h2 class=\"title-heading-center\" style=\"margin:0;font-size:1em;color:#ffffff;\">Az akupunkt\u00far\u00e1s k\u00f6lts\u00e9gek terhess\u00e9g alatt<\/h2><\/div><div class=\"fusion-clearfix\"><\/div><\/div><\/div><div class=\"fusion-layout-column fusion_builder_column fusion-builder-column-4 fusion_builder_column_1_1 1_1 fusion-one-full fusion-column-first fusion-column-last\" style=\"margin-top:0px;margin-bottom:20px;\"><div class=\"fusion-column-wrapper fusion-flex-column-wrapper-legacy\" style=\"background-position:left top;background-repeat:no-repeat;-webkit-background-size:cover;-moz-background-size:cover;-o-background-size:cover;background-size:cover;border-radius:0px 0px 5px 5px;background-color:#f6f6f6;border-radius:0px 0px 5px 5px;overflow:hidden;padding: 20px 20px 0px 20px;\"><div class=\"fusion-text fusion-text-4\"><p>Kezdeti kezel\u00e9s besz\u00e9lget\u00e9ssel<br \/>\n<strong>\u00c1ra:<\/strong> 50 \u20ac<\/p>\n<hr \/>\n<p>Az akupunkt\u00far\u00e1s kezel\u00e9s ut\u00f3lagos megbesz\u00e9l\u00e9se<br \/>\n<strong>\u00c1ra:<\/strong> 35 \u20ac<\/p>\n<\/div><div class=\"fusion-clearfix\"><\/div><\/div><\/div><div class=\"fusion-layout-column fusion_builder_column fusion-builder-column-5 fusion_builder_column_1_1 1_1 fusion-one-full fusion-column-first fusion-column-last\" style=\"margin-top:0px;margin-bottom:0px;\"><div class=\"fusion-column-wrapper fusion-flex-column-wrapper-legacy\" style=\"background-position:left top;background-repeat:no-repeat;-webkit-background-size:cover;-moz-background-size:cover;-o-background-size:cover;background-size:cover;padding: 0px 0px 0px 0px;\"><div class=\"fusion-sep-clear\"><\/div><div class=\"fusion-separator fusion-full-width-sep\" style=\"margin-left: auto;margin-right: auto;margin-top:10px;width:100%;\"><\/div><div class=\"fusion-sep-clear\"><\/div><div class=\"fusion-text fusion-text-5\"><p>Term\u00e9szetesen elfogadunk k\u00e9szp\u00e9nz, bankk\u00e1rtya (Maestro) vagy hitelk\u00e1rty\u00e1s befizet\u00e9st.<\/p>\n<\/div><div class=\"fusion-clearfix\"><\/div><\/div><\/div><\/div><\/div><\/p>\n","protected":false},"excerpt":{"rendered":"","protected":false},"author":2,"featured_media":0,"parent":10431,"menu_order":0,"comment_status":"closed","ping_status":"closed","template":"","meta":[],"yoast_head":"<!-- This site is optimized with the Yoast SEO plugin v16.5 - https:\/\/yoast.com\/wordpress\/plugins\/seo\/ -->\n<title>Akupunkt\u00fara Kezel\u00e9s K\u00f6zvetlen Sz\u00fcl\u00e9s El\u0151tt a VenusMed Klinik\u00e1n<\/title>\n<meta name=\"description\" content=\"Akupunkt\u00fara seg\u00edts\u00e9g\u00e9vel enyh\u00edthet\u0151 a terhess\u00e9g kezdet\u00e9t\u0151l a sz\u00fcl\u00e9s pillanat\u00e1ig jelen l\u00e9v\u0151 kellemetlen \u00e9rz\u00e9s a VenusMed b\u00e9csi klinik\u00e1j\u00e1n.\" \/>\n<meta name=\"robots\" content=\"index, follow, max-snippet:-1, max-image-preview:large, max-video-preview:-1\" \/>\n<link rel=\"canonical\" href=\"https:\/\/www.venusmed.at\/hu\/terhesseg\/akupunktura\/\" \/>\n<meta property=\"og:locale\" content=\"hu_HU\" \/>\n<meta property=\"og:type\" content=\"article\" \/>\n<meta property=\"og:title\" content=\"Akupunkt\u00fara Kezel\u00e9s K\u00f6zvetlen Sz\u00fcl\u00e9s El\u0151tt a VenusMed Klinik\u00e1n\" \/>\n<meta property=\"og:description\" content=\"Akupunkt\u00fara seg\u00edts\u00e9g\u00e9vel enyh\u00edthet\u0151 a terhess\u00e9g kezdet\u00e9t\u0151l a sz\u00fcl\u00e9s pillanat\u00e1ig jelen l\u00e9v\u0151 kellemetlen \u00e9rz\u00e9s a VenusMed b\u00e9csi klinik\u00e1j\u00e1n.\" \/>\n<meta property=\"og:url\" content=\"https:\/\/www.venusmed.at\/hu\/terhesseg\/akupunktura\/\" \/>\n<meta property=\"og:site_name\" content=\"VenusMed \u2013 Zentrum f\u00fcr Sexualmedizin\" \/>\n<meta property=\"article:modified_time\" content=\"2020-10-06T14:39:40+00:00\" \/>\n<meta name=\"twitter:card\" content=\"summary_large_image\" \/>\n<meta name=\"twitter:label1\" content=\"Est. reading time\" \/>\n\t<meta name=\"twitter:data1\" content=\"13 minutes\" \/>\n<script type=\"application\/ld+json\" class=\"yoast-schema-graph\">{\"@context\":\"https:\/\/schema.org\",\"@graph\":[{\"@type\":\"WebSite\",\"@id\":\"https:\/\/www.venusmed.at\/#website\",\"url\":\"https:\/\/www.venusmed.at\/\",\"name\":\"VenusMed \\u2013 Zentrum f\\u00fcr Sexualmedizin\",\"description\":\"VenusMed sind Spezialisten f\\u00fcr Sexualmedizin in Wien\",\"potentialAction\":[{\"@type\":\"SearchAction\",\"target\":\"https:\/\/www.venusmed.at\/?s={search_term_string}\",\"query-input\":\"required name=search_term_string\"}],\"inLanguage\":\"hu-HU\"},{\"@type\":\"WebPage\",\"@id\":\"https:\/\/www.venusmed.at\/hu\/terhesseg\/akupunktura\/#webpage\",\"url\":\"https:\/\/www.venusmed.at\/hu\/terhesseg\/akupunktura\/\",\"name\":\"Akupunkt\\u00fara Kezel\\u00e9s K\\u00f6zvetlen Sz\\u00fcl\\u00e9s El\\u0151tt a VenusMed Klinik\\u00e1n\",\"isPartOf\":{\"@id\":\"https:\/\/www.venusmed.at\/#website\"},\"datePublished\":\"2020-09-22T08:37:34+00:00\",\"dateModified\":\"2020-10-06T14:39:40+00:00\",\"description\":\"Akupunkt\\u00fara seg\\u00edts\\u00e9g\\u00e9vel enyh\\u00edthet\\u0151 a terhess\\u00e9g kezdet\\u00e9t\\u0151l a sz\\u00fcl\\u00e9s pillanat\\u00e1ig jelen l\\u00e9v\\u0151 kellemetlen \\u00e9rz\\u00e9s a VenusMed b\\u00e9csi klinik\\u00e1j\\u00e1n.\",\"breadcrumb\":{\"@id\":\"https:\/\/www.venusmed.at\/hu\/terhesseg\/akupunktura\/#breadcrumb\"},\"inLanguage\":\"hu-HU\",\"potentialAction\":[{\"@type\":\"ReadAction\",\"target\":[\"https:\/\/www.venusmed.at\/hu\/terhesseg\/akupunktura\/\"]}]},{\"@type\":\"BreadcrumbList\",\"@id\":\"https:\/\/www.venusmed.at\/hu\/terhesseg\/akupunktura\/#breadcrumb\",\"itemListElement\":[{\"@type\":\"ListItem\",\"position\":1,\"name\":\"Startseite\",\"item\":\"http:\/\/www.venusmed.at\/\"},{\"@type\":\"ListItem\",\"position\":2,\"name\":\"Terhess\\u00e9g\",\"item\":\"http:\/\/www.venusmed.at\/schwangerschaft\/\"},{\"@type\":\"ListItem\",\"position\":3,\"name\":\"Akupunkt\\u00fara\"}]}]}<\/script>\n<!-- \/ Yoast SEO plugin. -->","_links":{"self":[{"href":"https:\/\/www.venusmed.at\/hu\/wp-json\/wp\/v2\/pages\/10499"}],"collection":[{"href":"https:\/\/www.venusmed.at\/hu\/wp-json\/wp\/v2\/pages"}],"about":[{"href":"https:\/\/www.venusmed.at\/hu\/wp-json\/wp\/v2\/types\/page"}],"author":[{"embeddable":true,"href":"https:\/\/www.venusmed.at\/hu\/wp-json\/wp\/v2\/users\/2"}],"replies":[{"embeddable":true,"href":"https:\/\/www.venusmed.at\/hu\/wp-json\/wp\/v2\/comments?post=10499"}],"version-history":[{"count":2,"href":"https:\/\/www.venusmed.at\/hu\/wp-json\/wp\/v2\/pages\/10499\/revisions"}],"predecessor-version":[{"id":10652,"href":"https:\/\/www.venusmed.at\/hu\/wp-json\/wp\/v2\/pages\/10499\/revisions\/10652"}],"up":[{"embeddable":true,"href":"https:\/\/www.venusmed.at\/hu\/wp-json\/wp\/v2\/pages\/10431"}],"wp:attachment":[{"href":"https:\/\/www.venusmed.at\/hu\/wp-json\/wp\/v2\/media?parent=10499"}],"curies":[{"name":"wp","href":"https:\/\/api.w.org\/{rel}","templated":true}]}}