{"id":10508,"date":"2020-09-22T10:54:58","date_gmt":"2020-09-22T10:54:58","guid":{"rendered":"http:\/\/www.venusmed.at\/szexualitas\/parkapcsolat-es-vagy-szexualterapia-becsben\/"},"modified":"2020-10-07T08:13:59","modified_gmt":"2020-10-07T08:13:59","slug":"parkapcsolat-es-vagy-szexualterapia-becsben","status":"publish","type":"page","link":"https:\/\/www.venusmed.at\/hu\/szexualitas\/parkapcsolat-es-vagy-szexualterapia-becsben\/","title":{"rendered":"P\u00e1rkapcsolat \u00e9s V\u00e1gy Szexu\u00e1lter\u00e1pia B\u00e9csben"},"content":{"rendered":"<p><div class=\"fusion-fullwidth fullwidth-box fusion-builder-row-1 nonhundred-percent-fullwidth non-hundred-percent-height-scrolling\" style=\"background-color: rgba(255,255,255,0);background-position: center center;background-repeat: no-repeat;padding-top:0px;padding-right:0px;padding-bottom:0px;padding-left:0px;margin-bottom: 0px;margin-top: 0px;border-width: 0px 0px 0px 0px;border-color:#e2e2e2;border-style:solid;\" ><div class=\"fusion-builder-row fusion-row\"><div class=\"fusion-layout-column fusion_builder_column fusion-builder-column-0 fusion_builder_column_1_1 1_1 fusion-one-full fusion-column-first fusion-column-last\" style=\"margin-top:0px;margin-bottom:0px;\"><div class=\"fusion-column-wrapper fusion-flex-column-wrapper-legacy\" style=\"background-position:left top;background-repeat:no-repeat;-webkit-background-size:cover;-moz-background-size:cover;-o-background-size:cover;background-size:cover;padding: 0px 0px 0px 0px;\"><div class=\"fusion-text fusion-text-1\"><p>A b\u00e9csi VenusMed p\u00e1rkapcsolat \u00e9s v\u00e1gy\u00a0szexu\u00e1lter\u00e1pi\u00e1ja p\u00e1roknak \u00e9s egyed\u00fcl\u00e1ll\u00f3knak lett kialak\u00edtva.<\/p>\n<p>Egyr\u00e9szt v\u00e1gyik a kapcsolatra? M\u00e1sr\u00e9szt azonban f\u00e9l a csal\u00f3d\u00e1st\u00f3l \u00e9s nehezen adja fel a f\u00fcggetlens\u00e9g\u00e9t? Leterheli \u00d6nt a dilemma \u00e9s szeretne v\u00e9gre tiszt\u00e1n l\u00e1tni a k\u00e9rd\u00e9sben?<\/p>\n<\/div><div class=\"fusion-text fusion-text-2\"><p style=\"border: 1px solid #868fc5; border-radius: 5px; background: rgba(134,143,197,0.15); padding: 1em; text-align: center;\"><em>K\u00f6nnyed\u00e9n megbesz\u00e9lhet <strong>id\u0151pontot<\/strong> a b\u00e9csi VenusMed-en a <a href=\"tel:+4318908070\">+43 1 890 80 70,<\/a>\u00a0<strong>telefonsz\u00e1mon<\/strong>, az <a href=\"mailto:info@venusmed.at\">info@venusmed.at<\/a> <strong>e-mail<\/strong> c\u00edmen vagy az al\u00e1bbi <a href=\"#kontakt\"><strong>kapcsolatfelv\u00e9teli \u0171rlap<\/strong><\/a>\u00a0seg\u00edts\u00e9g\u00e9vel. Id\u0151pontokat is adunk r\u00f6vid id\u0151n bel\u00fcl!<\/em><\/p>\n<\/div>\n<div class=\"fusion-text fusion-text-3\"><p>Egy\u00e9ni-, p\u00e1r- \u00e9s csoportfoglalkoz\u00e1sokon seg\u00edt\u00fcnk a dilemma felold\u00e1s\u00e1ban \u00e9s az ide\u00e1lis \u00fat megtal\u00e1l\u00e1s\u00e1ban. F\u00fcggetlens\u00e9g fanatikusok \u00e9s megr\u00f6gz\u00f6tt szingliknek nem aj\u00e1nlott. P\u00e1rkapcsolat \u00e9s v\u00e1gy\u00a0ter\u00e1pi\u00e1t olyan f\u00e9rfiaknak \u00e9s n\u0151knek aj\u00e1nljuk, akik nem \u00e9rzik j\u00f3l magukat a szingli szerepk\u00f6rben, vagy gyakran eleg\u00fck van m\u00e1r a f\u00fcggetlens\u00e9gb\u0151l \u00e9s v\u00e1gynak a tartalmas p\u00e1rkapcsolatra, ugyanakkor f\u00e9lnek az elk\u00f6telezetts\u00e9gekt\u0151l.<\/p>\n<\/div><div class=\"fusion-clearfix\"><\/div><\/div><\/div><\/div><\/div><div class=\"fusion-fullwidth fullwidth-box fusion-builder-row-2 nonhundred-percent-fullwidth non-hundred-percent-height-scrolling fusion-no-small-visibility\" style=\"background-color: rgba(255,255,255,0);background-position: center center;background-repeat: no-repeat;padding-top:0px;padding-right:0px;padding-bottom:0px;padding-left:0px;margin-bottom: 0px;margin-top: 0px;border-width: 0px 0px 0px 0px;border-color:#e2e2e2;border-style:solid;\" ><div class=\"fusion-builder-row fusion-row\"><div class=\"fusion-layout-column fusion_builder_column fusion-builder-column-1 fusion_builder_column_1_1 1_1 fusion-one-full fusion-column-first fusion-column-last\" style=\"margin-top:0px;margin-bottom:0px;\"><div class=\"fusion-column-wrapper fusion-flex-column-wrapper-legacy\" style=\"background-position:left top;background-repeat:no-repeat;-webkit-background-size:cover;-moz-background-size:cover;-o-background-size:cover;background-size:cover;padding: 0px 0px 0px 0px;\"><div class=\"fusion-sep-clear\"><\/div><div class=\"fusion-separator fusion-has-icon\" style=\"margin-left: auto;margin-right: auto;margin-top:40px;margin-bottom:60px;width:100%;max-width:70%;\"><div class=\"fusion-separator-border sep-single sep-solid\" style=\"border-color:#868fc5;border-top-width:1px;\"><\/div><span class=\"icon-wrapper\" style=\"border-color:transparent;font-size:16px;width: 1.75em; height: 1.75em;border-width:1px;padding:1px;margin-top:-0.5px\"><i class=\"fa-heart fas\" style=\"font-size: inherit;color:#868fc5;\" aria-hidden=\"true\"><\/i><\/span><div class=\"fusion-separator-border sep-single sep-solid\" style=\"border-color:#868fc5;border-top-width:1px;\"><\/div><\/div><div class=\"fusion-sep-clear\"><\/div><style type=\"text\/css\"><\/style><div class=\"fusion-title title fusion-title-1 fusion-sep-none fusion-title-text fusion-title-size-two\" style=\"margin-top:10px;margin-right:0px;margin-bottom:15px;margin-left:0px;\"><h2 class=\"title-heading-left\" style=\"margin:0;\">Tan\u00e1csad\u00e1s k\u00f6lts\u00e9gei<\/h2><\/div>\n<div class=\"table-2\">\n<table width=\"100%\">\n<thead>\n<tr>\n<th align=\"left\">Szolg\u00e1ltat\u00e1s<\/th>\n<th align=\"left\">\u00c1ra<\/th>\n<\/tr>\n<\/thead>\n<tbody>\n<tr>\n<td align=\"left\">Egy\u00e9ni szexu\u00e1lter\u00e1pi\u00e1s tan\u00e1csad\u00e1s (50 perces)<\/td>\n<td align=\"left\">95 \u20ac\/f\u0151<\/td>\n<\/tr>\n<\/tbody>\n<\/table>\n<\/div>\n<div class=\"fusion-sep-clear\"><\/div><div class=\"fusion-separator fusion-full-width-sep\" style=\"margin-left: auto;margin-right: auto;margin-top:20px;width:100%;\"><\/div><div class=\"fusion-sep-clear\"><\/div><div class=\"fusion-text fusion-text-4\"><div class=\"fusion-fullwidth fullwidth-box fusion-builder-row-1 gesundheit hundred-percent-fullwidth non-hundred-percent-height-scrolling\">\n<div class=\"fusion-builder-row fusion-row\">\n<div class=\"fusion-layout-column fusion_builder_column fusion-builder-column-0 fusion_builder_column_1_1 1_1 fusion-one-full fusion-column-first fusion-column-last\">\n<div class=\"fusion-column-wrapper fusion-flex-column-wrapper-legacy\">\n<div class=\"fusion-content-tb fusion-content-tb-1\">\n<div class=\"fusion-fullwidth fullwidth-box fusion-builder-row-1-2 nonhundred-percent-fullwidth non-hundred-percent-height-scrolling fusion-no-small-visibility\">\n<div class=\"fusion-builder-row fusion-row\">\n<div class=\"fusion-layout-column fusion_builder_column fusion-builder-column-2 fusion_builder_column_1_1 1_1 fusion-one-full fusion-column-first fusion-column-last\">\n<div class=\"fusion-column-wrapper fusion-flex-column-wrapper-legacy\">\n<div class=\"fusion-text fusion-text-4\">\n<p>Term\u00e9szetesen k\u00e9szp\u00e9nzt, bet\u00e9ti (Maestro) vagy hitelk\u00e1rty\u00e1t fogadunk el.<\/p>\n<\/div>\n<\/div>\n<\/div>\n<\/div>\n<\/div>\n<\/div>\n<\/div>\n<\/div>\n<\/div>\n<\/div>\n<\/div><div class=\"fusion-clearfix\"><\/div><\/div><\/div><\/div><\/div><div class=\"fusion-fullwidth fullwidth-box fusion-builder-row-3 nonhundred-percent-fullwidth non-hundred-percent-height-scrolling fusion-no-medium-visibility fusion-no-large-visibility\" style=\"background-color: rgba(255,255,255,0);background-position: center center;background-repeat: no-repeat;padding-top:0px;padding-right:0px;padding-bottom:0px;padding-left:0px;margin-bottom: 0px;margin-top: 0px;border-width: 0px 0px 0px 0px;border-color:#e2e2e2;border-style:solid;\" ><div class=\"fusion-builder-row fusion-row\"><div class=\"fusion-layout-column fusion_builder_column fusion-builder-column-2 fusion_builder_column_1_1 1_1 fusion-one-full fusion-column-first fusion-column-last\" style=\"margin-top:0px;margin-bottom:0px;\"><div class=\"fusion-column-wrapper fusion-flex-column-wrapper-legacy\" style=\"background-position:left top;background-repeat:no-repeat;-webkit-background-size:cover;-moz-background-size:cover;-o-background-size:cover;background-size:cover;padding: 0px 0px 0px 0px;\"><div class=\"fusion-sep-clear\"><\/div><div class=\"fusion-separator fusion-has-icon\" style=\"margin-left: auto;margin-right: auto;margin-top:40px;margin-bottom:60px;width:100%;max-width:70%;\"><div class=\"fusion-separator-border sep-single sep-solid\" style=\"border-color:#868fc5;border-top-width:1px;\"><\/div><span class=\"icon-wrapper\" style=\"border-color:transparent;font-size:16px;width: 1.75em; height: 1.75em;border-width:1px;padding:1px;margin-top:-0.5px\"><i class=\"fa-heart fas\" style=\"font-size: inherit;color:#868fc5;\" aria-hidden=\"true\"><\/i><\/span><div class=\"fusion-separator-border sep-single sep-solid\" style=\"border-color:#868fc5;border-top-width:1px;\"><\/div><\/div><div class=\"fusion-sep-clear\"><\/div><div class=\"fusion-clearfix\"><\/div><\/div><\/div><div class=\"fusion-layout-column fusion_builder_column fusion-builder-column-3 fusion_builder_column_1_1 1_1 fusion-one-full fusion-column-first fusion-column-last\" style=\"margin-top:0px;margin-bottom:0px;\"><div class=\"fusion-column-wrapper fusion-flex-column-wrapper-legacy\" style=\"background-position:left top;background-repeat:no-repeat;-webkit-background-size:cover;-moz-background-size:cover;-o-background-size:cover;background-size:cover;border-radius:5px 5px 0px 0px;background-color:#868fc5;border-radius:5px 5px 0px 0px;overflow:hidden;padding: 10px 10px 10px 10px;\"><style type=\"text\/css\"><\/style><div class=\"fusion-title title fusion-title-2 fusion-sep-none fusion-title-center fusion-title-text fusion-title-size-two\" style=\"font-size:24px;margin-top:10px;margin-right:0px;margin-bottom:15px;margin-left:0px;\"><h2 class=\"title-heading-center\" style=\"margin:0;font-size:1em;color:#ffffff;\">Tan\u00e1csad\u00e1s k\u00f6lts\u00e9gei<\/h2><\/div><div class=\"fusion-clearfix\"><\/div><\/div><\/div><div class=\"fusion-layout-column fusion_builder_column fusion-builder-column-4 fusion_builder_column_1_1 1_1 fusion-one-full fusion-column-first fusion-column-last\" style=\"margin-top:0px;margin-bottom:20px;\"><div class=\"fusion-column-wrapper fusion-flex-column-wrapper-legacy\" style=\"background-position:left top;background-repeat:no-repeat;-webkit-background-size:cover;-moz-background-size:cover;-o-background-size:cover;background-size:cover;border-radius:0px 0px 5px 5px;background-color:#f6f6f6;border-radius:0px 0px 5px 5px;overflow:hidden;padding: 20px 20px 0px 20px;\"><div class=\"fusion-text fusion-text-5\"><p>Egy\u00e9ni szexu\u00e1lter\u00e1pi\u00e1s tan\u00e1csad\u00e1s (50 perces)<br \/>\n<strong>\u00c1ra:<\/strong> 95 \u20ac\/f\u0151<\/p>\n<\/div><div class=\"fusion-clearfix\"><\/div><\/div><\/div><div class=\"fusion-layout-column fusion_builder_column fusion-builder-column-5 fusion_builder_column_1_1 1_1 fusion-one-full fusion-column-first fusion-column-last\" style=\"margin-top:0px;margin-bottom:0px;\"><div class=\"fusion-column-wrapper fusion-flex-column-wrapper-legacy\" style=\"background-position:left top;background-repeat:no-repeat;-webkit-background-size:cover;-moz-background-size:cover;-o-background-size:cover;background-size:cover;padding: 0px 0px 0px 0px;\"><div class=\"fusion-sep-clear\"><\/div><div class=\"fusion-separator fusion-full-width-sep\" style=\"margin-left: auto;margin-right: auto;margin-top:10px;width:100%;\"><\/div><div class=\"fusion-sep-clear\"><\/div><div class=\"fusion-text fusion-text-6\"><div class=\"fusion-fullwidth fullwidth-box fusion-builder-row-1 gesundheit hundred-percent-fullwidth non-hundred-percent-height-scrolling\">\n<div class=\"fusion-builder-row fusion-row\">\n<div class=\"fusion-layout-column fusion_builder_column fusion-builder-column-0 fusion_builder_column_1_1 1_1 fusion-one-full fusion-column-first fusion-column-last\">\n<div class=\"fusion-column-wrapper fusion-flex-column-wrapper-legacy\">\n<div class=\"fusion-content-tb fusion-content-tb-1\">\n<div class=\"fusion-fullwidth fullwidth-box fusion-builder-row-1-2 nonhundred-percent-fullwidth non-hundred-percent-height-scrolling fusion-no-small-visibility\">\n<div class=\"fusion-builder-row fusion-row\">\n<div class=\"fusion-layout-column fusion_builder_column fusion-builder-column-2 fusion_builder_column_1_1 1_1 fusion-one-full fusion-column-first fusion-column-last\">\n<div class=\"fusion-column-wrapper fusion-flex-column-wrapper-legacy\">\n<div class=\"fusion-text fusion-text-4\">\n<p>Term\u00e9szetesen k\u00e9szp\u00e9nzt, bet\u00e9ti (Maestro) vagy hitelk\u00e1rty\u00e1t fogadunk el.<\/p>\n<\/div>\n<\/div>\n<\/div>\n<\/div>\n<\/div>\n<\/div>\n<\/div>\n<\/div>\n<\/div>\n<\/div>\n<\/div><div class=\"fusion-clearfix\"><\/div><\/div><\/div><\/div><\/div><\/p>\n","protected":false},"excerpt":{"rendered":"","protected":false},"author":2,"featured_media":0,"parent":10419,"menu_order":0,"comment_status":"closed","ping_status":"open","template":"","meta":[],"yoast_head":"<!-- This site is optimized with the Yoast SEO plugin v16.5 - https:\/\/yoast.com\/wordpress\/plugins\/seo\/ -->\n<title>P\u00e1rkapcsolat \u00e9s V\u00e1gy - Szexu\u00e1lter\u00e1pia a B\u00e9csi VenusMed Klinik\u00e1n<\/title>\n<meta name=\"description\" content=\"Szexu\u00e1lter\u00e1pia a b\u00e9csi VenusMed klinik\u00e1n: p\u00e1rkapcsolat \u00e9s v\u00e1gy ter\u00e1pi\u00e1nkat eg\u00e9szs\u00e9ges p\u00e1rkapcsolatra v\u00e1gy\u00f3 egyed\u00fcl\u00e1ll\u00f3knak aj\u00e1nljuk.\" \/>\n<meta name=\"robots\" content=\"index, follow, max-snippet:-1, max-image-preview:large, max-video-preview:-1\" \/>\n<link rel=\"canonical\" href=\"https:\/\/www.venusmed.at\/hu\/szexualitas\/parkapcsolat-es-vagy-szexualterapia-becsben\/\" \/>\n<meta property=\"og:locale\" content=\"hu_HU\" \/>\n<meta property=\"og:type\" content=\"article\" \/>\n<meta property=\"og:title\" content=\"P\u00e1rkapcsolat \u00e9s V\u00e1gy - Szexu\u00e1lter\u00e1pia a B\u00e9csi VenusMed Klinik\u00e1n\" \/>\n<meta property=\"og:description\" content=\"Szexu\u00e1lter\u00e1pia a b\u00e9csi VenusMed klinik\u00e1n: p\u00e1rkapcsolat \u00e9s v\u00e1gy ter\u00e1pi\u00e1nkat eg\u00e9szs\u00e9ges p\u00e1rkapcsolatra v\u00e1gy\u00f3 egyed\u00fcl\u00e1ll\u00f3knak aj\u00e1nljuk.\" \/>\n<meta property=\"og:url\" content=\"https:\/\/www.venusmed.at\/hu\/szexualitas\/parkapcsolat-es-vagy-szexualterapia-becsben\/\" \/>\n<meta property=\"og:site_name\" content=\"VenusMed \u2013 Zentrum f\u00fcr Sexualmedizin\" \/>\n<meta property=\"article:modified_time\" content=\"2020-10-07T08:13:59+00:00\" \/>\n<meta name=\"twitter:card\" content=\"summary_large_image\" \/>\n<meta name=\"twitter:label1\" content=\"Est. reading time\" \/>\n\t<meta name=\"twitter:data1\" content=\"14 minutes\" \/>\n<script type=\"application\/ld+json\" class=\"yoast-schema-graph\">{\"@context\":\"https:\/\/schema.org\",\"@graph\":[{\"@type\":\"WebSite\",\"@id\":\"https:\/\/www.venusmed.at\/#website\",\"url\":\"https:\/\/www.venusmed.at\/\",\"name\":\"VenusMed \\u2013 Zentrum f\\u00fcr Sexualmedizin\",\"description\":\"VenusMed sind Spezialisten f\\u00fcr Sexualmedizin in Wien\",\"potentialAction\":[{\"@type\":\"SearchAction\",\"target\":\"https:\/\/www.venusmed.at\/?s={search_term_string}\",\"query-input\":\"required name=search_term_string\"}],\"inLanguage\":\"hu-HU\"},{\"@type\":\"WebPage\",\"@id\":\"https:\/\/www.venusmed.at\/hu\/szexualitas\/parkapcsolat-es-vagy-szexualterapia-becsben\/#webpage\",\"url\":\"https:\/\/www.venusmed.at\/hu\/szexualitas\/parkapcsolat-es-vagy-szexualterapia-becsben\/\",\"name\":\"P\\u00e1rkapcsolat \\u00e9s V\\u00e1gy - Szexu\\u00e1lter\\u00e1pia a B\\u00e9csi VenusMed Klinik\\u00e1n\",\"isPartOf\":{\"@id\":\"https:\/\/www.venusmed.at\/#website\"},\"datePublished\":\"2020-09-22T10:54:58+00:00\",\"dateModified\":\"2020-10-07T08:13:59+00:00\",\"description\":\"Szexu\\u00e1lter\\u00e1pia a b\\u00e9csi VenusMed klinik\\u00e1n: p\\u00e1rkapcsolat \\u00e9s v\\u00e1gy ter\\u00e1pi\\u00e1nkat eg\\u00e9szs\\u00e9ges p\\u00e1rkapcsolatra v\\u00e1gy\\u00f3 egyed\\u00fcl\\u00e1ll\\u00f3knak aj\\u00e1nljuk.\",\"breadcrumb\":{\"@id\":\"https:\/\/www.venusmed.at\/hu\/szexualitas\/parkapcsolat-es-vagy-szexualterapia-becsben\/#breadcrumb\"},\"inLanguage\":\"hu-HU\",\"potentialAction\":[{\"@type\":\"ReadAction\",\"target\":[\"https:\/\/www.venusmed.at\/hu\/szexualitas\/parkapcsolat-es-vagy-szexualterapia-becsben\/\"]}]},{\"@type\":\"BreadcrumbList\",\"@id\":\"https:\/\/www.venusmed.at\/hu\/szexualitas\/parkapcsolat-es-vagy-szexualterapia-becsben\/#breadcrumb\",\"itemListElement\":[{\"@type\":\"ListItem\",\"position\":1,\"name\":\"Startseite\",\"item\":\"http:\/\/www.venusmed.at\/\"},{\"@type\":\"ListItem\",\"position\":2,\"name\":\"Szexualit\\u00e1s\",\"item\":\"http:\/\/www.venusmed.at\/sexualitaet\/\"},{\"@type\":\"ListItem\",\"position\":3,\"name\":\"P\\u00e1rkapcsolat \\u00e9s V\\u00e1gy Szexu\\u00e1lter\\u00e1pia B\\u00e9csben\"}]}]}<\/script>\n<!-- \/ Yoast SEO plugin. -->","_links":{"self":[{"href":"https:\/\/www.venusmed.at\/hu\/wp-json\/wp\/v2\/pages\/10508"}],"collection":[{"href":"https:\/\/www.venusmed.at\/hu\/wp-json\/wp\/v2\/pages"}],"about":[{"href":"https:\/\/www.venusmed.at\/hu\/wp-json\/wp\/v2\/types\/page"}],"author":[{"embeddable":true,"href":"https:\/\/www.venusmed.at\/hu\/wp-json\/wp\/v2\/users\/2"}],"replies":[{"embeddable":true,"href":"https:\/\/www.venusmed.at\/hu\/wp-json\/wp\/v2\/comments?post=10508"}],"version-history":[{"count":2,"href":"https:\/\/www.venusmed.at\/hu\/wp-json\/wp\/v2\/pages\/10508\/revisions"}],"predecessor-version":[{"id":10731,"href":"https:\/\/www.venusmed.at\/hu\/wp-json\/wp\/v2\/pages\/10508\/revisions\/10731"}],"up":[{"embeddable":true,"href":"https:\/\/www.venusmed.at\/hu\/wp-json\/wp\/v2\/pages\/10419"}],"wp:attachment":[{"href":"https:\/\/www.venusmed.at\/hu\/wp-json\/wp\/v2\/media?parent=10508"}],"curies":[{"name":"wp","href":"https:\/\/api.w.org\/{rel}","templated":true}]}}