{"id":10527,"date":"2020-09-22T13:51:10","date_gmt":"2020-09-22T13:51:10","guid":{"rendered":"http:\/\/www.venusmed.at\/fogamzasgatlas\/spiral-mehen-belueli-eszkoez\/"},"modified":"2020-10-07T07:30:34","modified_gmt":"2020-10-07T07:30:34","slug":"spiral-mehen-belueli-eszkoez","status":"publish","type":"page","link":"https:\/\/www.venusmed.at\/hu\/fogamzasgatlas\/spiral-mehen-belueli-eszkoez\/","title":{"rendered":"Spir\u00e1l &#8211; M\u00e9hen Bel\u00fcli Eszk\u00f6z"},"content":{"rendered":"<p><div class=\"fusion-fullwidth fullwidth-box fusion-builder-row-1 nonhundred-percent-fullwidth non-hundred-percent-height-scrolling\" style=\"background-color: rgba(255,255,255,0);background-position: center center;background-repeat: no-repeat;padding-top:0px;padding-right:0px;padding-bottom:0px;padding-left:0px;margin-bottom: 0px;margin-top: 0px;border-width: 0px 0px 0px 0px;border-color:#e2e2e2;border-style:solid;\" ><div class=\"fusion-builder-row fusion-row\"><div class=\"fusion-layout-column fusion_builder_column fusion-builder-column-0 fusion_builder_column_1_1 1_1 fusion-one-full fusion-column-first fusion-column-last\" style=\"margin-top:0px;margin-bottom:0px;\"><div class=\"fusion-column-wrapper fusion-flex-column-wrapper-legacy\" style=\"background-position:left top;background-repeat:no-repeat;-webkit-background-size:cover;-moz-background-size:cover;-o-background-size:cover;background-size:cover;padding: 0px 0px 0px 0px;\"><div class=\"fusion-text fusion-text-1\"><p>Az IUD (latin intrauterin, intra:\u00a0bels\u0151,\u00a0uterus:\u00a0m\u00e9h), a k\u00f6znyelvben spir\u00e1l egy fogamz\u00e1sg\u00e1tl\u00f3 eszk\u00f6z, amit a m\u00e9hen bel\u00fcl helyeznek el. A k\u00fcl\u00f6nb\u00f6z\u0151 t\u00edpusok hat\u00e1smechanizmusukban v\u00e1ltoznak: a klinik\u00e1n el\u00e9rhet\u0151 m\u00e9hen bel\u00fcli eszk\u00f6z\u00f6k a hagyom\u00e1nyos r\u00e9z (IUD), az arany-r\u00e9z \u00e9s a hormontartalm\u00fa spir\u00e1l, ami IUS r\u00f6vid\u00edt\u00e9ssel is ismert.<\/p>\n<\/div><div class=\"fusion-text fusion-text-2\"><p style=\"border: 1px solid #acd1a5; border-radius: 5px; background: rgba(172,209,165,0.15); padding: 1em; text-align: center;\"><em>K\u00f6nnyed\u00e9n megbesz\u00e9lhet <strong>id\u0151pontot<\/strong> a b\u00e9csi VenusMed-en a <a href=\"tel:+4318908070\">+43 1 890 80 70,<\/a>\u00a0<strong>telefonsz\u00e1mon<\/strong>, az <a href=\"mailto:info@venusmed.at\">info@venusmed.at<\/a> <strong>e-mail<\/strong> c\u00edmen vagy az al\u00e1bbi <a href=\"#kontakt\"><strong>kapcsolatfelv\u00e9teli \u0171rlap<\/strong><\/a>\u00a0seg\u00edts\u00e9g\u00e9vel. Id\u0151pontokat is adunk r\u00f6vid id\u0151n bel\u00fcl!<\/em><\/p>\n<\/div>\n<div class=\"fusion-clearfix\"><\/div><\/div><\/div><\/div><\/div><div class=\"fusion-fullwidth fullwidth-box fusion-builder-row-2 nonhundred-percent-fullwidth non-hundred-percent-height-scrolling\" style=\"background-color: rgba(255,255,255,0);background-position: center center;background-repeat: no-repeat;padding-top:0px;padding-right:0px;padding-bottom:0px;padding-left:0px;margin-bottom: 0px;margin-top: 0px;border-width: 0px 0px 0px 0px;border-color:#e2e2e2;border-style:solid;\" ><div class=\"fusion-builder-row fusion-row\"><div class=\"fusion-layout-column fusion_builder_column fusion-builder-column-1 fusion_builder_column_1_1 1_1 fusion-one-full fusion-column-first fusion-column-last\" style=\"margin-top:0px;margin-bottom:0px;\"><div class=\"fusion-column-wrapper fusion-flex-column-wrapper-legacy\" style=\"background-position:left top;background-repeat:no-repeat;-webkit-background-size:cover;-moz-background-size:cover;-o-background-size:cover;background-size:cover;padding: 0px 0px 0px 0px;\"><div class=\"fusion-sep-clear\"><\/div><div class=\"fusion-separator fusion-has-icon\" style=\"margin-left: auto;margin-right: auto;margin-top:40px;margin-bottom:60px;width:100%;max-width:70%;\"><div class=\"fusion-separator-border sep-single sep-solid\" style=\"border-color:#acd1a5;border-top-width:1px;\"><\/div><span class=\"icon-wrapper\" style=\"border-color:transparent;font-size:16px;width: 1.75em; height: 1.75em;border-width:1px;padding:1px;margin-top:-0.5px\"><i class=\"fa-leaf fas\" style=\"font-size: inherit;color:#acd1a5;\" aria-hidden=\"true\"><\/i><\/span><div class=\"fusion-separator-border sep-single sep-solid\" style=\"border-color:#acd1a5;border-top-width:1px;\"><\/div><\/div><div class=\"fusion-sep-clear\"><\/div><style type=\"text\/css\"><\/style><div class=\"fusion-title title fusion-title-1 fusion-sep-none fusion-title-text fusion-title-size-two\" style=\"margin-top:10px;margin-right:0px;margin-bottom:15px;margin-left:0px;\"><h2 class=\"title-heading-left\" style=\"margin:0;\">Hogyan m\u0171k\u00f6dik a spir\u00e1l?<\/h2><\/div><div class=\"fusion-text fusion-text-3\"><p><strong>Hormontartalm\u00fa spir\u00e1lok<\/strong>: a k\u00e9sz\u00fcl\u00e9k hormont bocs\u00e1jt ki helyileg a m\u00e9hben, g\u00e1tolja a megterm\u00e9keny\u00edtett petesejt be\u00e1gyaz\u00f3d\u00e1s\u00e1t a m\u00e9hfalba, emellett hormontartalma a pete\u00e9r\u00e9st \u00e9s a m\u00e9hny\u00e1lkah\u00e1rtya megvastagod\u00e1s\u00e1t is megg\u00e1tolja. Tov\u00e1bb\u00e1 cs\u00f6kkenti a h\u00edmivarsejt mozg\u00e9konys\u00e1g\u00e1t.<\/p>\n<p><strong>Hagyom\u00e1nyos spir\u00e1lok<\/strong>: kis mennyis\u00e9gben r\u00e9zionokat ad le. Az idegentestek cs\u00f6kkentik a spermiumok mozg\u00e9konys\u00e1g\u00e1t \u00e9s megterm\u00e9keny\u00edt\u0151 k\u00e9pess\u00e9g\u00e9t, valamint a pete be\u00e1gyaz\u00f3d\u00e1s\u00e1t a petevezet\u00e9k \u00e9s m\u00e9h k\u00f6z\u00f6tt.<\/p>\n<\/div><div class=\"fusion-clearfix\"><\/div><\/div><\/div><\/div><\/div><div class=\"fusion-fullwidth fullwidth-box fusion-builder-row-3 nonhundred-percent-fullwidth non-hundred-percent-height-scrolling fusion-no-small-visibility\" style=\"background-color: rgba(255,255,255,0);background-position: center center;background-repeat: no-repeat;padding-top:0px;padding-right:0px;padding-bottom:0px;padding-left:0px;margin-bottom: 0px;margin-top: 0px;border-width: 0px 0px 0px 0px;border-color:#e2e2e2;border-style:solid;\" ><div class=\"fusion-builder-row fusion-row\"><div class=\"fusion-layout-column fusion_builder_column fusion-builder-column-2 fusion_builder_column_1_1 1_1 fusion-one-full fusion-column-first fusion-column-last\" style=\"margin-top:0px;margin-bottom:0px;\"><div class=\"fusion-column-wrapper fusion-flex-column-wrapper-legacy\" style=\"background-position:left top;background-repeat:no-repeat;-webkit-background-size:cover;-moz-background-size:cover;-o-background-size:cover;background-size:cover;padding: 0px 0px 0px 0px;\"><div class=\"fusion-sep-clear\"><\/div><div class=\"fusion-separator fusion-has-icon\" style=\"margin-left: auto;margin-right: auto;margin-top:40px;margin-bottom:60px;width:100%;max-width:70%;\"><div class=\"fusion-separator-border sep-single sep-solid\" style=\"border-color:#acd1a5;border-top-width:1px;\"><\/div><span class=\"icon-wrapper\" style=\"border-color:transparent;font-size:16px;width: 1.75em; height: 1.75em;border-width:1px;padding:1px;margin-top:-0.5px\"><i class=\"fa-leaf fas\" style=\"font-size: inherit;color:#acd1a5;\" aria-hidden=\"true\"><\/i><\/span><div class=\"fusion-separator-border sep-single sep-solid\" style=\"border-color:#acd1a5;border-top-width:1px;\"><\/div><\/div><div class=\"fusion-sep-clear\"><\/div><style type=\"text\/css\"><\/style><div class=\"fusion-title title fusion-title-2 fusion-sep-none fusion-title-text fusion-title-size-two\" style=\"margin-top:10px;margin-right:0px;margin-bottom:15px;margin-left:0px;\"><h2 class=\"title-heading-left\" style=\"margin:0;\">Spir\u00e1l k\u00f6lts\u00e9gek<\/h2><\/div><div class=\"fusion-text fusion-text-4\"><p>A t\u00e1bl\u00e1zat a k\u00fcl\u00f6nb\u00f6z\u0151 m\u00e9hen bel\u00fcli eszk\u00f6z\u00f6k v\u00e1rhat\u00f3 \u00e1rait tartalmazza. A lehets\u00e9ges \u00e1rv\u00e1ltoz\u00e1sokr\u00f3l \u00e9s a f\u00e9lre\u00e9rt\u00e9sek elker\u00fcl\u00e9se v\u00e9gett, k\u00e9rj\u00fck, el\u0151re tudakoz\u00f3djon a term\u00e9kek \u00e9s beavatkoz\u00e1s k\u00f6lts\u00e9geir\u0151l.<\/p>\n<\/div>\n<div class=\"table-2\">\n<table width=\"100%\">\n<thead>\n<tr>\n<th align=\"left\">Megnevez\u00e9s<\/th>\n<th align=\"left\">T\u00edpus<\/th>\n<th align=\"left\">Hat\u00f3id\u0151<\/th>\n<th align=\"left\">\u00c1r<\/th>\n<\/tr>\n<\/thead>\n<tbody>\n<tr>\n<td align=\"left\">Multi-Safe 375<\/td>\n<td align=\"left\">Hagyom\u00e1nyos r\u00e9z<\/td>\n<td align=\"left\">5 \u00e9v<\/td>\n<td align=\"left\">360 \u20ac<\/td>\n<\/tr>\n<tr>\n<td align=\"left\">Multi-Safe 250<\/td>\n<td align=\"left\">Hagyom\u00e1nyos r\u00e9z<\/td>\n<td align=\"left\">3 \u00e9v<\/td>\n<td align=\"left\">360 \u20ac<\/td>\n<\/tr>\n<tr>\n<td align=\"left\">Goldspirale<\/td>\n<td align=\"left\">Arany-r\u00e9z<\/td>\n<td align=\"left\">5 \u00e9v<\/td>\n<td align=\"left\">520 \u20ac<\/td>\n<\/tr>\n<tr>\n<td align=\"left\">Gynefix<\/td>\n<td align=\"left\">Hagyom\u00e1nyos r\u00e9z,\u00a0keretmentes<\/td>\n<td align=\"left\">5 \u00e9v<\/td>\n<td align=\"left\">560 \u20ac<\/td>\n<\/tr>\n<tr>\n<td align=\"left\">Flexi-T<\/td>\n<td align=\"left\">Hagyom\u00e1nyos r\u00e9z<\/td>\n<td align=\"left\">5 \u00e9v<\/td>\n<td align=\"left\">360 \u20ac<\/td>\n<\/tr>\n<tr>\n<td align=\"left\">Mirena<\/td>\n<td align=\"left\">Hormontartalm\u00fa<\/td>\n<td align=\"left\">5 \u00e9v<\/td>\n<td align=\"left\">520 \u20ac<\/td>\n<\/tr>\n<tr>\n<td align=\"left\">Jaydess<\/td>\n<td align=\"left\">Hormontartalm\u00fa<\/td>\n<td align=\"left\">3 \u00e9v<\/td>\n<td align=\"left\">520 \u20ac<\/td>\n<\/tr>\n<\/tbody>\n<\/table>\n<\/div>\n<div class=\"fusion-sep-clear\"><\/div><div class=\"fusion-separator fusion-full-width-sep\" style=\"margin-left: auto;margin-right: auto;margin-top:20px;width:100%;\"><\/div><div class=\"fusion-sep-clear\"><\/div><div class=\"fusion-text fusion-text-5\"><p>Term\u00e9szetesen elfogadunk k\u00e9szp\u00e9nz, bankk\u00e1rtya (Maestro) vagy hitelk\u00e1rty\u00e1s befizet\u00e9st.<\/p>\n<\/div><div class=\"fusion-clearfix\"><\/div><\/div><\/div><\/div><\/div><div class=\"fusion-fullwidth fullwidth-box fusion-builder-row-4 nonhundred-percent-fullwidth non-hundred-percent-height-scrolling fusion-no-medium-visibility fusion-no-large-visibility\" style=\"background-color: rgba(255,255,255,0);background-position: center center;background-repeat: no-repeat;padding-top:0px;padding-right:0px;padding-bottom:0px;padding-left:0px;margin-bottom: 0px;margin-top: 0px;border-width: 0px 0px 0px 0px;border-color:#e2e2e2;border-style:solid;\" ><div class=\"fusion-builder-row fusion-row\"><div class=\"fusion-layout-column fusion_builder_column fusion-builder-column-3 fusion_builder_column_1_1 1_1 fusion-one-full fusion-column-first fusion-column-last\" style=\"margin-top:0px;margin-bottom:0px;\"><div class=\"fusion-column-wrapper fusion-flex-column-wrapper-legacy\" style=\"background-position:left top;background-repeat:no-repeat;-webkit-background-size:cover;-moz-background-size:cover;-o-background-size:cover;background-size:cover;padding: 0px 0px 0px 0px;\"><div class=\"fusion-sep-clear\"><\/div><div class=\"fusion-separator fusion-has-icon\" style=\"margin-left: auto;margin-right: auto;margin-top:40px;margin-bottom:60px;width:100%;max-width:70%;\"><div class=\"fusion-separator-border sep-single sep-solid\" style=\"border-color:#acd1a5;border-top-width:1px;\"><\/div><span class=\"icon-wrapper\" style=\"border-color:transparent;font-size:16px;width: 1.75em; height: 1.75em;border-width:1px;padding:1px;margin-top:-0.5px\"><i class=\"fa-leaf fas\" style=\"font-size: inherit;color:#acd1a5;\" aria-hidden=\"true\"><\/i><\/span><div class=\"fusion-separator-border sep-single sep-solid\" style=\"border-color:#acd1a5;border-top-width:1px;\"><\/div><\/div><div class=\"fusion-sep-clear\"><\/div><div class=\"fusion-text fusion-text-6\"><p>A t\u00e1bl\u00e1zat a k\u00fcl\u00f6nb\u00f6z\u0151 m\u00e9hen bel\u00fcli eszk\u00f6z\u00f6k v\u00e1rhat\u00f3 \u00e1rait tartalmazza. A lehets\u00e9ges \u00e1rv\u00e1ltoz\u00e1sokr\u00f3l \u00e9s a f\u00e9lre\u00e9rt\u00e9sek elker\u00fcl\u00e9se v\u00e9gett, k\u00e9rj\u00fck, el\u0151re tudakoz\u00f3djon a term\u00e9kek \u00e9s beavatkoz\u00e1s k\u00f6lts\u00e9geir\u0151l.<\/p>\n<\/div><div class=\"fusion-clearfix\"><\/div><\/div><\/div><div class=\"fusion-layout-column fusion_builder_column fusion-builder-column-4 fusion_builder_column_1_1 1_1 fusion-one-full fusion-column-first fusion-column-last\" style=\"margin-top:0px;margin-bottom:0px;\"><div class=\"fusion-column-wrapper fusion-flex-column-wrapper-legacy\" style=\"background-position:left top;background-repeat:no-repeat;-webkit-background-size:cover;-moz-background-size:cover;-o-background-size:cover;background-size:cover;border-radius:5px 5px 0px 0px;background-color:#acd1a5;border-radius:5px 5px 0px 0px;overflow:hidden;padding: 10px 10px 10px 10px;\"><style type=\"text\/css\"><\/style><div class=\"fusion-title title fusion-title-3 fusion-sep-none fusion-title-center fusion-title-text fusion-title-size-two\" style=\"font-size:24px;margin-top:10px;margin-right:0px;margin-bottom:15px;margin-left:0px;\"><h2 class=\"title-heading-center\" style=\"margin:0;font-size:1em;color:#ffffff;\">Spir\u00e1l k\u00f6lts\u00e9gek<\/h2><\/div><div class=\"fusion-clearfix\"><\/div><\/div><\/div><div class=\"fusion-layout-column fusion_builder_column fusion-builder-column-5 fusion_builder_column_1_1 1_1 fusion-one-full fusion-column-first fusion-column-last\" style=\"margin-top:0px;margin-bottom:20px;\"><div class=\"fusion-column-wrapper fusion-flex-column-wrapper-legacy\" style=\"background-position:left top;background-repeat:no-repeat;-webkit-background-size:cover;-moz-background-size:cover;-o-background-size:cover;background-size:cover;border-radius:0px 0px 5px 5px;background-color:#f6f6f6;border-radius:0px 0px 5px 5px;overflow:hidden;padding: 20px 20px 0px 20px;\"><div class=\"fusion-text fusion-text-7\"><p><span class=\"kosten-leistung\">Multi-Safe 375<\/span><br \/>\n<strong>T\u00edpus:<\/strong> Hagyom\u00e1nyos r\u00e9z<br \/>\n<strong>Hat\u00f3id\u0151:<\/strong> 5 \u00e9v<br \/>\n<strong>\u00c1r:<\/strong> 360 \u20ac<\/p>\n<hr \/>\n<p><span class=\"kosten-leistung\">Multi-Safe 250<\/span><br \/>\n<strong>T\u00edpus:<\/strong> Hagyom\u00e1nyos r\u00e9z<br \/>\n<strong>Hat\u00f3id\u0151:<\/strong> 3 \u00e9v<br \/>\n<strong>\u00c1r:<\/strong> 360 \u20ac<\/p>\n<hr \/>\n<p><span class=\"kosten-leistung\">Goldspirale<\/span><br \/>\n<strong>T\u00edpus:<\/strong> Arany-r\u00e9z<br \/>\n<strong>Hat\u00f3id\u0151:<\/strong> 5 \u00e9v<br \/>\n<strong>\u00c1r:<\/strong> 520 \u20ac<\/p>\n<hr \/>\n<p><span class=\"kosten-leistung\">Gynefix<\/span><br \/>\n<strong>T\u00edpus:<\/strong> Hagyom\u00e1nyos r\u00e9z,\u00a0keretmentes<br \/>\n<strong>Hat\u00f3id\u0151:<\/strong> 5 \u00e9v<br \/>\n<strong>\u00c1r:<\/strong> 560 \u20ac<\/p>\n<hr \/>\n<p><span class=\"kosten-leistung\">Flexi-T<\/span><br \/>\n<strong>T\u00edpus:<\/strong> Hagyom\u00e1nyos r\u00e9z<br \/>\n<strong>Hat\u00f3id\u0151:<\/strong> 5 \u00e9v<br \/>\n<strong>\u00c1r:<\/strong> 360 \u20ac<\/p>\n<hr \/>\n<p><span class=\"kosten-leistung\">Mirena<\/span><br \/>\n<strong>T\u00edpus:<\/strong> Hormontartalm\u00fa<br \/>\n<strong>Hat\u00f3id\u0151:<\/strong> 5 \u00e9v<br \/>\n<strong>\u00c1r:<\/strong> 520 \u20ac<\/p>\n<hr \/>\n<p><span class=\"kosten-leistung\">Jaydess<\/span><br \/>\n<strong>T\u00edpus:<\/strong> Hormontartalm\u00fa<br \/>\n<strong>Hat\u00f3id\u0151:<\/strong> 3 \u00e9v<br \/>\n<strong>\u00c1r:<\/strong> 520 \u20ac<\/p>\n<\/div><div class=\"fusion-clearfix\"><\/div><\/div><\/div><div class=\"fusion-layout-column fusion_builder_column fusion-builder-column-6 fusion_builder_column_1_1 1_1 fusion-one-full fusion-column-first fusion-column-last\" style=\"margin-top:0px;margin-bottom:0px;\"><div class=\"fusion-column-wrapper fusion-flex-column-wrapper-legacy\" style=\"background-position:left top;background-repeat:no-repeat;-webkit-background-size:cover;-moz-background-size:cover;-o-background-size:cover;background-size:cover;padding: 0px 0px 0px 0px;\"><div class=\"fusion-sep-clear\"><\/div><div class=\"fusion-separator fusion-full-width-sep\" style=\"margin-left: auto;margin-right: auto;margin-top:10px;width:100%;\"><\/div><div class=\"fusion-sep-clear\"><\/div><div class=\"fusion-text fusion-text-8\"><p>Term\u00e9szetesen elfogadunk k\u00e9szp\u00e9nz, bankk\u00e1rtya (Maestro) vagy hitelk\u00e1rty\u00e1s befizet\u00e9st.<\/p>\n<\/div><div class=\"fusion-clearfix\"><\/div><\/div><\/div><\/div><\/div><\/p>\n","protected":false},"excerpt":{"rendered":"","protected":false},"author":2,"featured_media":0,"parent":10438,"menu_order":0,"comment_status":"closed","ping_status":"closed","template":"","meta":[],"yoast_head":"<!-- This site is optimized with the Yoast SEO plugin v16.5 - https:\/\/yoast.com\/wordpress\/plugins\/seo\/ -->\n<title>Spir\u00e1l Seg\u00edts\u00e9g\u00e9vel T\u00f6rt\u00e9n\u0151 Megel\u0151z\u00e9s a VenusMed Klinik\u00e1n<\/title>\n<meta name=\"description\" content=\"Spir\u00e1l: A b\u00e9csi VenusMed klinik\u00e1n \u00e1tfog\u00f3 t\u00e1j\u00e9koztat\u00e1st kap a spir\u00e1l alkalmaz\u00e1s\u00e1r\u00f3l, k\u00f6lts\u00e9geir\u0151l \u00e9s n\u0151gy\u00f3gy\u00e1szaink a spir\u00e1l felrak\u00e1s\u00e1t is v\u00e1llalj\u00e1k.\" \/>\n<meta name=\"robots\" content=\"index, follow, max-snippet:-1, max-image-preview:large, max-video-preview:-1\" \/>\n<link rel=\"canonical\" href=\"https:\/\/www.venusmed.at\/hu\/fogamzasgatlas\/spiral-mehen-belueli-eszkoez\/\" \/>\n<meta property=\"og:locale\" content=\"hu_HU\" \/>\n<meta property=\"og:type\" content=\"article\" \/>\n<meta property=\"og:title\" content=\"Spir\u00e1l Seg\u00edts\u00e9g\u00e9vel T\u00f6rt\u00e9n\u0151 Megel\u0151z\u00e9s a VenusMed Klinik\u00e1n\" \/>\n<meta property=\"og:description\" content=\"Spir\u00e1l: A b\u00e9csi VenusMed klinik\u00e1n \u00e1tfog\u00f3 t\u00e1j\u00e9koztat\u00e1st kap a spir\u00e1l alkalmaz\u00e1s\u00e1r\u00f3l, k\u00f6lts\u00e9geir\u0151l \u00e9s n\u0151gy\u00f3gy\u00e1szaink a spir\u00e1l felrak\u00e1s\u00e1t is v\u00e1llalj\u00e1k.\" \/>\n<meta property=\"og:url\" content=\"https:\/\/www.venusmed.at\/hu\/fogamzasgatlas\/spiral-mehen-belueli-eszkoez\/\" \/>\n<meta property=\"og:site_name\" content=\"VenusMed \u2013 Zentrum f\u00fcr Sexualmedizin\" \/>\n<meta property=\"article:modified_time\" content=\"2020-10-07T07:30:34+00:00\" \/>\n<meta name=\"twitter:card\" content=\"summary_large_image\" \/>\n<meta name=\"twitter:label1\" content=\"Est. reading time\" \/>\n\t<meta name=\"twitter:data1\" content=\"18 minutes\" \/>\n<script type=\"application\/ld+json\" class=\"yoast-schema-graph\">{\"@context\":\"https:\/\/schema.org\",\"@graph\":[{\"@type\":\"WebSite\",\"@id\":\"https:\/\/www.venusmed.at\/#website\",\"url\":\"https:\/\/www.venusmed.at\/\",\"name\":\"VenusMed \\u2013 Zentrum f\\u00fcr Sexualmedizin\",\"description\":\"VenusMed sind Spezialisten f\\u00fcr Sexualmedizin in Wien\",\"potentialAction\":[{\"@type\":\"SearchAction\",\"target\":\"https:\/\/www.venusmed.at\/?s={search_term_string}\",\"query-input\":\"required name=search_term_string\"}],\"inLanguage\":\"hu-HU\"},{\"@type\":\"WebPage\",\"@id\":\"https:\/\/www.venusmed.at\/hu\/fogamzasgatlas\/spiral-mehen-belueli-eszkoez\/#webpage\",\"url\":\"https:\/\/www.venusmed.at\/hu\/fogamzasgatlas\/spiral-mehen-belueli-eszkoez\/\",\"name\":\"Spir\\u00e1l Seg\\u00edts\\u00e9g\\u00e9vel T\\u00f6rt\\u00e9n\\u0151 Megel\\u0151z\\u00e9s a VenusMed Klinik\\u00e1n\",\"isPartOf\":{\"@id\":\"https:\/\/www.venusmed.at\/#website\"},\"datePublished\":\"2020-09-22T13:51:10+00:00\",\"dateModified\":\"2020-10-07T07:30:34+00:00\",\"description\":\"Spir\\u00e1l: A b\\u00e9csi VenusMed klinik\\u00e1n \\u00e1tfog\\u00f3 t\\u00e1j\\u00e9koztat\\u00e1st kap a spir\\u00e1l alkalmaz\\u00e1s\\u00e1r\\u00f3l, k\\u00f6lts\\u00e9geir\\u0151l \\u00e9s n\\u0151gy\\u00f3gy\\u00e1szaink a spir\\u00e1l felrak\\u00e1s\\u00e1t is v\\u00e1llalj\\u00e1k.\",\"breadcrumb\":{\"@id\":\"https:\/\/www.venusmed.at\/hu\/fogamzasgatlas\/spiral-mehen-belueli-eszkoez\/#breadcrumb\"},\"inLanguage\":\"hu-HU\",\"potentialAction\":[{\"@type\":\"ReadAction\",\"target\":[\"https:\/\/www.venusmed.at\/hu\/fogamzasgatlas\/spiral-mehen-belueli-eszkoez\/\"]}]},{\"@type\":\"BreadcrumbList\",\"@id\":\"https:\/\/www.venusmed.at\/hu\/fogamzasgatlas\/spiral-mehen-belueli-eszkoez\/#breadcrumb\",\"itemListElement\":[{\"@type\":\"ListItem\",\"position\":1,\"name\":\"Startseite\",\"item\":\"http:\/\/www.venusmed.at\/\"},{\"@type\":\"ListItem\",\"position\":2,\"name\":\"Fogamzasgatlas\",\"item\":\"http:\/\/www.venusmed.at\/verhuetung\/\"},{\"@type\":\"ListItem\",\"position\":3,\"name\":\"Spir\\u00e1l &#8211; M\\u00e9hen Bel\\u00fcli Eszk\\u00f6z\"}]}]}<\/script>\n<!-- \/ Yoast SEO plugin. -->","_links":{"self":[{"href":"https:\/\/www.venusmed.at\/hu\/wp-json\/wp\/v2\/pages\/10527"}],"collection":[{"href":"https:\/\/www.venusmed.at\/hu\/wp-json\/wp\/v2\/pages"}],"about":[{"href":"https:\/\/www.venusmed.at\/hu\/wp-json\/wp\/v2\/types\/page"}],"author":[{"embeddable":true,"href":"https:\/\/www.venusmed.at\/hu\/wp-json\/wp\/v2\/users\/2"}],"replies":[{"embeddable":true,"href":"https:\/\/www.venusmed.at\/hu\/wp-json\/wp\/v2\/comments?post=10527"}],"version-history":[{"count":1,"href":"https:\/\/www.venusmed.at\/hu\/wp-json\/wp\/v2\/pages\/10527\/revisions"}],"predecessor-version":[{"id":10701,"href":"https:\/\/www.venusmed.at\/hu\/wp-json\/wp\/v2\/pages\/10527\/revisions\/10701"}],"up":[{"embeddable":true,"href":"https:\/\/www.venusmed.at\/hu\/wp-json\/wp\/v2\/pages\/10438"}],"wp:attachment":[{"href":"https:\/\/www.venusmed.at\/hu\/wp-json\/wp\/v2\/media?parent=10527"}],"curies":[{"name":"wp","href":"https:\/\/api.w.org\/{rel}","templated":true}]}}