{"id":10538,"date":"2020-09-22T14:47:52","date_gmt":"2020-09-22T14:47:52","guid":{"rendered":"http:\/\/www.venusmed.at\/fogamzasgatlas\/megelozes\/"},"modified":"2020-10-07T08:00:07","modified_gmt":"2020-10-07T08:00:07","slug":"megelozes","status":"publish","type":"page","link":"https:\/\/www.venusmed.at\/hu\/fogamzasgatlas\/megelozes\/","title":{"rendered":"Megel\u0151z\u00e9s"},"content":{"rendered":"<p><div class=\"fusion-fullwidth fullwidth-box fusion-builder-row-1 nonhundred-percent-fullwidth non-hundred-percent-height-scrolling\" style=\"background-color: rgba(255,255,255,0);background-position: center center;background-repeat: no-repeat;padding-top:0px;padding-right:0px;padding-bottom:0px;padding-left:0px;margin-bottom: 0px;margin-top: 0px;border-width: 0px 0px 0px 0px;border-color:#e2e2e2;border-style:solid;\" ><div class=\"fusion-builder-row fusion-row\"><div class=\"fusion-layout-column fusion_builder_column fusion-builder-column-0 fusion_builder_column_1_1 1_1 fusion-one-full fusion-column-first fusion-column-last\" style=\"margin-top:0px;margin-bottom:0px;\"><div class=\"fusion-column-wrapper fusion-flex-column-wrapper-legacy\" style=\"background-position:left top;background-repeat:no-repeat;-webkit-background-size:cover;-moz-background-size:cover;-o-background-size:cover;background-size:cover;padding: 0px 0px 0px 0px;\"><div class=\"fusion-text fusion-text-1\"><p>Nem vagyunk egyform\u00e1k \u00e9s ahogy h\u00f6lgyek szexu\u00e1lis v\u00e1gya k\u00fcl\u00f6nb\u00f6zik, \u00fagy v\u00e1ltozik a fogamz\u00e1sg\u00e1tl\u00e1s ir\u00e1nti ig\u00e9ny is. A fogamz\u00e1sg\u00e1tl\u00f3 term\u00e9kek sz\u00e9les t\u00e1rh\u00e1za \u00e1ll rendelkez\u00e9sre, de sajnos gyakran\u00a0hi\u00e1nyzik az ismeret az el\u0151ny\u00f6kr\u0151l, h\u00e1tr\u00e1nyokr\u00f3l, kock\u00e1zatokr\u00f3l, mell\u00e9khat\u00e1sokr\u00f3l, a fogamz\u00e1sg\u00e1tl\u00f3 biztons\u00e1goss\u00e1g\u00e1r\u00f3l \u00e9s hossz\u00fa t\u00e1v\u00fa hat\u00e1sair\u00f3l.<\/p>\n<\/div><div class=\"fusion-text fusion-text-2\"><p style=\"border: 1px solid #acd1a5; border-radius: 5px; background: rgba(172,209,165,0.15); padding: 1em; text-align: center;\"><em>K\u00f6nnyed\u00e9n megbesz\u00e9lhet <strong>id\u0151pontot<\/strong> a b\u00e9csi VenusMed-en a <a href=\"tel:+4318908070\">+43 1 890 80 70,<\/a>\u00a0<strong>telefonsz\u00e1mon<\/strong>, az <a href=\"mailto:info@venusmed.at\">info@venusmed.at<\/a> <strong>e-mail<\/strong> c\u00edmen vagy az al\u00e1bbi <a href=\"#kontakt\"><strong>kapcsolatfelv\u00e9teli \u0171rlap<\/strong><\/a>\u00a0seg\u00edts\u00e9g\u00e9vel. Id\u0151pontokat is adunk r\u00f6vid id\u0151n bel\u00fcl!<\/em><\/p>\n<\/div>\n<div class=\"fusion-text fusion-text-3\"><div class=\"fusion-fullwidth fullwidth-box hundred-percent-fullwidth non-hundred-percent-height-scrolling\">\n<div class=\"fusion-builder-row fusion-row \">\n<div class=\"fusion-layout-column fusion_builder_column fusion_builder_column_1_1 fusion-one-full fusion-column-first fusion-column-last fusion-column-no-min-height 1_1\">\n<div class=\"fusion-column-wrapper\" data-bg-url=\"\">\n<div class=\"fusion-text\">\n<p>A b\u00e9csi VenusMed \u201crizik\u00f3adapt\u00e1lt megel\u0151z\u00e9si tan\u00e1csad\u00e1sa\u201d az \u00d6n szem\u00e9lyes kock\u00e1zati t\u00e9nyez\u0151ire (trombof\u00edlia, csontritkul\u00e1s hajlam, anyagcsere, \u2026) lesz kalibr\u00e1lva egy v\u00e9rvizsg\u00e1lat seg\u00edts\u00e9g\u00e9vel. Majd szexol\u00f3gusunk seg\u00edt az \u00d6n szem\u00e9lyes \u00e9letm\u00f3dj\u00e1t figyelembe v\u00e9ve a legbiztons\u00e1gosabb \u00e9s egyben orvosilag leg\u00e1rtalmatlanabb fog\u00e1mz\u00e1sg\u00e1tl\u00f3 megold\u00e1st megtal\u00e1lni.<\/p>\n<\/div>\n<\/div>\n<\/div>\n<\/div>\n<\/div>\n<\/div><div class=\"fusion-clearfix\"><\/div><\/div><\/div><\/div><\/div><div class=\"fusion-fullwidth fullwidth-box fusion-builder-row-2 nonhundred-percent-fullwidth non-hundred-percent-height-scrolling fusion-no-small-visibility\" style=\"background-color: rgba(255,255,255,0);background-position: center center;background-repeat: no-repeat;padding-top:0px;padding-right:0px;padding-bottom:0px;padding-left:0px;margin-bottom: 0px;margin-top: 0px;border-width: 0px 0px 0px 0px;border-color:#e2e2e2;border-style:solid;\" ><div class=\"fusion-builder-row fusion-row\"><div class=\"fusion-layout-column fusion_builder_column fusion-builder-column-1 fusion_builder_column_1_1 1_1 fusion-one-full fusion-column-first fusion-column-last\" style=\"margin-top:0px;margin-bottom:0px;\"><div class=\"fusion-column-wrapper fusion-flex-column-wrapper-legacy\" style=\"background-position:left top;background-repeat:no-repeat;-webkit-background-size:cover;-moz-background-size:cover;-o-background-size:cover;background-size:cover;padding: 0px 0px 0px 0px;\"><div class=\"fusion-sep-clear\"><\/div><div class=\"fusion-separator fusion-has-icon\" style=\"margin-left: auto;margin-right: auto;margin-top:40px;margin-bottom:60px;width:100%;max-width:70%;\"><div class=\"fusion-separator-border sep-single sep-solid\" style=\"border-color:#acd1a5;border-top-width:1px;\"><\/div><span class=\"icon-wrapper\" style=\"border-color:transparent;font-size:16px;width: 1.75em; height: 1.75em;border-width:1px;padding:1px;margin-top:-0.5px\"><i class=\"fa-leaf fas\" style=\"font-size: inherit;color:#acd1a5;\" aria-hidden=\"true\"><\/i><\/span><div class=\"fusion-separator-border sep-single sep-solid\" style=\"border-color:#acd1a5;border-top-width:1px;\"><\/div><\/div><div class=\"fusion-sep-clear\"><\/div><style type=\"text\/css\"><\/style><div class=\"fusion-title title fusion-title-1 fusion-sep-none fusion-title-text fusion-title-size-two\" style=\"margin-top:10px;margin-right:0px;margin-bottom:15px;margin-left:0px;\"><h2 class=\"title-heading-left\" style=\"margin:0;\">K\u00f6lts\u00e9gek<\/h2><\/div>\n<div class=\"table-2\">\n<table width=\"100%\">\n<thead>\n<tr>\n<th align=\"left\">Szolg\u00e1ltat\u00e1s<\/th>\n<th align=\"left\">\u00c1ra<\/th>\n<\/tr>\n<\/thead>\n<tbody>\n<tr>\n<td align=\"left\">Megel\u0151z\u00e9s Check<\/td>\n<td align=\"left\">45 \u20ac<\/td>\n<\/tr>\n<\/tbody>\n<\/table>\n<\/div>\n<div class=\"fusion-sep-clear\"><\/div><div class=\"fusion-separator fusion-full-width-sep\" style=\"margin-left: auto;margin-right: auto;margin-top:20px;width:100%;\"><\/div><div class=\"fusion-sep-clear\"><\/div><div class=\"fusion-text fusion-text-4\"><p>Term\u00e9szetesen k\u00e9szp\u00e9nzt, bet\u00e9ti (Maestro) vagy hitelk\u00e1rty\u00e1t fogadunk el.<\/p>\n<\/div><div class=\"fusion-clearfix\"><\/div><\/div><\/div><\/div><\/div><div class=\"fusion-fullwidth fullwidth-box fusion-builder-row-3 nonhundred-percent-fullwidth non-hundred-percent-height-scrolling fusion-no-medium-visibility fusion-no-large-visibility\" style=\"background-color: rgba(255,255,255,0);background-position: center center;background-repeat: no-repeat;padding-top:0px;padding-right:0px;padding-bottom:0px;padding-left:0px;margin-bottom: 0px;margin-top: 0px;border-width: 0px 0px 0px 0px;border-color:#e2e2e2;border-style:solid;\" ><div class=\"fusion-builder-row fusion-row\"><div class=\"fusion-layout-column fusion_builder_column fusion-builder-column-2 fusion_builder_column_1_1 1_1 fusion-one-full fusion-column-first fusion-column-last\" style=\"margin-top:0px;margin-bottom:0px;\"><div class=\"fusion-column-wrapper fusion-flex-column-wrapper-legacy\" style=\"background-position:left top;background-repeat:no-repeat;-webkit-background-size:cover;-moz-background-size:cover;-o-background-size:cover;background-size:cover;padding: 0px 0px 0px 0px;\"><div class=\"fusion-sep-clear\"><\/div><div class=\"fusion-separator fusion-has-icon\" style=\"margin-left: auto;margin-right: auto;margin-top:40px;margin-bottom:60px;width:100%;max-width:70%;\"><div class=\"fusion-separator-border sep-single sep-solid\" style=\"border-color:#acd1a5;border-top-width:1px;\"><\/div><span class=\"icon-wrapper\" style=\"border-color:transparent;font-size:16px;width: 1.75em; height: 1.75em;border-width:1px;padding:1px;margin-top:-0.5px\"><i class=\"fa-leaf fas\" style=\"font-size: inherit;color:#acd1a5;\" aria-hidden=\"true\"><\/i><\/span><div class=\"fusion-separator-border sep-single sep-solid\" style=\"border-color:#acd1a5;border-top-width:1px;\"><\/div><\/div><div class=\"fusion-sep-clear\"><\/div><div class=\"fusion-clearfix\"><\/div><\/div><\/div><div class=\"fusion-layout-column fusion_builder_column fusion-builder-column-3 fusion_builder_column_1_1 1_1 fusion-one-full fusion-column-first fusion-column-last\" style=\"margin-top:0px;margin-bottom:0px;\"><div class=\"fusion-column-wrapper fusion-flex-column-wrapper-legacy\" style=\"background-position:left top;background-repeat:no-repeat;-webkit-background-size:cover;-moz-background-size:cover;-o-background-size:cover;background-size:cover;border-radius:5px 5px 0px 0px;background-color:#acd1a5;border-radius:5px 5px 0px 0px;overflow:hidden;padding: 10px 10px 10px 10px;\"><style type=\"text\/css\"><\/style><div class=\"fusion-title title fusion-title-2 fusion-sep-none fusion-title-center fusion-title-text fusion-title-size-two\" style=\"font-size:24px;margin-top:10px;margin-right:0px;margin-bottom:15px;margin-left:0px;\"><h2 class=\"title-heading-center\" style=\"margin:0;font-size:1em;color:#ffffff;\">K\u00f6lts\u00e9gek<\/h2><\/div><div class=\"fusion-clearfix\"><\/div><\/div><\/div><div class=\"fusion-layout-column fusion_builder_column fusion-builder-column-4 fusion_builder_column_1_1 1_1 fusion-one-full fusion-column-first fusion-column-last\" style=\"margin-top:0px;margin-bottom:20px;\"><div class=\"fusion-column-wrapper fusion-flex-column-wrapper-legacy\" style=\"background-position:left top;background-repeat:no-repeat;-webkit-background-size:cover;-moz-background-size:cover;-o-background-size:cover;background-size:cover;border-radius:0px 0px 5px 5px;background-color:#f6f6f6;border-radius:0px 0px 5px 5px;overflow:hidden;padding: 20px 20px 0px 20px;\"><div class=\"fusion-text fusion-text-5\"><p>Megel\u0151z\u00e9s Check<br \/>\n<strong>\u00c1ra:<\/strong> 45 \u20ac<\/p>\n<\/div><div class=\"fusion-clearfix\"><\/div><\/div><\/div><div class=\"fusion-layout-column fusion_builder_column fusion-builder-column-5 fusion_builder_column_1_1 1_1 fusion-one-full fusion-column-first fusion-column-last\" style=\"margin-top:0px;margin-bottom:0px;\"><div class=\"fusion-column-wrapper fusion-flex-column-wrapper-legacy\" style=\"background-position:left top;background-repeat:no-repeat;-webkit-background-size:cover;-moz-background-size:cover;-o-background-size:cover;background-size:cover;padding: 0px 0px 0px 0px;\"><div class=\"fusion-sep-clear\"><\/div><div class=\"fusion-separator fusion-full-width-sep\" style=\"margin-left: auto;margin-right: auto;margin-top:10px;width:100%;\"><\/div><div class=\"fusion-sep-clear\"><\/div><div class=\"fusion-text fusion-text-6\"><p>Term\u00e9szetesen k\u00e9szp\u00e9nzt, bet\u00e9ti (Maestro) vagy hitelk\u00e1rty\u00e1t fogadunk el.<\/p>\n<\/div><div class=\"fusion-clearfix\"><\/div><\/div><\/div><\/div><\/div><\/p>\n","protected":false},"excerpt":{"rendered":"","protected":false},"author":2,"featured_media":0,"parent":10438,"menu_order":0,"comment_status":"closed","ping_status":"closed","template":"","meta":[],"yoast_head":"<!-- This site is optimized with the Yoast SEO plugin v16.5 - https:\/\/yoast.com\/wordpress\/plugins\/seo\/ -->\n<title>Megel\u0151z\u00e9s a VenusMed Klinik\u00e1n: Kock\u00e1zatok \u00e9s K\u00f6lts\u00e9gek<\/title>\n<meta name=\"description\" content=\"Megel\u0151z\u00e9s: A VenusMed felvil\u00e1gos\u00edt\u00e1st ny\u00fajt a fogamz\u00e1sg\u00e1tl\u00f3k el\u0151nyeir\u0151l \u00e9s h\u00e1tr\u00e1nyair\u00f3l, kock\u00e1zatokr\u00f3l, mell\u00e9khat\u00e1sokr\u00f3l \u00e9s biztons\u00e1goss\u00e1gr\u00f3l.\u00a0\" \/>\n<meta name=\"robots\" content=\"index, follow, max-snippet:-1, max-image-preview:large, max-video-preview:-1\" \/>\n<link rel=\"canonical\" href=\"https:\/\/www.venusmed.at\/hu\/fogamzasgatlas\/megelozes\/\" \/>\n<meta property=\"og:locale\" content=\"hu_HU\" \/>\n<meta property=\"og:type\" content=\"article\" \/>\n<meta property=\"og:title\" content=\"Megel\u0151z\u00e9s a VenusMed Klinik\u00e1n: Kock\u00e1zatok \u00e9s K\u00f6lts\u00e9gek\" \/>\n<meta property=\"og:description\" content=\"Megel\u0151z\u00e9s: A VenusMed felvil\u00e1gos\u00edt\u00e1st ny\u00fajt a fogamz\u00e1sg\u00e1tl\u00f3k el\u0151nyeir\u0151l \u00e9s h\u00e1tr\u00e1nyair\u00f3l, kock\u00e1zatokr\u00f3l, mell\u00e9khat\u00e1sokr\u00f3l \u00e9s biztons\u00e1goss\u00e1gr\u00f3l.\u00a0\" \/>\n<meta property=\"og:url\" content=\"https:\/\/www.venusmed.at\/hu\/fogamzasgatlas\/megelozes\/\" \/>\n<meta property=\"og:site_name\" content=\"VenusMed \u2013 Zentrum f\u00fcr Sexualmedizin\" \/>\n<meta property=\"article:modified_time\" content=\"2020-10-07T08:00:07+00:00\" \/>\n<meta name=\"twitter:card\" content=\"summary_large_image\" \/>\n<meta name=\"twitter:label1\" content=\"Est. reading time\" \/>\n\t<meta name=\"twitter:data1\" content=\"13 minutes\" \/>\n<script type=\"application\/ld+json\" class=\"yoast-schema-graph\">{\"@context\":\"https:\/\/schema.org\",\"@graph\":[{\"@type\":\"WebSite\",\"@id\":\"https:\/\/www.venusmed.at\/#website\",\"url\":\"https:\/\/www.venusmed.at\/\",\"name\":\"VenusMed \\u2013 Zentrum f\\u00fcr Sexualmedizin\",\"description\":\"VenusMed sind Spezialisten f\\u00fcr Sexualmedizin in Wien\",\"potentialAction\":[{\"@type\":\"SearchAction\",\"target\":\"https:\/\/www.venusmed.at\/?s={search_term_string}\",\"query-input\":\"required name=search_term_string\"}],\"inLanguage\":\"hu-HU\"},{\"@type\":\"WebPage\",\"@id\":\"https:\/\/www.venusmed.at\/hu\/fogamzasgatlas\/megelozes\/#webpage\",\"url\":\"https:\/\/www.venusmed.at\/hu\/fogamzasgatlas\/megelozes\/\",\"name\":\"Megel\\u0151z\\u00e9s a VenusMed Klinik\\u00e1n: Kock\\u00e1zatok \\u00e9s K\\u00f6lts\\u00e9gek\",\"isPartOf\":{\"@id\":\"https:\/\/www.venusmed.at\/#website\"},\"datePublished\":\"2020-09-22T14:47:52+00:00\",\"dateModified\":\"2020-10-07T08:00:07+00:00\",\"description\":\"Megel\\u0151z\\u00e9s: A VenusMed felvil\\u00e1gos\\u00edt\\u00e1st ny\\u00fajt a fogamz\\u00e1sg\\u00e1tl\\u00f3k el\\u0151nyeir\\u0151l \\u00e9s h\\u00e1tr\\u00e1nyair\\u00f3l, kock\\u00e1zatokr\\u00f3l, mell\\u00e9khat\\u00e1sokr\\u00f3l \\u00e9s biztons\\u00e1goss\\u00e1gr\\u00f3l.\\u00a0\",\"breadcrumb\":{\"@id\":\"https:\/\/www.venusmed.at\/hu\/fogamzasgatlas\/megelozes\/#breadcrumb\"},\"inLanguage\":\"hu-HU\",\"potentialAction\":[{\"@type\":\"ReadAction\",\"target\":[\"https:\/\/www.venusmed.at\/hu\/fogamzasgatlas\/megelozes\/\"]}]},{\"@type\":\"BreadcrumbList\",\"@id\":\"https:\/\/www.venusmed.at\/hu\/fogamzasgatlas\/megelozes\/#breadcrumb\",\"itemListElement\":[{\"@type\":\"ListItem\",\"position\":1,\"name\":\"Startseite\",\"item\":\"http:\/\/www.venusmed.at\/\"},{\"@type\":\"ListItem\",\"position\":2,\"name\":\"Fogamzasgatlas\",\"item\":\"http:\/\/www.venusmed.at\/verhuetung\/\"},{\"@type\":\"ListItem\",\"position\":3,\"name\":\"Megel\\u0151z\\u00e9s\"}]}]}<\/script>\n<!-- \/ Yoast SEO plugin. -->","_links":{"self":[{"href":"https:\/\/www.venusmed.at\/hu\/wp-json\/wp\/v2\/pages\/10538"}],"collection":[{"href":"https:\/\/www.venusmed.at\/hu\/wp-json\/wp\/v2\/pages"}],"about":[{"href":"https:\/\/www.venusmed.at\/hu\/wp-json\/wp\/v2\/types\/page"}],"author":[{"embeddable":true,"href":"https:\/\/www.venusmed.at\/hu\/wp-json\/wp\/v2\/users\/2"}],"replies":[{"embeddable":true,"href":"https:\/\/www.venusmed.at\/hu\/wp-json\/wp\/v2\/comments?post=10538"}],"version-history":[{"count":1,"href":"https:\/\/www.venusmed.at\/hu\/wp-json\/wp\/v2\/pages\/10538\/revisions"}],"predecessor-version":[{"id":10711,"href":"https:\/\/www.venusmed.at\/hu\/wp-json\/wp\/v2\/pages\/10538\/revisions\/10711"}],"up":[{"embeddable":true,"href":"https:\/\/www.venusmed.at\/hu\/wp-json\/wp\/v2\/pages\/10438"}],"wp:attachment":[{"href":"https:\/\/www.venusmed.at\/hu\/wp-json\/wp\/v2\/media?parent=10538"}],"curies":[{"name":"wp","href":"https:\/\/api.w.org\/{rel}","templated":true}]}}