{"id":10496,"date":"2020-09-21T15:50:09","date_gmt":"2020-09-21T15:50:09","guid":{"rendered":"http:\/\/www.venusmed.at\/aborcja-w-wiedniu\/"},"modified":"2025-12-01T14:07:51","modified_gmt":"2025-12-01T14:07:51","slug":"aborcja-w-wiedniu","status":"publish","type":"page","link":"https:\/\/www.venusmed.at\/pl\/aborcja-w-wiedniu\/","title":{"rendered":"Aborcja w Wiedniu"},"content":{"rendered":"<p><div class=\"fusion-fullwidth fullwidth-box fusion-builder-row-1 nonhundred-percent-fullwidth non-hundred-percent-height-scrolling\" style=\"background-color: rgba(255,255,255,0);background-position: center center;background-repeat: no-repeat;padding-top:0px;padding-right:0px;padding-bottom:0px;padding-left:0px;margin-bottom: 0px;margin-top: 0px;border-width: 0px 0px 0px 0px;border-color:#e2e2e2;border-style:solid;\" ><div class=\"fusion-builder-row fusion-row\"><div class=\"fusion-layout-column fusion_builder_column fusion-builder-column-0 fusion_builder_column_1_1 1_1 fusion-one-full fusion-column-first fusion-column-last\" style=\"margin-top:0px;margin-bottom:0px;\"><div class=\"fusion-column-wrapper fusion-flex-column-wrapper-legacy\" style=\"background-position:left top;background-repeat:no-repeat;-webkit-background-size:cover;-moz-background-size:cover;-o-background-size:cover;background-size:cover;padding: 0px 0px 0px 0px;\"><div class=\"fusion-text fusion-text-1\"><p>Je\u015bli zdecydujesz si\u0119 na aborcj\u0119, mo\u017cesz podda\u0107 si\u0119 zabiegowi przerwania ci\u0105\u017cy do ko\u0144ca 3. miesi\u0105ca jej trwania. U nas znajdziesz najlepsz\u0105 opiek\u0119 medyczn\u0105 i psychologiczn\u0105.<\/p>\n<\/div><div class=\"fusion-text fusion-text-2\"><p style=\"border: 1px solid #e5a772; border-radius: 5px; background: rgba(229,167,114,0.15); padding: 1em; text-align: center;\"><em>Mo\u017cesz \u0142atwo um\u00f3wi\u0107 si\u0119 na wizyt\u0119 w VenusMed w Wiedniu telefonicznie pod numerem <a href=\"tel:+4318908070\">+43 1 890 80 70,<\/a>\u00a0e-mailem na adres <a href=\"mailto:info@venusmed.at\">info@venusmed.at<\/a> lub korzystaj\u0105c z poni\u017cszego <a href=\"#kontakt\"><strong>formularza kontaktowego<\/strong><\/a>. <\/em><em>Umawiamy si\u0119 r\u00f3wnie\u017c na kr\u00f3tkie terminy!<\/em><\/p>\n<\/div>\n<div class=\"fusion-text fusion-text-3\"><p>Ustalenie terminu wizyty nie wymaga d\u0142ugiego oczekiwania. Zg\u0142oszenie wizyty mo\u017cliwe jest o ka\u017cdej porze, podczas godzin otwarcia mo\u017cesz przyj\u015b\u0107 do nas r\u00f3wnie\u017c osobi\u015bcie.<\/p>\n<\/div><div class=\"fusion-clearfix\"><\/div><\/div><\/div><\/div><\/div><div class=\"fusion-fullwidth fullwidth-box fusion-builder-row-2 nonhundred-percent-fullwidth non-hundred-percent-height-scrolling\" style=\"background-color: rgba(255,255,255,0);background-position: center center;background-repeat: no-repeat;padding-top:0px;padding-right:0px;padding-bottom:0px;padding-left:0px;margin-bottom: 0px;margin-top: 0px;border-width: 0px 0px 0px 0px;border-color:#e2e2e2;border-style:solid;\" ><div class=\"fusion-builder-row fusion-row\"><div class=\"fusion-layout-column fusion_builder_column fusion-builder-column-1 fusion_builder_column_1_1 1_1 fusion-one-full fusion-column-first fusion-column-last\" style=\"margin-top:0px;margin-bottom:0px;\"><div class=\"fusion-column-wrapper fusion-flex-column-wrapper-legacy\" style=\"background-position:left top;background-repeat:no-repeat;-webkit-background-size:cover;-moz-background-size:cover;-o-background-size:cover;background-size:cover;padding: 0px 0px 0px 0px;\"><div class=\"fusion-sep-clear\"><\/div><div class=\"fusion-separator fusion-has-icon\" style=\"margin-left: auto;margin-right: auto;margin-top:40px;margin-bottom:60px;width:100%;max-width:70%;\"><div class=\"fusion-separator-border sep-single sep-solid\" style=\"border-color:#e5a772;border-top-width:1px;\"><\/div><span class=\"icon-wrapper\" style=\"border-color:transparent;font-size:16px;width: 1.75em; height: 1.75em;border-width:1px;padding:1px;margin-top:-0.5px\"><i class=\"fa-dot-circle fas\" style=\"font-size: inherit;color:#e5a772;\" aria-hidden=\"true\"><\/i><\/span><div class=\"fusion-separator-border sep-single sep-solid\" style=\"border-color:#e5a772;border-top-width:1px;\"><\/div><\/div><div class=\"fusion-sep-clear\"><\/div><style type=\"text\/css\"><\/style><div class=\"fusion-title title fusion-title-1 fusion-sep-none fusion-title-text fusion-title-size-two\" style=\"margin-top:10px;margin-right:0px;margin-bottom:15px;margin-left:0px;\"><h2 class=\"title-heading-left\" style=\"margin:0;\">Przebieg aborcji<\/h2><\/div><div class=\"fusion-text fusion-text-4\"><p>Wa\u017cne jest, \u017ceby nie je\u015b\u0107 i nie pi\u0107 przez sze\u015b\u0107 godzin przed operacj\u0105. Narkoza mo\u017ce zosta\u0107 przeprowadzona tylko wtedy, gdy b\u0119dziesz na czczo.<\/p>\n<p>Je\u015bli masz pytania dotycz\u0105ce decyzji mo\u017cesz om\u00f3wi\u0107 je psycholo\u017ck\u0105 lub z psychoterapeutk\u0105. Nasz lekarz ginekolog lub ginekolo\u017cka obja\u015bni medyczny przebieg zabiegu i udzieli wyczerpuj\u0105cej informacji o ryzykach zwi\u0105zanych z operacj\u0105.<\/p>\n<p>Po badaniu ultrasonograficznym przejdziesz do przeznaczonego dla Ciebie pomieszczenia. Tam od anestezjologa\/anestezjolo\u017cki otrzymasz zastrzyk z narkoz\u0105 o kr\u00f3tkim czasie dzia\u0142ania. Na \u017cyczenie zamiast kr\u00f3tkiej ca\u0142kowitej narkozy mo\u017cliwe jest znieczulenie miejscowe. Po za\u015bni\u0119ciu zostaniesz przewieziona na sal\u0119 operacyjn\u0105. Operacja trwa 10 do 15 minut. Obudzisz si\u0119 b\u0119d\u0105c zn\u00f3w w swoim pokoju, gdzie b\u0119dziesz mog\u0142a odpocz\u0105\u0107 po zabiegu. Oko\u0142o godziny po zabiegu b\u0119dziesz mog\u0142a opu\u015bci\u0107 nasze centrum.<\/p>\n<p>Zalecamy wzi\u0119cie ze sob\u0105 zaufanej osoby towarzysz\u0105cej. Mo\u017ce ona \u2013 z wyj\u0105tkiem samej operacji \u2013 by\u0107 ca\u0142y czas z Tob\u0105 i wspiera\u0107 Ci\u0119 w tej sytuacji.<\/p>\n<\/div><div class=\"fusion-clearfix\"><\/div><\/div><\/div><\/div><\/div><div class=\"fusion-fullwidth fullwidth-box fusion-builder-row-3 nonhundred-percent-fullwidth non-hundred-percent-height-scrolling\" style=\"background-color: rgba(255,255,255,0);background-position: center center;background-repeat: no-repeat;padding-top:0px;padding-right:0px;padding-bottom:0px;padding-left:0px;margin-bottom: 0px;margin-top: 0px;border-width: 0px 0px 0px 0px;border-color:#e2e2e2;border-style:solid;\" ><div class=\"fusion-builder-row fusion-row\"><div class=\"fusion-layout-column fusion_builder_column fusion-builder-column-2 fusion_builder_column_1_1 1_1 fusion-one-full fusion-column-first fusion-column-last\" style=\"margin-top:0px;margin-bottom:0px;\"><div class=\"fusion-column-wrapper fusion-flex-column-wrapper-legacy\" style=\"background-position:left top;background-repeat:no-repeat;-webkit-background-size:cover;-moz-background-size:cover;-o-background-size:cover;background-size:cover;padding: 0px 0px 0px 0px;\"><div class=\"fusion-sep-clear\"><\/div><div class=\"fusion-separator fusion-has-icon\" style=\"margin-left: auto;margin-right: auto;margin-top:40px;margin-bottom:60px;width:100%;max-width:70%;\"><div class=\"fusion-separator-border sep-single sep-solid\" style=\"border-color:#e5a772;border-top-width:1px;\"><\/div><span class=\"icon-wrapper\" style=\"border-color:transparent;font-size:16px;width: 1.75em; height: 1.75em;border-width:1px;padding:1px;margin-top:-0.5px\"><i class=\"fa-dot-circle fas\" style=\"font-size: inherit;color:#e5a772;\" aria-hidden=\"true\"><\/i><\/span><div class=\"fusion-separator-border sep-single sep-solid\" style=\"border-color:#e5a772;border-top-width:1px;\"><\/div><\/div><div class=\"fusion-sep-clear\"><\/div><style type=\"text\/css\"><\/style><div class=\"fusion-title title fusion-title-2 fusion-sep-none fusion-title-text fusion-title-size-two\" style=\"margin-top:10px;margin-right:0px;margin-bottom:15px;margin-left:0px;\"><h2 class=\"title-heading-left\" style=\"margin:0;\">Prawne aspekty aborcji w Austrii<\/h2><\/div><div class=\"fusion-text fusion-text-5\"><p>Zgodnie z \u00a797\u00a0<strong>Przerwanie ci\u0105\u017cy nie jest karalne<\/strong>, poni\u017cej wyci\u0105g z kodeksu karnego.<\/p>\n<\/div><style type=\"text\/css\"><\/style><div class=\"fusion-title title fusion-title-3 fusion-sep-none fusion-title-text fusion-title-size-three\" style=\"margin-top:10px;margin-right:0px;margin-bottom:15px;margin-left:0px;\"><h3 class=\"title-heading-left\" style=\"margin:0;\">Przerwanie ci\u0105\u017cy (aborcja) \u2013 regulacje ustawowe<\/h3><\/div><div class=\"fusion-text fusion-text-6\"><p>Tutaj znajdziesz informacje odno\u015bnie sytuacji prawnej w Austrii.\u00a0<strong>Przyje\u017cd\u017caj\u0105c do Austrii znajdujesz si\u0119 pod jurysdykcj\u0105 tego kraju i tym samym aborcja jest dla Ciebie legalna.<\/strong><\/p>\n<p>Regulacje prawne dot. aborcji.<\/p>\n<p>Niekaralno\u015b\u0107 aborcji uregulowana jest w \u00a0kodeksie karnym (StGB) z dnia 29.1. 1974, \u00a7 97:<\/p>\n<p>(1) Zgodnie z \u00a796 czyn nie jest karalny,<\/p>\n<ol>\n<li>je\u015bli aborcja przeprowadzona zostanie w pierwszych trzech miesi\u0105cach od rozpocz\u0119cia ci\u0105\u017cy po wcze\u015bniejszej konsultacji medycznej przeprowadzonej przez lekarza; albo<\/li>\n<li>je\u015bli przerwanie ci\u0105\u017cy konieczne jest do uchronienia si\u0119 przed powa\u017cnym zagro\u017cenia dla \u017cycia, kt\u00f3re niemo\u017cliwe jest do unikni\u0119cia w inny spos\u00f3b, lub unikni\u0119cia ci\u0119\u017ckiego uszczerbku na zdrowia fizycznego lub psychicznego kobiety ci\u0119\u017carnej, lub gdy istnieje powa\u017cne niebezpiecze\u0144stwo, \u017ce dziecko b\u0119dzie ci\u0119\u017cko upo\u015bledzone fizycznie lub psychicznie, lub ci\u0119\u017carna w czasie zaj\u015bcia w ci\u0105\u017c\u0119 by\u0142a ma\u0142oletnia i w tych wszystkich przypadkach aborcja zostanie przeprowadzona przez lekarza; albo<\/li>\n<li>je\u015bli przerwanie ci\u0105\u017cy zastosowane zostanie do ratowania ci\u0119\u017carnej w sytuacji bezpo\u015bredniego i niemo\u017cliwego do unikni\u0119cia w inny spos\u00f3b zagro\u017cenia \u017cycia, w sytuacji w kt\u00f3rej szybka pomoc medyczna nie jest mo\u017cliwa.<\/li>\n<\/ol>\n<p>(2) \u017baden lekarz nie jest zobowi\u0105zany do przeprowadzenia aborcji albo do pomocy przy zabiegu przerwania ci\u0105\u017cy, o ile nie jest konieczna natychmiastowa aborcja, by ratowa\u0107 ci\u0119\u017carn\u0105 przed gro\u017c\u0105cym jej bezpo\u015brednio niebezpiecze\u0144stwem dla \u017cycia, \u00a0przed kt\u00f3rym nie ci\u0119\u017carna nie mo\u017ce zosta\u0107 uchroniona w \u017caden inny spos\u00f3b. Zapis dotyczy r\u00f3wnie\u017c personelu piel\u0119gniarskiego, personelu medyczno-technicznego i sanitariuszy\/sanitariuszek.<\/p>\n<p>(3) Nikt nie mo\u017ce by\u0107 dyskryminowany z tytu\u0142u przeprowadzenia niekaralnego zabiegu przerwania ci\u0105\u017cy, albo z tytu\u0142u wsp\u00f3\u0142dzia\u0142ania, czy te\u017c w wyniku odmowy przeprowadzenia takiego zabiegu lub wsp\u00f3\u0142dzia\u0142ania.<\/p>\n<\/div><div class=\"fusion-text fusion-text-7\"><p style=\"border: 1px solid #e5a772; border-radius: 5px; background: rgba(229,167,114,0.15); padding: 1em; text-align: center;\"><em>Mo\u017cesz \u0142atwo um\u00f3wi\u0107 si\u0119 na wizyt\u0119 w VenusMed w Wiedniu telefonicznie pod numerem <a href=\"tel:+4318908070\">+43 1 890 80 70,<\/a>\u00a0e-mailem na adres <a href=\"mailto:info@venusmed.at\">info@venusmed.at<\/a> lub korzystaj\u0105c z poni\u017cszego <a href=\"#kontakt\"><strong>formularza kontaktowego<\/strong><\/a>. <\/em><em>Umawiamy si\u0119 r\u00f3wnie\u017c na kr\u00f3tkie terminy!<\/em><\/p>\n<\/div>\n<style type=\"text\/css\"><\/style><div class=\"fusion-title title fusion-title-4 fusion-sep-none fusion-title-text fusion-title-size-three\" style=\"margin-top:10px;margin-right:0px;margin-bottom:15px;margin-left:0px;\"><h3 class=\"title-heading-left\" style=\"margin:0;\">Zgoda osoby ma\u0142oletniej na przeprowadzenie zabiegu medycznego<\/h3><\/div><div class=\"fusion-text fusion-text-8\"><p>Wyra\u017cenie zgody osoby ma\u0142oletniej na przeprowadzenie zabiegu medycznego uregulowane jest w Ustawie o Prawach Dziecka z 2001 roku (KindR\u00c4G 2001) z dnia 29.12.2000.<\/p>\n<ul>\n<li>\u00a7 146c. (1) Zgod\u0119 na przeprowadzenie zabiegu medycznego mo\u017ce samodzielnie wyrazi\u0107 dziecko zdolne do suwerennego os\u0105du; w razie w\u0105tpliwo\u015bci zak\u0142adane jest posiadanie zdolno\u015bci do oceny sytuacji i podj\u0119cia decyzji. Je\u015bli brak jest koniecznej zdolno\u015bci oceny, wtedy wymagana jest zgoda osoby odpowiedzialnej za opiek\u0119 i wychowanie.<\/li>\n<li>\u00a7 21 akapit 2: Osobami ma\u0142oletnimi s\u0105 osoby, kt\u00f3re nie sko\u0144czy\u0142y osiemnastego roku \u017cycia; osoby ma\u0142oletnie, kt\u00f3re nie sko\u0144czy\u0142y czternastego roku \u017cycia, wymagaj\u0105 zgody opiekuna lub rodzica.<\/li>\n<\/ul>\n<p>Wszystkie ustawy mo\u017cna znale\u017a\u0107 na stronie <a href=\"http:\/\/www.ris.bka.gv.at\" target=\"_blank\" rel=\"noopener noreferrer\">www.ris.bka.gv.at<\/a>.<\/p>\n<\/div><div class=\"fusion-clearfix\"><\/div><\/div><\/div><\/div><\/div><div class=\"fusion-fullwidth fullwidth-box fusion-builder-row-4 nonhundred-percent-fullwidth non-hundred-percent-height-scrolling fusion-no-small-visibility\" style=\"background-color: rgba(255,255,255,0);background-position: center center;background-repeat: no-repeat;padding-top:0px;padding-right:0px;padding-bottom:0px;padding-left:0px;margin-bottom: 0px;margin-top: 0px;border-width: 0px 0px 0px 0px;border-color:#e2e2e2;border-style:solid;\" ><div class=\"fusion-builder-row fusion-row\"><div class=\"fusion-layout-column fusion_builder_column fusion-builder-column-3 fusion_builder_column_1_1 1_1 fusion-one-full fusion-column-first fusion-column-last\" style=\"margin-top:0px;margin-bottom:0px;\"><div class=\"fusion-column-wrapper fusion-flex-column-wrapper-legacy\" style=\"background-position:left top;background-repeat:no-repeat;-webkit-background-size:cover;-moz-background-size:cover;-o-background-size:cover;background-size:cover;padding: 0px 0px 0px 0px;\"><div class=\"fusion-sep-clear\"><\/div><div class=\"fusion-separator fusion-has-icon\" style=\"margin-left: auto;margin-right: auto;margin-top:40px;margin-bottom:60px;width:100%;max-width:70%;\"><div class=\"fusion-separator-border sep-single sep-solid\" style=\"border-color:#e5a772;border-top-width:1px;\"><\/div><span class=\"icon-wrapper\" style=\"border-color:transparent;font-size:16px;width: 1.75em; height: 1.75em;border-width:1px;padding:1px;margin-top:-0.5px\"><i class=\"fa-dot-circle fas\" style=\"font-size: inherit;color:#e5a772;\" aria-hidden=\"true\"><\/i><\/span><div class=\"fusion-separator-border sep-single sep-solid\" style=\"border-color:#e5a772;border-top-width:1px;\"><\/div><\/div><div class=\"fusion-sep-clear\"><\/div><style type=\"text\/css\"><\/style><div class=\"fusion-title title fusion-title-5 fusion-sep-none fusion-title-text fusion-title-size-two\" style=\"margin-top:10px;margin-right:0px;margin-bottom:15px;margin-left:0px;\"><h2 class=\"title-heading-left\" style=\"margin:0;\">Koszt przerwania ci\u0105\u017cy<\/h2><\/div>\n<div class=\"table-2\">\n<table width=\"100%\">\n<thead>\n<tr>\n<th align=\"left\">Us\u0142uga<\/th>\n<th align=\"left\">Koszty<\/th>\n<\/tr>\n<\/thead>\n<tbody>\n<tr>\n<td align=\"left\">Przerwanie ci\u0105\u017cy (chir.) \u0142\u0105cznie z narkoz\u0105<\/td>\n<td align=\"left\">590 \u20ac (do 10. Tydzie\u0144 ci\u0105\u017cy),<br \/>\n640 \u20ac (z 10. Tydzie\u0144 ci\u0105\u017cy)<\/td>\n<\/tr>\n<tr>\n<td align=\"left\">Przerwanie ci\u0105\u017cy przez lek<\/td>\n<td align=\"left\">560 \u20ac<\/td>\n<\/tr>\n<\/tbody>\n<\/table>\n<\/div>\n<div class=\"fusion-sep-clear\"><\/div><div class=\"fusion-separator fusion-full-width-sep\" style=\"margin-left: auto;margin-right: auto;margin-top:20px;width:100%;\"><\/div><div class=\"fusion-sep-clear\"><\/div><div class=\"fusion-text fusion-text-9\"><p>Mo\u017cliwa jest p\u0142atno\u015b\u0107 got\u00f3wk\u0105, akceptujemy r\u00f3wnie\u017c karty bankomatowe i karty kredytowe.<\/p>\n<\/div><div class=\"fusion-clearfix\"><\/div><\/div><\/div><\/div><\/div><div class=\"fusion-fullwidth fullwidth-box fusion-builder-row-5 nonhundred-percent-fullwidth non-hundred-percent-height-scrolling fusion-no-medium-visibility fusion-no-large-visibility\" style=\"background-color: rgba(255,255,255,0);background-position: center center;background-repeat: no-repeat;padding-top:0px;padding-right:0px;padding-bottom:0px;padding-left:0px;margin-bottom: 0px;margin-top: 0px;border-width: 0px 0px 0px 0px;border-color:#e2e2e2;border-style:solid;\" ><div class=\"fusion-builder-row fusion-row\"><div class=\"fusion-layout-column fusion_builder_column fusion-builder-column-4 fusion_builder_column_1_1 1_1 fusion-one-full fusion-column-first fusion-column-last\" style=\"margin-top:0px;margin-bottom:0px;\"><div class=\"fusion-column-wrapper fusion-flex-column-wrapper-legacy\" style=\"background-position:left top;background-repeat:no-repeat;-webkit-background-size:cover;-moz-background-size:cover;-o-background-size:cover;background-size:cover;padding: 0px 0px 0px 0px;\"><div class=\"fusion-sep-clear\"><\/div><div class=\"fusion-separator fusion-has-icon\" style=\"margin-left: auto;margin-right: auto;margin-top:40px;margin-bottom:60px;width:100%;max-width:70%;\"><div class=\"fusion-separator-border sep-single sep-solid\" style=\"border-color:#e5a772;border-top-width:1px;\"><\/div><span class=\"icon-wrapper\" style=\"border-color:transparent;font-size:16px;width: 1.75em; height: 1.75em;border-width:1px;padding:1px;margin-top:-0.5px\"><i class=\"fa-dot-circle fas\" style=\"font-size: inherit;color:#e5a772;\" aria-hidden=\"true\"><\/i><\/span><div class=\"fusion-separator-border sep-single sep-solid\" style=\"border-color:#e5a772;border-top-width:1px;\"><\/div><\/div><div class=\"fusion-sep-clear\"><\/div><div class=\"fusion-clearfix\"><\/div><\/div><\/div><div class=\"fusion-layout-column fusion_builder_column fusion-builder-column-5 fusion_builder_column_1_1 1_1 fusion-one-full fusion-column-first fusion-column-last\" style=\"margin-top:0px;margin-bottom:0px;\"><div class=\"fusion-column-wrapper fusion-flex-column-wrapper-legacy\" style=\"background-position:left top;background-repeat:no-repeat;-webkit-background-size:cover;-moz-background-size:cover;-o-background-size:cover;background-size:cover;border-radius:5px 5px 0px 0px;background-color:#e5a772;border-radius:5px 5px 0px 0px;overflow:hidden;padding: 10px 10px 10px 10px;\"><style type=\"text\/css\"><\/style><div class=\"fusion-title title fusion-title-6 fusion-sep-none fusion-title-center fusion-title-text fusion-title-size-two\" style=\"font-size:24px;margin-top:10px;margin-right:0px;margin-bottom:15px;margin-left:0px;\"><h2 class=\"title-heading-center\" style=\"margin:0;font-size:1em;color:#ffffff;\">Koszt przerwania ci\u0105\u017cy<\/h2><\/div><div class=\"fusion-clearfix\"><\/div><\/div><\/div><div class=\"fusion-layout-column fusion_builder_column fusion-builder-column-6 fusion_builder_column_1_1 1_1 fusion-one-full fusion-column-first fusion-column-last\" style=\"margin-top:0px;margin-bottom:20px;\"><div class=\"fusion-column-wrapper fusion-flex-column-wrapper-legacy\" style=\"background-position:left top;background-repeat:no-repeat;-webkit-background-size:cover;-moz-background-size:cover;-o-background-size:cover;background-size:cover;border-radius:0px 0px 5px 5px;background-color:#f6f6f6;border-radius:0px 0px 5px 5px;overflow:hidden;padding: 20px 20px 0px 20px;\"><div class=\"fusion-text fusion-text-10\"><p>Przerwanie ci\u0105\u017cy (chir.) \u0142\u0105cznie z narkoz\u0105<br \/>\n<strong>Koszty:<\/strong> 600 \u20ac<\/p>\n<hr \/>\n<p>Przerwanie ci\u0105\u017cy przez lek<br \/>\n<strong>Koszty:<\/strong> 550 \u20ac<\/p>\n<\/div><div class=\"fusion-clearfix\"><\/div><\/div><\/div><div class=\"fusion-layout-column fusion_builder_column fusion-builder-column-7 fusion_builder_column_1_1 1_1 fusion-one-full fusion-column-first fusion-column-last\" style=\"margin-top:0px;margin-bottom:0px;\"><div class=\"fusion-column-wrapper fusion-flex-column-wrapper-legacy\" style=\"background-position:left top;background-repeat:no-repeat;-webkit-background-size:cover;-moz-background-size:cover;-o-background-size:cover;background-size:cover;padding: 0px 0px 0px 0px;\"><div class=\"fusion-sep-clear\"><\/div><div class=\"fusion-separator fusion-full-width-sep\" style=\"margin-left: auto;margin-right: auto;margin-top:10px;width:100%;\"><\/div><div class=\"fusion-sep-clear\"><\/div><div class=\"fusion-text fusion-text-11\"><p>Mo\u017cliwa jest p\u0142atno\u015b\u0107 got\u00f3wk\u0105, akceptujemy r\u00f3wnie\u017c karty bankomatowe i karty kredytowe.<\/p>\n<\/div><div class=\"fusion-clearfix\"><\/div><\/div><\/div><\/div><\/div><\/p>\n","protected":false},"excerpt":{"rendered":"","protected":false},"author":2,"featured_media":0,"parent":0,"menu_order":0,"comment_status":"closed","ping_status":"closed","template":"","meta":[],"yoast_head":"<!-- This site is optimized with the Yoast SEO plugin v16.5 - https:\/\/yoast.com\/wordpress\/plugins\/seo\/ -->\n<title>Aborcja VenusMed Wiede\u0144<\/title>\n<meta name=\"description\" content=\"Przerwanie ci\u0105\u017cy w VenusMed: u nas mo\u017cesz podda\u0107 si\u0119 zabiegowi aborcji do ko\u0144ca 3. miesi\u0105ca ci\u0105\u017cy.\" \/>\n<meta name=\"robots\" content=\"index, follow, max-snippet:-1, max-image-preview:large, max-video-preview:-1\" \/>\n<link rel=\"canonical\" href=\"https:\/\/www.venusmed.at\/pl\/aborcja-w-wiedniu\/\" \/>\n<meta property=\"og:locale\" content=\"pl_PL\" \/>\n<meta property=\"og:type\" content=\"article\" \/>\n<meta property=\"og:title\" content=\"Aborcja VenusMed Wiede\u0144\" \/>\n<meta property=\"og:description\" content=\"Przerwanie ci\u0105\u017cy w VenusMed: u nas mo\u017cesz podda\u0107 si\u0119 zabiegowi aborcji do ko\u0144ca 3. miesi\u0105ca ci\u0105\u017cy.\" \/>\n<meta property=\"og:url\" content=\"https:\/\/www.venusmed.at\/pl\/aborcja-w-wiedniu\/\" \/>\n<meta property=\"og:site_name\" content=\"VenusMed \u2013 Zentrum f\u00fcr Sexualmedizin\" \/>\n<meta property=\"article:modified_time\" content=\"2025-12-01T14:07:51+00:00\" \/>\n<meta name=\"twitter:card\" content=\"summary_large_image\" \/>\n<meta name=\"twitter:label1\" content=\"Est. reading time\" \/>\n\t<meta name=\"twitter:data1\" content=\"24 minutes\" \/>\n<script type=\"application\/ld+json\" class=\"yoast-schema-graph\">{\"@context\":\"https:\/\/schema.org\",\"@graph\":[{\"@type\":\"WebSite\",\"@id\":\"https:\/\/www.venusmed.at\/#website\",\"url\":\"https:\/\/www.venusmed.at\/\",\"name\":\"VenusMed \\u2013 Zentrum f\\u00fcr Sexualmedizin\",\"description\":\"VenusMed sind Spezialisten f\\u00fcr Sexualmedizin in Wien\",\"potentialAction\":[{\"@type\":\"SearchAction\",\"target\":\"https:\/\/www.venusmed.at\/?s={search_term_string}\",\"query-input\":\"required name=search_term_string\"}],\"inLanguage\":\"pl-PL\"},{\"@type\":\"WebPage\",\"@id\":\"https:\/\/www.venusmed.at\/pl\/aborcja-w-wiedniu\/#webpage\",\"url\":\"https:\/\/www.venusmed.at\/pl\/aborcja-w-wiedniu\/\",\"name\":\"Aborcja VenusMed Wiede\\u0144\",\"isPartOf\":{\"@id\":\"https:\/\/www.venusmed.at\/#website\"},\"datePublished\":\"2020-09-21T15:50:09+00:00\",\"dateModified\":\"2025-12-01T14:07:51+00:00\",\"description\":\"Przerwanie ci\\u0105\\u017cy w VenusMed: u nas mo\\u017cesz podda\\u0107 si\\u0119 zabiegowi aborcji do ko\\u0144ca 3. miesi\\u0105ca ci\\u0105\\u017cy.\",\"breadcrumb\":{\"@id\":\"https:\/\/www.venusmed.at\/pl\/aborcja-w-wiedniu\/#breadcrumb\"},\"inLanguage\":\"pl-PL\",\"potentialAction\":[{\"@type\":\"ReadAction\",\"target\":[\"https:\/\/www.venusmed.at\/pl\/aborcja-w-wiedniu\/\"]}]},{\"@type\":\"BreadcrumbList\",\"@id\":\"https:\/\/www.venusmed.at\/pl\/aborcja-w-wiedniu\/#breadcrumb\",\"itemListElement\":[{\"@type\":\"ListItem\",\"position\":1,\"name\":\"Startseite\",\"item\":\"https:\/\/www.venusmed.at\/\"},{\"@type\":\"ListItem\",\"position\":2,\"name\":\"Aborcja w Wiedniu\"}]}]}<\/script>\n<!-- \/ Yoast SEO plugin. -->","_links":{"self":[{"href":"https:\/\/www.venusmed.at\/pl\/wp-json\/wp\/v2\/pages\/10496"}],"collection":[{"href":"https:\/\/www.venusmed.at\/pl\/wp-json\/wp\/v2\/pages"}],"about":[{"href":"https:\/\/www.venusmed.at\/pl\/wp-json\/wp\/v2\/types\/page"}],"author":[{"embeddable":true,"href":"https:\/\/www.venusmed.at\/pl\/wp-json\/wp\/v2\/users\/2"}],"replies":[{"embeddable":true,"href":"https:\/\/www.venusmed.at\/pl\/wp-json\/wp\/v2\/comments?post=10496"}],"version-history":[{"count":2,"href":"https:\/\/www.venusmed.at\/pl\/wp-json\/wp\/v2\/pages\/10496\/revisions"}],"predecessor-version":[{"id":11180,"href":"https:\/\/www.venusmed.at\/pl\/wp-json\/wp\/v2\/pages\/10496\/revisions\/11180"}],"wp:attachment":[{"href":"https:\/\/www.venusmed.at\/pl\/wp-json\/wp\/v2\/media?parent=10496"}],"curies":[{"name":"wp","href":"https:\/\/api.w.org\/{rel}","templated":true}]}}