{"id":10487,"date":"2020-09-21T14:42:43","date_gmt":"2020-09-21T14:42:43","guid":{"rendered":"http:\/\/www.venusmed.at\/saglik\/padam\/"},"modified":"2020-10-06T14:49:14","modified_gmt":"2020-10-06T14:49:14","slug":"padam","status":"publish","type":"page","link":"https:\/\/www.venusmed.at\/tr\/saglik\/padam\/","title":{"rendered":"PADAM"},"content":{"rendered":"<p><div class=\"fusion-fullwidth fullwidth-box fusion-builder-row-1 nonhundred-percent-fullwidth non-hundred-percent-height-scrolling\" style=\"background-color: rgba(255,255,255,0);background-position: center center;background-repeat: no-repeat;padding-top:0px;padding-right:0px;padding-bottom:0px;padding-left:0px;margin-bottom: 0px;margin-top: 0px;border-width: 0px 0px 0px 0px;border-color:#e2e2e2;border-style:solid;\" ><div class=\"fusion-builder-row fusion-row\"><div class=\"fusion-layout-column fusion_builder_column fusion-builder-column-0 fusion_builder_column_1_1 1_1 fusion-one-full fusion-column-first fusion-column-last\" style=\"margin-top:0px;margin-bottom:0px;\"><div class=\"fusion-column-wrapper fusion-flex-column-wrapper-legacy\" style=\"background-position:left top;background-repeat:no-repeat;-webkit-background-size:cover;-moz-background-size:cover;-o-background-size:cover;background-size:cover;padding: 0px 0px 0px 0px;\"><div class=\"fusion-text fusion-text-1\"><p><strong>Andropoz (PADAM)\u00a0<\/strong>(ya\u015flanan erkekte erkeklik hormunu yetersili\u011fi). Erkekte de kad\u0131nlarda menapozda oldu\u011fu gibi hormon seviyelerinde bir de\u011fi\u015fiklik s\u00f6z konusudur. 45- 50 ya\u015f\u0131ndan itibaren erkeklik hormonu olan testosteron yan\u0131nda b\u00f6brek \u00fcst\u00fc bezinden salg\u0131lanan ayn\u0131 yap\u0131daki hormonlar devaml\u0131 bir d\u00fc\u015f\u00fc\u015f g\u00f6stermektedir.<\/p>\n<\/div><div class=\"fusion-text fusion-text-2\"><p style=\"border: 1px solid #bc9fc8; border-radius: 5px; background: rgba(188,159,200,0.15); padding: 1em; text-align: center;\"><em>Viyana VenusMed&#8217;de <a href=\"tel:+4318908070\">+43 1 890 80 70,<\/a>\u00a0numaral\u0131 telefondan <a href=\"mailto:info@venusmed.at\">info@venusmed.at<\/a> adresine e-posta g\u00f6ndererek veya a\u015fa\u011f\u0131daki kullanarak kolayca randevu alabilirsiniz. <a href=\"#kontakt\"><strong>ileti\u015fim formumuzu<\/strong><\/a> kullanarak kolayca randevu alabilirsiniz. <\/em><em>Ayr\u0131ca k\u0131sa s\u00fcrede randevu veriyoruz!<\/em><\/p>\n<\/div>\n<div class=\"fusion-text fusion-text-3\"><p>Andropoz olarak adland\u0131r\u0131lan bu durum, cinsel fonksiyonun gerilemesi yan\u0131nda, cinsel arzu ve zihinsel fonksiyonlarda da d\u00fc\u015fmeye neden olmaktad\u0131r. Andropoz terimi yayg\u0131n kullan\u0131m\u0131na ra\u011fmen \u00e7ok do\u011fru bir tan\u0131mlama de\u011fildir. Kad\u0131nlarda menopozla birlikte \u00fcreme \u00f6zellikleri tamamen ve akut olarak bitmesine kar\u015f\u0131n, erkeklerde \u00fcreme kapasitesi ilerleyen ya\u015fa ra\u011fmen devam edebilir. Bu ba\u011flamda \u201cya\u015flanan erkeklerde androjen eksikli\u011fi \u2018andropoz\u2019a g\u00f6re daha do\u011fru bir tan\u0131md\u0131r.<\/p>\n<\/div><div class=\"fusion-clearfix\"><\/div><\/div><\/div><\/div><\/div><div class=\"fusion-fullwidth fullwidth-box fusion-builder-row-2 nonhundred-percent-fullwidth non-hundred-percent-height-scrolling fusion-no-small-visibility\" style=\"background-color: rgba(255,255,255,0);background-position: center center;background-repeat: no-repeat;padding-top:0px;padding-right:0px;padding-bottom:0px;padding-left:0px;margin-bottom: 0px;margin-top: 0px;border-width: 0px 0px 0px 0px;border-color:#e2e2e2;border-style:solid;\" ><div class=\"fusion-builder-row fusion-row\"><div class=\"fusion-layout-column fusion_builder_column fusion-builder-column-1 fusion_builder_column_1_1 1_1 fusion-one-full fusion-column-first fusion-column-last\" style=\"margin-top:0px;margin-bottom:0px;\"><div class=\"fusion-column-wrapper fusion-flex-column-wrapper-legacy\" style=\"background-position:left top;background-repeat:no-repeat;-webkit-background-size:cover;-moz-background-size:cover;-o-background-size:cover;background-size:cover;padding: 0px 0px 0px 0px;\"><div class=\"fusion-sep-clear\"><\/div><div class=\"fusion-separator fusion-has-icon\" style=\"margin-left: auto;margin-right: auto;margin-top:40px;margin-bottom:60px;width:100%;max-width:70%;\"><div class=\"fusion-separator-border sep-single sep-solid\" style=\"border-color:#bc9fc8;border-top-width:1px;\"><\/div><span class=\"icon-wrapper\" style=\"border-color:transparent;font-size:16px;width: 1.75em; height: 1.75em;border-width:1px;padding:1px;margin-top:-0.5px\"><i class=\"fa-plus-square fas\" style=\"font-size: inherit;color:#bc9fc8;\" aria-hidden=\"true\"><\/i><\/span><div class=\"fusion-separator-border sep-single sep-solid\" style=\"border-color:#bc9fc8;border-top-width:1px;\"><\/div><\/div><div class=\"fusion-sep-clear\"><\/div><style type=\"text\/css\"><\/style><div class=\"fusion-title title fusion-title-1 fusion-sep-none fusion-title-text fusion-title-size-two\" style=\"margin-top:10px;margin-right:0px;margin-bottom:15px;margin-left:0px;\"><h2 class=\"title-heading-left\" style=\"margin:0;\">PADAM dan\u0131\u015fmanl\u0131\u011f\u0131n\u0131n maliyeti<\/h2><\/div>\n<div class=\"table-2\">\n<table width=\"100%\">\n<thead>\n<tr>\n<th align=\"left\">Hizmet<\/th>\n<th align=\"left\">Fiyat<\/th>\n<\/tr>\n<\/thead>\n<tbody>\n<tr>\n<td align=\"left\">PADAM Ara\u015ft\u0131rma ve Tavsiye<\/td>\n<td align=\"left\">85 \u20ac<\/td>\n<\/tr>\n<\/tbody>\n<\/table>\n<\/div>\n<div class=\"fusion-sep-clear\"><\/div><div class=\"fusion-separator fusion-full-width-sep\" style=\"margin-left: auto;margin-right: auto;margin-top:20px;width:100%;\"><\/div><div class=\"fusion-sep-clear\"><\/div><div class=\"fusion-text fusion-text-4\"><p>Nakit \u00f6deme, Maestro kart\u0131 ile \u00f6deme veya kredi kart\u0131 ile \u00f6deme bizde yapabilirsiniz.<\/p>\n<\/div><div class=\"fusion-clearfix\"><\/div><\/div><\/div><\/div><\/div><div class=\"fusion-fullwidth fullwidth-box fusion-builder-row-3 nonhundred-percent-fullwidth non-hundred-percent-height-scrolling fusion-no-medium-visibility fusion-no-large-visibility\" style=\"background-color: rgba(255,255,255,0);background-position: center center;background-repeat: no-repeat;padding-top:0px;padding-right:0px;padding-bottom:0px;padding-left:0px;margin-bottom: 0px;margin-top: 0px;border-width: 0px 0px 0px 0px;border-color:#e2e2e2;border-style:solid;\" ><div class=\"fusion-builder-row fusion-row\"><div class=\"fusion-layout-column fusion_builder_column fusion-builder-column-2 fusion_builder_column_1_1 1_1 fusion-one-full fusion-column-first fusion-column-last\" style=\"margin-top:0px;margin-bottom:0px;\"><div class=\"fusion-column-wrapper fusion-flex-column-wrapper-legacy\" style=\"background-position:left top;background-repeat:no-repeat;-webkit-background-size:cover;-moz-background-size:cover;-o-background-size:cover;background-size:cover;padding: 0px 0px 0px 0px;\"><div class=\"fusion-sep-clear\"><\/div><div class=\"fusion-separator fusion-has-icon\" style=\"margin-left: auto;margin-right: auto;margin-top:40px;margin-bottom:60px;width:100%;max-width:70%;\"><div class=\"fusion-separator-border sep-single sep-solid\" style=\"border-color:#bc9fc8;border-top-width:1px;\"><\/div><span class=\"icon-wrapper\" style=\"border-color:transparent;font-size:16px;width: 1.75em; height: 1.75em;border-width:1px;padding:1px;margin-top:-0.5px\"><i class=\"fa-plus-square fas\" style=\"font-size: inherit;color:#bc9fc8;\" aria-hidden=\"true\"><\/i><\/span><div class=\"fusion-separator-border sep-single sep-solid\" style=\"border-color:#bc9fc8;border-top-width:1px;\"><\/div><\/div><div class=\"fusion-sep-clear\"><\/div><div class=\"fusion-clearfix\"><\/div><\/div><\/div><div class=\"fusion-layout-column fusion_builder_column fusion-builder-column-3 fusion_builder_column_1_1 1_1 fusion-one-full fusion-column-first fusion-column-last\" style=\"margin-top:0px;margin-bottom:0px;\"><div class=\"fusion-column-wrapper fusion-flex-column-wrapper-legacy\" style=\"background-position:left top;background-repeat:no-repeat;-webkit-background-size:cover;-moz-background-size:cover;-o-background-size:cover;background-size:cover;border-radius:5px 5px 0px 0px;background-color:#bc9fc8;border-radius:5px 5px 0px 0px;overflow:hidden;padding: 10px 10px 10px 10px;\"><style type=\"text\/css\"><\/style><div class=\"fusion-title title fusion-title-2 fusion-sep-none fusion-title-center fusion-title-text fusion-title-size-two\" style=\"font-size:24px;margin-top:10px;margin-right:0px;margin-bottom:15px;margin-left:0px;\"><h2 class=\"title-heading-center\" style=\"margin:0;font-size:1em;color:#ffffff;\">PADAM dan\u0131\u015fmanl\u0131\u011f\u0131n\u0131n maliyeti<\/h2><\/div><div class=\"fusion-clearfix\"><\/div><\/div><\/div><div class=\"fusion-layout-column fusion_builder_column fusion-builder-column-4 fusion_builder_column_1_1 1_1 fusion-one-full fusion-column-first fusion-column-last\" style=\"margin-top:0px;margin-bottom:20px;\"><div class=\"fusion-column-wrapper fusion-flex-column-wrapper-legacy\" style=\"background-position:left top;background-repeat:no-repeat;-webkit-background-size:cover;-moz-background-size:cover;-o-background-size:cover;background-size:cover;border-radius:0px 0px 5px 5px;background-color:#f6f6f6;border-radius:0px 0px 5px 5px;overflow:hidden;padding: 20px 20px 0px 20px;\"><div class=\"fusion-text fusion-text-5\"><p><span class=\"kosten-leistung\">PADAM Ara\u015ft\u0131rma ve Tavsiye<\/span><br \/>\n<strong>Fiyat:<\/strong> 85 \u20ac<\/p>\n<\/div><div class=\"fusion-clearfix\"><\/div><\/div><\/div><div class=\"fusion-layout-column fusion_builder_column fusion-builder-column-5 fusion_builder_column_1_1 1_1 fusion-one-full fusion-column-first fusion-column-last\" style=\"margin-top:0px;margin-bottom:0px;\"><div class=\"fusion-column-wrapper fusion-flex-column-wrapper-legacy\" style=\"background-position:left top;background-repeat:no-repeat;-webkit-background-size:cover;-moz-background-size:cover;-o-background-size:cover;background-size:cover;padding: 0px 0px 0px 0px;\"><div class=\"fusion-sep-clear\"><\/div><div class=\"fusion-separator fusion-full-width-sep\" style=\"margin-left: auto;margin-right: auto;margin-top:10px;width:100%;\"><\/div><div class=\"fusion-sep-clear\"><\/div><div class=\"fusion-text fusion-text-6\"><p>Nakit \u00f6deme, Maestro kart\u0131 ile \u00f6deme veya kredi kart\u0131 ile \u00f6deme bizde yapabilirsiniz.<\/p>\n<\/div><div class=\"fusion-clearfix\"><\/div><\/div><\/div><\/div><\/div><\/p>\n","protected":false},"excerpt":{"rendered":"","protected":false},"author":2,"featured_media":0,"parent":10428,"menu_order":0,"comment_status":"closed","ping_status":"closed","template":"","meta":[],"yoast_head":"<!-- This site is optimized with the Yoast SEO plugin v16.5 - https:\/\/yoast.com\/wordpress\/plugins\/seo\/ -->\n<title>Viyana&#039;da VenusMed&#039;de Andropoz Dan\u0131\u015fmas\u0131<\/title>\n<meta name=\"description\" content=\"Viyana&#039;da VenusMed&#039;de Andropoz Dan\u0131\u015fmas\u0131. Andropoz semptomlar\u0131 ya\u015flanan erkeklerde erkeklik hormunun yetersizli\u011finden kaynaklan\u0131yor.\" \/>\n<meta name=\"robots\" content=\"index, follow, max-snippet:-1, max-image-preview:large, max-video-preview:-1\" \/>\n<link rel=\"canonical\" href=\"https:\/\/www.venusmed.at\/tr\/saglik\/padam\/\" \/>\n<meta property=\"og:locale\" content=\"tr_TR\" \/>\n<meta property=\"og:type\" content=\"article\" \/>\n<meta property=\"og:title\" content=\"Viyana&#039;da VenusMed&#039;de Andropoz Dan\u0131\u015fmas\u0131\" \/>\n<meta property=\"og:description\" content=\"Viyana&#039;da VenusMed&#039;de Andropoz Dan\u0131\u015fmas\u0131. Andropoz semptomlar\u0131 ya\u015flanan erkeklerde erkeklik hormunun yetersizli\u011finden kaynaklan\u0131yor.\" \/>\n<meta property=\"og:url\" content=\"https:\/\/www.venusmed.at\/tr\/saglik\/padam\/\" \/>\n<meta property=\"og:site_name\" content=\"VenusMed \u2013 Zentrum f\u00fcr Sexualmedizin\" \/>\n<meta property=\"article:modified_time\" content=\"2020-10-06T14:49:14+00:00\" \/>\n<meta name=\"twitter:card\" content=\"summary_large_image\" \/>\n<meta name=\"twitter:label1\" content=\"Est. reading time\" \/>\n\t<meta name=\"twitter:data1\" content=\"13 minutes\" \/>\n<script type=\"application\/ld+json\" class=\"yoast-schema-graph\">{\"@context\":\"https:\/\/schema.org\",\"@graph\":[{\"@type\":\"WebSite\",\"@id\":\"https:\/\/www.venusmed.at\/#website\",\"url\":\"https:\/\/www.venusmed.at\/\",\"name\":\"VenusMed \\u2013 Zentrum f\\u00fcr Sexualmedizin\",\"description\":\"VenusMed sind Spezialisten f\\u00fcr Sexualmedizin in Wien\",\"potentialAction\":[{\"@type\":\"SearchAction\",\"target\":\"https:\/\/www.venusmed.at\/?s={search_term_string}\",\"query-input\":\"required name=search_term_string\"}],\"inLanguage\":\"tr-TR\"},{\"@type\":\"WebPage\",\"@id\":\"https:\/\/www.venusmed.at\/tr\/saglik\/padam\/#webpage\",\"url\":\"https:\/\/www.venusmed.at\/tr\/saglik\/padam\/\",\"name\":\"Viyana'da VenusMed'de Andropoz Dan\\u0131\\u015fmas\\u0131\",\"isPartOf\":{\"@id\":\"https:\/\/www.venusmed.at\/#website\"},\"datePublished\":\"2020-09-21T14:42:43+00:00\",\"dateModified\":\"2020-10-06T14:49:14+00:00\",\"description\":\"Viyana'da VenusMed'de Andropoz Dan\\u0131\\u015fmas\\u0131. Andropoz semptomlar\\u0131 ya\\u015flanan erkeklerde erkeklik hormunun yetersizli\\u011finden kaynaklan\\u0131yor.\",\"breadcrumb\":{\"@id\":\"https:\/\/www.venusmed.at\/tr\/saglik\/padam\/#breadcrumb\"},\"inLanguage\":\"tr-TR\",\"potentialAction\":[{\"@type\":\"ReadAction\",\"target\":[\"https:\/\/www.venusmed.at\/tr\/saglik\/padam\/\"]}]},{\"@type\":\"BreadcrumbList\",\"@id\":\"https:\/\/www.venusmed.at\/tr\/saglik\/padam\/#breadcrumb\",\"itemListElement\":[{\"@type\":\"ListItem\",\"position\":1,\"name\":\"Startseite\",\"item\":\"https:\/\/www.venusmed.at\/\"},{\"@type\":\"ListItem\",\"position\":2,\"name\":\"VenusMed\\u2019de Sa\\u011fl\\u0131k\",\"item\":\"http:\/\/www.venusmed.at\/gesundheit\/\"},{\"@type\":\"ListItem\",\"position\":3,\"name\":\"PADAM\"}]}]}<\/script>\n<!-- \/ Yoast SEO plugin. -->","_links":{"self":[{"href":"https:\/\/www.venusmed.at\/tr\/wp-json\/wp\/v2\/pages\/10487"}],"collection":[{"href":"https:\/\/www.venusmed.at\/tr\/wp-json\/wp\/v2\/pages"}],"about":[{"href":"https:\/\/www.venusmed.at\/tr\/wp-json\/wp\/v2\/types\/page"}],"author":[{"embeddable":true,"href":"https:\/\/www.venusmed.at\/tr\/wp-json\/wp\/v2\/users\/2"}],"replies":[{"embeddable":true,"href":"https:\/\/www.venusmed.at\/tr\/wp-json\/wp\/v2\/comments?post=10487"}],"version-history":[{"count":2,"href":"https:\/\/www.venusmed.at\/tr\/wp-json\/wp\/v2\/pages\/10487\/revisions"}],"predecessor-version":[{"id":10670,"href":"https:\/\/www.venusmed.at\/tr\/wp-json\/wp\/v2\/pages\/10487\/revisions\/10670"}],"up":[{"embeddable":true,"href":"https:\/\/www.venusmed.at\/tr\/wp-json\/wp\/v2\/pages\/10428"}],"wp:attachment":[{"href":"https:\/\/www.venusmed.at\/tr\/wp-json\/wp\/v2\/media?parent=10487"}],"curies":[{"name":"wp","href":"https:\/\/api.w.org\/{rel}","templated":true}]}}