{"id":10507,"date":"2020-09-22T10:06:11","date_gmt":"2020-09-22T10:06:11","guid":{"rendered":"http:\/\/www.venusmed.at\/hamilelik\/babalik-testi\/"},"modified":"2020-10-06T14:34:00","modified_gmt":"2020-10-06T14:34:00","slug":"babalik-testi","status":"publish","type":"page","link":"https:\/\/www.venusmed.at\/tr\/hamilelik\/babalik-testi\/","title":{"rendered":"Babal\u0131k Testi"},"content":{"rendered":"<p><div class=\"fusion-fullwidth fullwidth-box fusion-builder-row-1 nonhundred-percent-fullwidth non-hundred-percent-height-scrolling\" style=\"background-color: rgba(255,255,255,0);background-position: center center;background-repeat: no-repeat;padding-top:0px;padding-right:0px;padding-bottom:0px;padding-left:0px;margin-bottom: 0px;margin-top: 0px;border-width: 0px 0px 0px 0px;border-color:#e2e2e2;border-style:solid;\" ><div class=\"fusion-builder-row fusion-row\"><div class=\"fusion-layout-column fusion_builder_column fusion-builder-column-0 fusion_builder_column_1_1 1_1 fusion-one-full fusion-column-first fusion-column-last\" style=\"margin-top:0px;margin-bottom:0px;\"><div class=\"fusion-column-wrapper fusion-flex-column-wrapper-legacy\" style=\"background-position:left top;background-repeat:no-repeat;-webkit-background-size:cover;-moz-background-size:cover;-o-background-size:cover;background-size:cover;padding: 0px 0px 0px 0px;\"><div class=\"fusion-text fusion-text-1\"><p>Do\u011facak \u00e7ocu\u011funuzun babas\u0131 kim mi? Ger\u00e7ekten o \u00e7ocu\u011fun babas\u0131 siz misiniz? VenusMed\u2019de DNA testi ile a\u00e7\u0131kl\u0131k getirebilirsiniz.<\/p>\n<\/div><div class=\"fusion-text fusion-text-2\"><p style=\"border: 1px solid #e5a772; border-radius: 5px; background: rgba(229,167,114,0.15); padding: 1em; text-align: center;\"><em>Viyana VenusMed&#8217;de <a href=\"tel:+4318908070\">+43 1 890 80 70,<\/a>\u00a0numaral\u0131 telefondan <a href=\"mailto:info@venusmed.at\">info@venusmed.at<\/a> adresine e-posta g\u00f6ndererek veya a\u015fa\u011f\u0131daki kullanarak kolayca randevu alabilirsiniz. <a href=\"#kontakt\"><strong>ileti\u015fim formumuzu<\/strong><\/a> kullanarak kolayca randevu alabilirsiniz. <\/em><em>Ayr\u0131ca k\u0131sa s\u00fcrede randevu veriyoruz!<\/em><\/p>\n<\/div>\n<div class=\"fusion-text fusion-text-3\"><p>Babal\u0131k testinde steril pamuk u\u00e7lu \u00e7ubuk ile a\u011f\u0131z\u0131n\u0131z\u0131n i\u00e7 yana\u011f\u0131ndan t\u00fck\u00fcr\u00fck al\u0131n\u0131r. Sonra DNA ile babal\u0131k tesi ger\u00e7ekle\u015fir. Bu test ac\u0131s\u0131zd\u0131r ve yeni do\u011fmu\u015f bebeklerde de uygulan\u0131r. Sonucu 2-3 g\u00fcn sonra \u00f6\u011frenebilirsiniz. Ayr\u0131ca size yaz\u0131l\u0131 test raporu veriliyor.<\/p>\n<\/div><div class=\"fusion-clearfix\"><\/div><\/div><\/div><\/div><\/div><div class=\"fusion-fullwidth fullwidth-box fusion-builder-row-2 nonhundred-percent-fullwidth non-hundred-percent-height-scrolling fusion-no-small-visibility\" style=\"background-color: rgba(255,255,255,0);background-position: center center;background-repeat: no-repeat;padding-top:0px;padding-right:0px;padding-bottom:0px;padding-left:0px;margin-bottom: 0px;margin-top: 0px;border-width: 0px 0px 0px 0px;border-color:#e2e2e2;border-style:solid;\" ><div class=\"fusion-builder-row fusion-row\"><div class=\"fusion-layout-column fusion_builder_column fusion-builder-column-1 fusion_builder_column_1_1 1_1 fusion-one-full fusion-column-first fusion-column-last\" style=\"margin-top:0px;margin-bottom:0px;\"><div class=\"fusion-column-wrapper fusion-flex-column-wrapper-legacy\" style=\"background-position:left top;background-repeat:no-repeat;-webkit-background-size:cover;-moz-background-size:cover;-o-background-size:cover;background-size:cover;padding: 0px 0px 0px 0px;\"><div class=\"fusion-sep-clear\"><\/div><div class=\"fusion-separator fusion-has-icon\" style=\"margin-left: auto;margin-right: auto;margin-top:40px;margin-bottom:60px;width:100%;max-width:70%;\"><div class=\"fusion-separator-border sep-single sep-solid\" style=\"border-color:#e5a772;border-top-width:1px;\"><\/div><span class=\"icon-wrapper\" style=\"border-color:transparent;font-size:16px;width: 1.75em; height: 1.75em;border-width:1px;padding:1px;margin-top:-0.5px\"><i class=\"fa-dot-circle fas\" style=\"font-size: inherit;color:#e5a772;\" aria-hidden=\"true\"><\/i><\/span><div class=\"fusion-separator-border sep-single sep-solid\" style=\"border-color:#e5a772;border-top-width:1px;\"><\/div><\/div><div class=\"fusion-sep-clear\"><\/div><style type=\"text\/css\"><\/style><div class=\"fusion-title title fusion-title-1 fusion-sep-none fusion-title-text fusion-title-size-two\" style=\"margin-top:10px;margin-right:0px;margin-bottom:15px;margin-left:0px;\"><h2 class=\"title-heading-left\" style=\"margin:0;\">Babal\u0131k testin tutar\u0131<\/h2><\/div>\n<div class=\"table-2\">\n<table width=\"100%\">\n<thead>\n<tr>\n<th align=\"left\">Hizmet<\/th>\n<th align=\"left\">Fiyat<\/th>\n<\/tr>\n<\/thead>\n<tbody>\n<tr>\n<td align=\"left\">Babal\u0131k testi<\/td>\n<td align=\"left\">465 \u20ac<\/td>\n<\/tr>\n<\/tbody>\n<\/table>\n<\/div>\n<div class=\"fusion-sep-clear\"><\/div><div class=\"fusion-separator fusion-full-width-sep\" style=\"margin-left: auto;margin-right: auto;margin-top:20px;width:100%;\"><\/div><div class=\"fusion-sep-clear\"><\/div><div class=\"fusion-text fusion-text-4\"><p>Nakit \u00f6deme, Maestro kart\u0131 ile \u00f6deme veya kredi kart\u0131 ile \u00f6deme bizde yapabilirsiniz.<\/p>\n<\/div><div class=\"fusion-clearfix\"><\/div><\/div><\/div><\/div><\/div><div class=\"fusion-fullwidth fullwidth-box fusion-builder-row-3 nonhundred-percent-fullwidth non-hundred-percent-height-scrolling fusion-no-medium-visibility fusion-no-large-visibility\" style=\"background-color: rgba(255,255,255,0);background-position: center center;background-repeat: no-repeat;padding-top:0px;padding-right:0px;padding-bottom:0px;padding-left:0px;margin-bottom: 0px;margin-top: 0px;border-width: 0px 0px 0px 0px;border-color:#e2e2e2;border-style:solid;\" ><div class=\"fusion-builder-row fusion-row\"><div class=\"fusion-layout-column fusion_builder_column fusion-builder-column-2 fusion_builder_column_1_1 1_1 fusion-one-full fusion-column-first fusion-column-last\" style=\"margin-top:0px;margin-bottom:0px;\"><div class=\"fusion-column-wrapper fusion-flex-column-wrapper-legacy\" style=\"background-position:left top;background-repeat:no-repeat;-webkit-background-size:cover;-moz-background-size:cover;-o-background-size:cover;background-size:cover;padding: 0px 0px 0px 0px;\"><div class=\"fusion-sep-clear\"><\/div><div class=\"fusion-separator fusion-has-icon\" style=\"margin-left: auto;margin-right: auto;margin-top:40px;margin-bottom:60px;width:100%;max-width:70%;\"><div class=\"fusion-separator-border sep-single sep-solid\" style=\"border-color:#e5a772;border-top-width:1px;\"><\/div><span class=\"icon-wrapper\" style=\"border-color:transparent;font-size:16px;width: 1.75em; height: 1.75em;border-width:1px;padding:1px;margin-top:-0.5px\"><i class=\"fa-dot-circle fas\" style=\"font-size: inherit;color:#e5a772;\" aria-hidden=\"true\"><\/i><\/span><div class=\"fusion-separator-border sep-single sep-solid\" style=\"border-color:#e5a772;border-top-width:1px;\"><\/div><\/div><div class=\"fusion-sep-clear\"><\/div><div class=\"fusion-clearfix\"><\/div><\/div><\/div><div class=\"fusion-layout-column fusion_builder_column fusion-builder-column-3 fusion_builder_column_1_1 1_1 fusion-one-full fusion-column-first fusion-column-last\" style=\"margin-top:0px;margin-bottom:0px;\"><div class=\"fusion-column-wrapper fusion-flex-column-wrapper-legacy\" style=\"background-position:left top;background-repeat:no-repeat;-webkit-background-size:cover;-moz-background-size:cover;-o-background-size:cover;background-size:cover;border-radius:5px 5px 0px 0px;background-color:#e5a772;border-radius:5px 5px 0px 0px;overflow:hidden;padding: 10px 10px 10px 10px;\"><style type=\"text\/css\"><\/style><div class=\"fusion-title title fusion-title-2 fusion-sep-none fusion-title-center fusion-title-text fusion-title-size-two\" style=\"font-size:24px;margin-top:10px;margin-right:0px;margin-bottom:15px;margin-left:0px;\"><h2 class=\"title-heading-center\" style=\"margin:0;font-size:1em;color:#ffffff;\">Babal\u0131k testin tutar\u0131<\/h2><\/div><div class=\"fusion-clearfix\"><\/div><\/div><\/div><div class=\"fusion-layout-column fusion_builder_column fusion-builder-column-4 fusion_builder_column_1_1 1_1 fusion-one-full fusion-column-first fusion-column-last\" style=\"margin-top:0px;margin-bottom:20px;\"><div class=\"fusion-column-wrapper fusion-flex-column-wrapper-legacy\" style=\"background-position:left top;background-repeat:no-repeat;-webkit-background-size:cover;-moz-background-size:cover;-o-background-size:cover;background-size:cover;border-radius:0px 0px 5px 5px;background-color:#f6f6f6;border-radius:0px 0px 5px 5px;overflow:hidden;padding: 20px 20px 0px 20px;\"><div class=\"fusion-text fusion-text-5\"><p>Babal\u0131k testi<br \/>\n<strong>Fiyat:<\/strong> 465 \u20ac<\/p>\n<\/div><div class=\"fusion-clearfix\"><\/div><\/div><\/div><div class=\"fusion-layout-column fusion_builder_column fusion-builder-column-5 fusion_builder_column_1_1 1_1 fusion-one-full fusion-column-first fusion-column-last\" style=\"margin-top:0px;margin-bottom:0px;\"><div class=\"fusion-column-wrapper fusion-flex-column-wrapper-legacy\" style=\"background-position:left top;background-repeat:no-repeat;-webkit-background-size:cover;-moz-background-size:cover;-o-background-size:cover;background-size:cover;padding: 0px 0px 0px 0px;\"><div class=\"fusion-sep-clear\"><\/div><div class=\"fusion-separator fusion-full-width-sep\" style=\"margin-left: auto;margin-right: auto;margin-top:10px;width:100%;\"><\/div><div class=\"fusion-sep-clear\"><\/div><div class=\"fusion-text fusion-text-6\"><p>Nakit \u00f6deme, Maestro kart\u0131 ile \u00f6deme veya kredi kart\u0131 ile \u00f6deme bizde yapabilirsiniz.<\/p>\n<\/div><div class=\"fusion-clearfix\"><\/div><\/div><\/div><\/div><\/div><\/p>\n","protected":false},"excerpt":{"rendered":"","protected":false},"author":2,"featured_media":0,"parent":10435,"menu_order":0,"comment_status":"closed","ping_status":"closed","template":"","meta":[],"yoast_head":"<!-- This site is optimized with the Yoast SEO plugin v16.5 - https:\/\/yoast.com\/wordpress\/plugins\/seo\/ -->\n<title>Viyana VenusMed\u2019de babal\u0131k testi 465,- \u20ac<\/title>\n<meta name=\"description\" content=\"Viyana VenusMed\u2019de DNA ile babal\u0131k testi 465,- \u20ac. Baba \u00e7ocuk DNA uyum kontrol\u00fc.\" \/>\n<meta name=\"robots\" content=\"index, follow, max-snippet:-1, max-image-preview:large, max-video-preview:-1\" \/>\n<link rel=\"canonical\" href=\"https:\/\/www.venusmed.at\/tr\/hamilelik\/babalik-testi\/\" \/>\n<meta property=\"og:locale\" content=\"tr_TR\" \/>\n<meta property=\"og:type\" content=\"article\" \/>\n<meta property=\"og:title\" content=\"Viyana VenusMed\u2019de babal\u0131k testi 465,- \u20ac\" \/>\n<meta property=\"og:description\" content=\"Viyana VenusMed\u2019de DNA ile babal\u0131k testi 465,- \u20ac. Baba \u00e7ocuk DNA uyum kontrol\u00fc.\" \/>\n<meta property=\"og:url\" content=\"https:\/\/www.venusmed.at\/tr\/hamilelik\/babalik-testi\/\" \/>\n<meta property=\"og:site_name\" content=\"VenusMed \u2013 Zentrum f\u00fcr Sexualmedizin\" \/>\n<meta property=\"article:modified_time\" content=\"2020-10-06T14:34:00+00:00\" \/>\n<meta name=\"twitter:card\" content=\"summary_large_image\" \/>\n<meta name=\"twitter:label1\" content=\"Est. reading time\" \/>\n\t<meta name=\"twitter:data1\" content=\"13 minutes\" \/>\n<script type=\"application\/ld+json\" class=\"yoast-schema-graph\">{\"@context\":\"https:\/\/schema.org\",\"@graph\":[{\"@type\":\"WebSite\",\"@id\":\"https:\/\/www.venusmed.at\/#website\",\"url\":\"https:\/\/www.venusmed.at\/\",\"name\":\"VenusMed \\u2013 Zentrum f\\u00fcr Sexualmedizin\",\"description\":\"VenusMed sind Spezialisten f\\u00fcr Sexualmedizin in Wien\",\"potentialAction\":[{\"@type\":\"SearchAction\",\"target\":\"https:\/\/www.venusmed.at\/?s={search_term_string}\",\"query-input\":\"required name=search_term_string\"}],\"inLanguage\":\"tr-TR\"},{\"@type\":\"WebPage\",\"@id\":\"https:\/\/www.venusmed.at\/tr\/hamilelik\/babalik-testi\/#webpage\",\"url\":\"https:\/\/www.venusmed.at\/tr\/hamilelik\/babalik-testi\/\",\"name\":\"Viyana VenusMed\\u2019de babal\\u0131k testi 465,- \\u20ac\",\"isPartOf\":{\"@id\":\"https:\/\/www.venusmed.at\/#website\"},\"datePublished\":\"2020-09-22T10:06:11+00:00\",\"dateModified\":\"2020-10-06T14:34:00+00:00\",\"description\":\"Viyana VenusMed\\u2019de DNA ile babal\\u0131k testi 465,- \\u20ac. Baba \\u00e7ocuk DNA uyum kontrol\\u00fc.\",\"breadcrumb\":{\"@id\":\"https:\/\/www.venusmed.at\/tr\/hamilelik\/babalik-testi\/#breadcrumb\"},\"inLanguage\":\"tr-TR\",\"potentialAction\":[{\"@type\":\"ReadAction\",\"target\":[\"https:\/\/www.venusmed.at\/tr\/hamilelik\/babalik-testi\/\"]}]},{\"@type\":\"BreadcrumbList\",\"@id\":\"https:\/\/www.venusmed.at\/tr\/hamilelik\/babalik-testi\/#breadcrumb\",\"itemListElement\":[{\"@type\":\"ListItem\",\"position\":1,\"name\":\"Startseite\",\"item\":\"https:\/\/www.venusmed.at\/\"},{\"@type\":\"ListItem\",\"position\":2,\"name\":\"Hamilelik\",\"item\":\"http:\/\/www.venusmed.at\/schwangerschaft\/\"},{\"@type\":\"ListItem\",\"position\":3,\"name\":\"Babal\\u0131k Testi\"}]}]}<\/script>\n<!-- \/ Yoast SEO plugin. -->","_links":{"self":[{"href":"https:\/\/www.venusmed.at\/tr\/wp-json\/wp\/v2\/pages\/10507"}],"collection":[{"href":"https:\/\/www.venusmed.at\/tr\/wp-json\/wp\/v2\/pages"}],"about":[{"href":"https:\/\/www.venusmed.at\/tr\/wp-json\/wp\/v2\/types\/page"}],"author":[{"embeddable":true,"href":"https:\/\/www.venusmed.at\/tr\/wp-json\/wp\/v2\/users\/2"}],"replies":[{"embeddable":true,"href":"https:\/\/www.venusmed.at\/tr\/wp-json\/wp\/v2\/comments?post=10507"}],"version-history":[{"count":2,"href":"https:\/\/www.venusmed.at\/tr\/wp-json\/wp\/v2\/pages\/10507\/revisions"}],"predecessor-version":[{"id":10641,"href":"https:\/\/www.venusmed.at\/tr\/wp-json\/wp\/v2\/pages\/10507\/revisions\/10641"}],"up":[{"embeddable":true,"href":"https:\/\/www.venusmed.at\/tr\/wp-json\/wp\/v2\/pages\/10435"}],"wp:attachment":[{"href":"https:\/\/www.venusmed.at\/tr\/wp-json\/wp\/v2\/media?parent=10507"}],"curies":[{"name":"wp","href":"https:\/\/api.w.org\/{rel}","templated":true}]}}