{"id":10513,"date":"2020-09-22T12:17:06","date_gmt":"2020-09-22T12:17:06","guid":{"rendered":"http:\/\/www.venusmed.at\/venusmedde-cinsellik\/dertsiz-ask\/"},"modified":"2020-10-07T08:20:48","modified_gmt":"2020-10-07T08:20:48","slug":"dertsiz-ask","status":"publish","type":"page","link":"https:\/\/www.venusmed.at\/tr\/venusmedde-cinsellik\/dertsiz-ask\/","title":{"rendered":"Dertsiz A\u015fk"},"content":{"rendered":"<p><div class=\"fusion-fullwidth fullwidth-box fusion-builder-row-1 nonhundred-percent-fullwidth non-hundred-percent-height-scrolling\" style=\"background-color: rgba(255,255,255,0);background-position: center center;background-repeat: no-repeat;padding-top:0px;padding-right:0px;padding-bottom:0px;padding-left:0px;margin-bottom: 0px;margin-top: 0px;border-width: 0px 0px 0px 0px;border-color:#e2e2e2;border-style:solid;\" ><div class=\"fusion-builder-row fusion-row\"><div class=\"fusion-layout-column fusion_builder_column fusion-builder-column-0 fusion_builder_column_1_1 1_1 fusion-one-full fusion-column-first fusion-column-last\" style=\"margin-top:0px;margin-bottom:0px;\"><div class=\"fusion-column-wrapper fusion-flex-column-wrapper-legacy\" style=\"background-position:left top;background-repeat:no-repeat;-webkit-background-size:cover;-moz-background-size:cover;-o-background-size:cover;background-size:cover;padding: 0px 0px 0px 0px;\"><div class=\"fusion-text fusion-text-1\"><p>A\u015fk ac\u0131s\u0131: Hemen hemen herkesin, ya\u015fl\u0131 veya gen\u00e7 olsun, zengin veya fakir olsun, hetero veya homoseks\u00fcel olsun, ba\u015f\u0131na geliyor. Beklenmedik anda sevdi\u011finiz insan hayat\u0131n\u0131zdan aniden kayboluyor. Sevdi\u011fi insandan ayr\u0131l\u0131k baz\u0131 insanlar i\u00e7in hayatlar\u0131nda b\u00fcy\u00fck bir kriz olu\u015fturuyor. Kim bilmez ki o hislerin istisna anlar\u0131n\u0131? Bu ac\u0131 insan\u0131n i\u00e7ini yak\u0131yor ve insani kuvvetsiz b\u0131rak\u0131yor. Uzun s\u00fcreli ili\u015fkiyi bitiren her kim olursa olsun y\u0131k\u0131l\u0131yor. Beraber kurdu\u011funuz adetler, gelecek i\u00e7in planlar, g\u00fcven ve s\u0131cakl\u0131k aniden yok oluyor.<\/p>\n<\/div><div class=\"fusion-text fusion-text-2\"><p style=\"border: 1px solid #868fc5; border-radius: 5px; background: rgba(134,143,197,0.15); padding: 1em; text-align: center;\"><em>Viyana VenusMed&#8217;de <a href=\"tel:+4318908070\">+43 1 890 80 70,<\/a>\u00a0numaral\u0131 telefondan <a href=\"mailto:info@venusmed.at\">info@venusmed.at<\/a> adresine e-posta g\u00f6ndererek veya a\u015fa\u011f\u0131daki kullanarak kolayca randevu alabilirsiniz. <a href=\"#kontakt\"><strong>ileti\u015fim formumuzu<\/strong><\/a> kullanarak kolayca randevu alabilirsiniz. <\/em><em>Ayr\u0131ca k\u0131sa s\u00fcrede randevu veriyoruz!<\/em><\/p>\n<\/div>\n<div class=\"fusion-text fusion-text-3\"><p>Bu durumlar insan\u0131 farkl\u0131 psikolojik duruma sokuyor ve insan\u0131 hasta bile ediyor. Fakat baz\u0131 insanlar bu durmu anlamazlar ve sizin durumunuza bile g\u00fclerler. \u015e\u00f6yle s\u00f6zler ile bile kar\u015f\u0131la\u015fabilirsiniz: \u201eher\u015fey iyi olacak\u201c veya \u201ezamanla ac\u0131 gidecek\u201c gibi s\u00f6zler sizleri motive etmek i\u00e7in s\u00f6yleniyor, ama o a\u015fk ac\u0131s\u0131nda bulunan ki\u015fiye hi\u00e7 faydalar\u0131 yoktur. Hatta bir \u00e7ok insan i\u00e7in ayr\u0131l\u0131k hayatlar\u0131n\u0131 alt \u00fcst ediyor. A\u015fk ac\u0131s\u0131 ile farkl\u0131 farkl\u0131 hastal\u0131klar kar\u015f\u0131n\u0131za \u00e7\u0131kabiliyor: konsantre problemeri, i\u015ftah bozuklu\u011fu, kilo verme, alkol ve nikotin kullanma, uykusuzluk, panik ataklar, depresyon. VenusMed ama size yard\u0131m edebilir. Bizim muayenede ac\u015fs\u0131za\u015fk-ekibi sizlere h\u0131zl\u0131 ve b\u00fcrokrasisiz bu k\u00f6t\u00fc zamanda en iyi \u015fekilde yard\u0131m eder ve siz de g\u00fc\u00e7l\u00fc bir \u015fekilde hayat\u0131n\u0131za geri d\u00f6nebilirsiniz.<\/p>\n<\/div><div class=\"fusion-clearfix\"><\/div><\/div><\/div><\/div><\/div><div class=\"fusion-fullwidth fullwidth-box fusion-builder-row-2 nonhundred-percent-fullwidth non-hundred-percent-height-scrolling fusion-no-small-visibility\" style=\"background-color: rgba(255,255,255,0);background-position: center center;background-repeat: no-repeat;padding-top:0px;padding-right:0px;padding-bottom:0px;padding-left:0px;margin-bottom: 0px;margin-top: 0px;border-width: 0px 0px 0px 0px;border-color:#e2e2e2;border-style:solid;\" ><div class=\"fusion-builder-row fusion-row\"><div class=\"fusion-layout-column fusion_builder_column fusion-builder-column-1 fusion_builder_column_1_1 1_1 fusion-one-full fusion-column-first fusion-column-last\" style=\"margin-top:0px;margin-bottom:0px;\"><div class=\"fusion-column-wrapper fusion-flex-column-wrapper-legacy\" style=\"background-position:left top;background-repeat:no-repeat;-webkit-background-size:cover;-moz-background-size:cover;-o-background-size:cover;background-size:cover;padding: 0px 0px 0px 0px;\"><div class=\"fusion-sep-clear\"><\/div><div class=\"fusion-separator fusion-has-icon\" style=\"margin-left: auto;margin-right: auto;margin-top:40px;margin-bottom:60px;width:100%;max-width:70%;\"><div class=\"fusion-separator-border sep-single sep-solid\" style=\"border-color:#868fc5;border-top-width:1px;\"><\/div><span class=\"icon-wrapper\" style=\"border-color:transparent;font-size:16px;width: 1.75em; height: 1.75em;border-width:1px;padding:1px;margin-top:-0.5px\"><i class=\"fa-heart fas\" style=\"font-size: inherit;color:#868fc5;\" aria-hidden=\"true\"><\/i><\/span><div class=\"fusion-separator-border sep-single sep-solid\" style=\"border-color:#868fc5;border-top-width:1px;\"><\/div><\/div><div class=\"fusion-sep-clear\"><\/div><style type=\"text\/css\"><\/style><div class=\"fusion-title title fusion-title-1 fusion-sep-none fusion-title-text fusion-title-size-two\" style=\"margin-top:10px;margin-right:0px;margin-bottom:15px;margin-left:0px;\"><h2 class=\"title-heading-left\" style=\"margin:0;\">Oturum Ba\u015f\u0131 Fiyatlar<\/h2><\/div>\n<div class=\"table-2\">\n<table width=\"100%\">\n<thead>\n<tr>\n<th align=\"left\">Hizmet<\/th>\n<th align=\"left\">Fiyat<\/th>\n<\/tr>\n<\/thead>\n<tbody>\n<tr>\n<td align=\"left\">Cinsellik terapi oturumu bir ki\u015fi i\u00e7in (50 dakika)<\/td>\n<td align=\"left\">95 \u20ac\/ki\u015fi ba\u015f\u0131<\/td>\n<\/tr>\n<tr>\n<td align=\"left\">Cinsellik terapi oturumu bir \u00e7ift i\u00e7in (50 dakika)<\/td>\n<td align=\"left\">180\u00a0\u20ac\/\u00e7ift ba\u015f\u0131<\/td>\n<\/tr>\n<\/tbody>\n<\/table>\n<\/div>\n<div class=\"fusion-sep-clear\"><\/div><div class=\"fusion-separator fusion-full-width-sep\" style=\"margin-left: auto;margin-right: auto;margin-top:20px;width:100%;\"><\/div><div class=\"fusion-sep-clear\"><\/div><div class=\"fusion-text fusion-text-4\"><p>Nakit \u00f6deme, Maestro kart\u0131 ile \u00f6deme veya kredi kart\u0131 ile \u00f6deme bizde yapabilirsiniz.<\/p>\n<\/div><div class=\"fusion-clearfix\"><\/div><\/div><\/div><\/div><\/div><div class=\"fusion-fullwidth fullwidth-box fusion-builder-row-3 nonhundred-percent-fullwidth non-hundred-percent-height-scrolling fusion-no-medium-visibility fusion-no-large-visibility\" style=\"background-color: rgba(255,255,255,0);background-position: center center;background-repeat: no-repeat;padding-top:0px;padding-right:0px;padding-bottom:0px;padding-left:0px;margin-bottom: 0px;margin-top: 0px;border-width: 0px 0px 0px 0px;border-color:#e2e2e2;border-style:solid;\" ><div class=\"fusion-builder-row fusion-row\"><div class=\"fusion-layout-column fusion_builder_column fusion-builder-column-2 fusion_builder_column_1_1 1_1 fusion-one-full fusion-column-first fusion-column-last\" style=\"margin-top:0px;margin-bottom:0px;\"><div class=\"fusion-column-wrapper fusion-flex-column-wrapper-legacy\" style=\"background-position:left top;background-repeat:no-repeat;-webkit-background-size:cover;-moz-background-size:cover;-o-background-size:cover;background-size:cover;padding: 0px 0px 0px 0px;\"><div class=\"fusion-sep-clear\"><\/div><div class=\"fusion-separator fusion-has-icon\" style=\"margin-left: auto;margin-right: auto;margin-top:40px;margin-bottom:60px;width:100%;max-width:70%;\"><div class=\"fusion-separator-border sep-single sep-solid\" style=\"border-color:#868fc5;border-top-width:1px;\"><\/div><span class=\"icon-wrapper\" style=\"border-color:transparent;font-size:16px;width: 1.75em; height: 1.75em;border-width:1px;padding:1px;margin-top:-0.5px\"><i class=\"fa-heart fas\" style=\"font-size: inherit;color:#868fc5;\" aria-hidden=\"true\"><\/i><\/span><div class=\"fusion-separator-border sep-single sep-solid\" style=\"border-color:#868fc5;border-top-width:1px;\"><\/div><\/div><div class=\"fusion-sep-clear\"><\/div><div class=\"fusion-clearfix\"><\/div><\/div><\/div><div class=\"fusion-layout-column fusion_builder_column fusion-builder-column-3 fusion_builder_column_1_1 1_1 fusion-one-full fusion-column-first fusion-column-last\" style=\"margin-top:0px;margin-bottom:0px;\"><div class=\"fusion-column-wrapper fusion-flex-column-wrapper-legacy\" style=\"background-position:left top;background-repeat:no-repeat;-webkit-background-size:cover;-moz-background-size:cover;-o-background-size:cover;background-size:cover;border-radius:5px 5px 0px 0px;background-color:#868fc5;border-radius:5px 5px 0px 0px;overflow:hidden;padding: 10px 10px 10px 10px;\"><style type=\"text\/css\"><\/style><div class=\"fusion-title title fusion-title-2 fusion-sep-none fusion-title-center fusion-title-text fusion-title-size-two\" style=\"font-size:24px;margin-top:10px;margin-right:0px;margin-bottom:15px;margin-left:0px;\"><h2 class=\"title-heading-center\" style=\"margin:0;font-size:1em;color:#ffffff;\">Oturum Ba\u015f\u0131 Fiyatlar<\/h2><\/div><div class=\"fusion-clearfix\"><\/div><\/div><\/div><div class=\"fusion-layout-column fusion_builder_column fusion-builder-column-4 fusion_builder_column_1_1 1_1 fusion-one-full fusion-column-first fusion-column-last\" style=\"margin-top:0px;margin-bottom:20px;\"><div class=\"fusion-column-wrapper fusion-flex-column-wrapper-legacy\" style=\"background-position:left top;background-repeat:no-repeat;-webkit-background-size:cover;-moz-background-size:cover;-o-background-size:cover;background-size:cover;border-radius:0px 0px 5px 5px;background-color:#f6f6f6;border-radius:0px 0px 5px 5px;overflow:hidden;padding: 20px 20px 0px 20px;\"><div class=\"fusion-text fusion-text-5\"><p>Cinsellik terapi oturumu bir ki\u015fi i\u00e7in (50 dakika)<br \/>\n<strong>Fiyat:<\/strong> 95 \u20ac\/ki\u015fi ba\u015f\u0131<\/p>\n<hr \/>\n<p>Cinsellik terapi oturumu bir \u00e7ift i\u00e7in (50 dakika)<br \/>\n<strong>Fiyat:<\/strong> 180 \u20ac\/\u00e7ift ba\u015f\u0131<\/p>\n<\/div><div class=\"fusion-clearfix\"><\/div><\/div><\/div><div class=\"fusion-layout-column fusion_builder_column fusion-builder-column-5 fusion_builder_column_1_1 1_1 fusion-one-full fusion-column-first fusion-column-last\" style=\"margin-top:0px;margin-bottom:0px;\"><div class=\"fusion-column-wrapper fusion-flex-column-wrapper-legacy\" style=\"background-position:left top;background-repeat:no-repeat;-webkit-background-size:cover;-moz-background-size:cover;-o-background-size:cover;background-size:cover;padding: 0px 0px 0px 0px;\"><div class=\"fusion-sep-clear\"><\/div><div class=\"fusion-separator fusion-full-width-sep\" style=\"margin-left: auto;margin-right: auto;margin-top:10px;width:100%;\"><\/div><div class=\"fusion-sep-clear\"><\/div><div class=\"fusion-text fusion-text-6\"><p>Nakit \u00f6deme, Maestro kart\u0131 ile \u00f6deme veya kredi kart\u0131 ile \u00f6deme bizde yapabilirsiniz.<\/p>\n<\/div><div class=\"fusion-clearfix\"><\/div><\/div><\/div><\/div><\/div><\/p>\n","protected":false},"excerpt":{"rendered":"","protected":false},"author":2,"featured_media":0,"parent":10420,"menu_order":0,"comment_status":"closed","ping_status":"open","template":"","meta":[],"yoast_head":"<!-- This site is optimized with the Yoast SEO plugin v16.5 - https:\/\/yoast.com\/wordpress\/plugins\/seo\/ -->\n<title>Viyana&#039;daki VenusMed&#039;de g\u00f6n\u00fcl yaras\u0131 tedavisi<\/title>\n<meta name=\"description\" content=\"A\u015fk hastas\u0131 i\u00e7in seks terapisi a\u011fr\u0131n\u0131n \u00fcstesinden gelmeye ve \u00f6zg\u00fcvenini art\u0131rmaya yard\u0131mc\u0131 olabilir. Bununla ilgili daha fazla bilgiyi web sitemizde bulabilirsiniz.\" \/>\n<meta name=\"robots\" content=\"index, follow, max-snippet:-1, max-image-preview:large, max-video-preview:-1\" \/>\n<link rel=\"canonical\" href=\"https:\/\/www.venusmed.at\/tr\/venusmedde-cinsellik\/dertsiz-ask\/\" \/>\n<meta property=\"og:locale\" content=\"tr_TR\" \/>\n<meta property=\"og:type\" content=\"article\" \/>\n<meta property=\"og:title\" content=\"Viyana&#039;daki VenusMed&#039;de g\u00f6n\u00fcl yaras\u0131 tedavisi\" \/>\n<meta property=\"og:description\" content=\"A\u015fk hastas\u0131 i\u00e7in seks terapisi a\u011fr\u0131n\u0131n \u00fcstesinden gelmeye ve \u00f6zg\u00fcvenini art\u0131rmaya yard\u0131mc\u0131 olabilir. Bununla ilgili daha fazla bilgiyi web sitemizde bulabilirsiniz.\" \/>\n<meta property=\"og:url\" content=\"https:\/\/www.venusmed.at\/tr\/venusmedde-cinsellik\/dertsiz-ask\/\" \/>\n<meta property=\"og:site_name\" content=\"VenusMed \u2013 Zentrum f\u00fcr Sexualmedizin\" \/>\n<meta property=\"article:modified_time\" content=\"2020-10-07T08:20:48+00:00\" \/>\n<meta name=\"twitter:card\" content=\"summary_large_image\" \/>\n<meta name=\"twitter:label1\" content=\"Est. reading time\" \/>\n\t<meta name=\"twitter:data1\" content=\"14 minutes\" \/>\n<script type=\"application\/ld+json\" class=\"yoast-schema-graph\">{\"@context\":\"https:\/\/schema.org\",\"@graph\":[{\"@type\":\"WebSite\",\"@id\":\"https:\/\/www.venusmed.at\/#website\",\"url\":\"https:\/\/www.venusmed.at\/\",\"name\":\"VenusMed \\u2013 Zentrum f\\u00fcr Sexualmedizin\",\"description\":\"VenusMed sind Spezialisten f\\u00fcr Sexualmedizin in Wien\",\"potentialAction\":[{\"@type\":\"SearchAction\",\"target\":\"https:\/\/www.venusmed.at\/?s={search_term_string}\",\"query-input\":\"required name=search_term_string\"}],\"inLanguage\":\"tr-TR\"},{\"@type\":\"WebPage\",\"@id\":\"https:\/\/www.venusmed.at\/tr\/venusmedde-cinsellik\/dertsiz-ask\/#webpage\",\"url\":\"https:\/\/www.venusmed.at\/tr\/venusmedde-cinsellik\/dertsiz-ask\/\",\"name\":\"Viyana'daki VenusMed'de g\\u00f6n\\u00fcl yaras\\u0131 tedavisi\",\"isPartOf\":{\"@id\":\"https:\/\/www.venusmed.at\/#website\"},\"datePublished\":\"2020-09-22T12:17:06+00:00\",\"dateModified\":\"2020-10-07T08:20:48+00:00\",\"description\":\"A\\u015fk hastas\\u0131 i\\u00e7in seks terapisi a\\u011fr\\u0131n\\u0131n \\u00fcstesinden gelmeye ve \\u00f6zg\\u00fcvenini art\\u0131rmaya yard\\u0131mc\\u0131 olabilir. Bununla ilgili daha fazla bilgiyi web sitemizde bulabilirsiniz.\",\"breadcrumb\":{\"@id\":\"https:\/\/www.venusmed.at\/tr\/venusmedde-cinsellik\/dertsiz-ask\/#breadcrumb\"},\"inLanguage\":\"tr-TR\",\"potentialAction\":[{\"@type\":\"ReadAction\",\"target\":[\"https:\/\/www.venusmed.at\/tr\/venusmedde-cinsellik\/dertsiz-ask\/\"]}]},{\"@type\":\"BreadcrumbList\",\"@id\":\"https:\/\/www.venusmed.at\/tr\/venusmedde-cinsellik\/dertsiz-ask\/#breadcrumb\",\"itemListElement\":[{\"@type\":\"ListItem\",\"position\":1,\"name\":\"Startseite\",\"item\":\"https:\/\/www.venusmed.at\/\"},{\"@type\":\"ListItem\",\"position\":2,\"name\":\"Venusmed\\u2019de cinsellik\",\"item\":\"http:\/\/www.venusmed.at\/sexualitaet\/\"},{\"@type\":\"ListItem\",\"position\":3,\"name\":\"Dertsiz A\\u015fk\"}]}]}<\/script>\n<!-- \/ Yoast SEO plugin. -->","_links":{"self":[{"href":"https:\/\/www.venusmed.at\/tr\/wp-json\/wp\/v2\/pages\/10513"}],"collection":[{"href":"https:\/\/www.venusmed.at\/tr\/wp-json\/wp\/v2\/pages"}],"about":[{"href":"https:\/\/www.venusmed.at\/tr\/wp-json\/wp\/v2\/types\/page"}],"author":[{"embeddable":true,"href":"https:\/\/www.venusmed.at\/tr\/wp-json\/wp\/v2\/users\/2"}],"replies":[{"embeddable":true,"href":"https:\/\/www.venusmed.at\/tr\/wp-json\/wp\/v2\/comments?post=10513"}],"version-history":[{"count":1,"href":"https:\/\/www.venusmed.at\/tr\/wp-json\/wp\/v2\/pages\/10513\/revisions"}],"predecessor-version":[{"id":10742,"href":"https:\/\/www.venusmed.at\/tr\/wp-json\/wp\/v2\/pages\/10513\/revisions\/10742"}],"up":[{"embeddable":true,"href":"https:\/\/www.venusmed.at\/tr\/wp-json\/wp\/v2\/pages\/10420"}],"wp:attachment":[{"href":"https:\/\/www.venusmed.at\/tr\/wp-json\/wp\/v2\/media?parent=10513"}],"curies":[{"name":"wp","href":"https:\/\/api.w.org\/{rel}","templated":true}]}}