{"id":10526,"date":"2020-09-22T13:44:54","date_gmt":"2020-09-22T13:44:54","guid":{"rendered":"http:\/\/www.venusmed.at\/dogum-kontrol\/ella-one-ertesi-guen-hapi\/"},"modified":"2020-10-07T07:23:52","modified_gmt":"2020-10-07T07:23:52","slug":"ella-one-ertesi-guen-hapi","status":"publish","type":"page","link":"https:\/\/www.venusmed.at\/tr\/dogum-kontrol\/ella-one-ertesi-guen-hapi\/","title":{"rendered":"Ella One \u2013 Ertesi G\u00fcn Hap\u0131"},"content":{"rendered":"<p><div class=\"fusion-fullwidth fullwidth-box fusion-builder-row-1 nonhundred-percent-fullwidth non-hundred-percent-height-scrolling\" style=\"background-color: rgba(255,255,255,0);background-position: center center;background-repeat: no-repeat;padding-top:0px;padding-right:0px;padding-bottom:0px;padding-left:0px;margin-bottom: 0px;margin-top: 0px;border-width: 0px 0px 0px 0px;border-color:#e2e2e2;border-style:solid;\" ><div class=\"fusion-builder-row fusion-row\"><div class=\"fusion-layout-column fusion_builder_column fusion-builder-column-0 fusion_builder_column_1_1 1_1 fusion-one-full fusion-column-first fusion-column-last\" style=\"margin-top:0px;margin-bottom:0px;\"><div class=\"fusion-column-wrapper fusion-flex-column-wrapper-legacy\" style=\"background-position:left top;background-repeat:no-repeat;-webkit-background-size:cover;-moz-background-size:cover;-o-background-size:cover;background-size:cover;padding: 0px 0px 0px 0px;\"><div class=\"fusion-text fusion-text-1\"><p>ellaOne, a\u011f\u0131zdan al\u0131nan bir acil durum do\u011fum kontrol ilac\u0131d\u0131r; yani korumas\u0131z cinsel ili\u015fkiden sonra veya do\u011fum kontrol y\u00f6nteminin ba\u015far\u0131s\u0131z olmas\u0131 durumunda do\u011fum kontrol amac\u0131yla kullan\u0131labilir. \u00d6rnek olarak: Korumas\u0131z cinsel ili\u015fkiden 120 saat sonras\u0131na kadar al\u0131nabilir.<\/p>\n<\/div><div class=\"fusion-text fusion-text-2\"><p style=\"border: 1px solid #acd1a5; border-radius: 5px; background: rgba(172,209,165,0.15); padding: 1em; text-align: center;\"><em>Viyana VenusMed\u2019de <a href=\"tel:+4318908070\">+43 1 890 80 70,<\/a>\u00a0numaral\u0131 telefondan <a href=\"mailto:info@venusmed.at\">info@venusmed.at<\/a> adresine e-posta g\u00f6ndererek veya a\u015fa\u011f\u0131daki kullanarak kolayca randevu alabilirsiniz. <a href=\"#kontakt\"><strong>ileti\u015fim formumuzu<\/strong><\/a> kullanarak kolayca randevu alabilirsiniz. <\/em><em>Ayr\u0131ca k\u0131sa s\u00fcrede randevu veriyoruz!<\/em><\/p>\n<\/div>\n<div class=\"fusion-text fusion-text-3\"><p>\u201cErtesi G\u00fcn Hap\u0131\u201d (ilaca ba\u011fl\u0131 olarak), bir veya iki hormon tabletinden olu\u015fur. Hap, ov\u00fclasyonu geciktirerek etki eder. Bu hap\u0131n, d\u00f6llenen bir yumurta h\u00fccresinin rahim mukozas\u0131nda yuvalanmas\u0131n\u0131 engelleyip engellemedi\u011fi (hen\u00fcz) tart\u0131\u015fma konusudur. \u201cErtesi G\u00fcn Hap\u0131\u201d, bir hekim taraf\u0131ndan re\u00e7ete ile verilmelidir.<\/p>\n<p>Reglin d\u00f6rt hafta i\u00e7erisinde ba\u015flamamas\u0131 halinde istenmeyen bir gebelik olas\u0131l\u0131\u011f\u0131n\u0131 kesin olarak ortadan kald\u0131rabilmek i\u00e7in gebelik testi yap\u0131lmal\u0131d\u0131r.<\/p>\n<\/div><div class=\"fusion-clearfix\"><\/div><\/div><\/div><\/div><\/div><div class=\"fusion-fullwidth fullwidth-box fusion-builder-row-2 nonhundred-percent-fullwidth non-hundred-percent-height-scrolling\" style=\"background-color: rgba(255,255,255,0);background-position: center center;background-repeat: no-repeat;padding-top:0px;padding-right:0px;padding-bottom:0px;padding-left:0px;margin-bottom: 0px;margin-top: 0px;border-width: 0px 0px 0px 0px;border-color:#e2e2e2;border-style:solid;\" ><div class=\"fusion-builder-row fusion-row\"><div class=\"fusion-layout-column fusion_builder_column fusion-builder-column-1 fusion_builder_column_1_1 1_1 fusion-one-full fusion-column-first fusion-column-last\" style=\"margin-top:0px;margin-bottom:0px;\"><div class=\"fusion-column-wrapper fusion-flex-column-wrapper-legacy\" style=\"background-position:left top;background-repeat:no-repeat;-webkit-background-size:cover;-moz-background-size:cover;-o-background-size:cover;background-size:cover;padding: 0px 0px 0px 0px;\"><div class=\"fusion-sep-clear\"><\/div><div class=\"fusion-separator fusion-has-icon\" style=\"margin-left: auto;margin-right: auto;margin-top:40px;margin-bottom:60px;width:100%;max-width:70%;\"><div class=\"fusion-separator-border sep-single sep-solid\" style=\"border-color:#acd1a5;border-top-width:1px;\"><\/div><span class=\"icon-wrapper\" style=\"border-color:transparent;font-size:16px;width: 1.75em; height: 1.75em;border-width:1px;padding:1px;margin-top:-0.5px\"><i class=\"fa-leaf fas\" style=\"font-size: inherit;color:#acd1a5;\" aria-hidden=\"true\"><\/i><\/span><div class=\"fusion-separator-border sep-single sep-solid\" style=\"border-color:#acd1a5;border-top-width:1px;\"><\/div><\/div><div class=\"fusion-sep-clear\"><\/div><style type=\"text\/css\"><\/style><div class=\"fusion-title title fusion-title-1 fusion-sep-none fusion-title-text fusion-title-size-two\" style=\"margin-top:10px;margin-right:0px;margin-bottom:15px;margin-left:0px;\"><h2 class=\"title-heading-left\" style=\"margin:0;\">Ertesi g\u00fcn hap\u0131yla \u201ckorunmak\u201d m\u00fcmk\u00fcn m\u00fcd\u00fcr?<\/h2><\/div><div class=\"fusion-text fusion-text-4\"><p>\u201cErtesi g\u00fcn hap\u0131\u201d sadece acil durum korunma y\u00f6ntemidir! D\u00fczenli kullan\u0131m i\u00e7in uygun de\u011fildir, zira modern do\u011fum kontrol ila\u00e7lar\u0131 ile k\u0131yasland\u0131\u011f\u0131nda o kadar g\u00fcvenli etki etmemektedir. Ayr\u0131ca s\u0131k kullan\u0131ld\u0131\u011f\u0131nda \u00f6rne\u011fin d\u00fczensiz periyot gibi daha fazla yan etkilere yol a\u00e7abilir. Ancak tekrarl\u0131 kullan\u0131ld\u0131\u011f\u0131nda dahi sa\u011fl\u0131k a\u00e7\u0131s\u0131ndan herhangi bir risk durumu bilinmemektedir.<\/p>\n<\/div><div class=\"fusion-clearfix\"><\/div><\/div><\/div><\/div><\/div><\/p>\n","protected":false},"excerpt":{"rendered":"","protected":false},"author":2,"featured_media":0,"parent":10442,"menu_order":0,"comment_status":"closed","ping_status":"closed","template":"","meta":[],"yoast_head":"<!-- This site is optimized with the Yoast SEO plugin v16.5 - https:\/\/yoast.com\/wordpress\/plugins\/seo\/ -->\n<title>ellaOne - VenusMed Viyana&#039;da Ertesi g\u00fcn Hap\u0131<\/title>\n<meta name=\"description\" content=\"VenusMed&#039;de Ertesi G\u00fcn Hap\u0131yla (ellaOne) ilgili dan\u0131\u015fmanl\u0131k hizmeti alabilirsiniz. VenusMed Viyana&#039;da Ertesi G\u00fcn Hap\u0131; randevusuz, \u00e7abuk ve sorun ya\u015famadan.\" \/>\n<meta name=\"robots\" content=\"index, follow, max-snippet:-1, max-image-preview:large, max-video-preview:-1\" \/>\n<link rel=\"canonical\" href=\"https:\/\/www.venusmed.at\/tr\/dogum-kontrol\/ella-one-ertesi-guen-hapi\/\" \/>\n<meta property=\"og:locale\" content=\"tr_TR\" \/>\n<meta property=\"og:type\" content=\"article\" \/>\n<meta property=\"og:title\" content=\"ellaOne - VenusMed Viyana&#039;da Ertesi g\u00fcn Hap\u0131\" \/>\n<meta property=\"og:description\" content=\"VenusMed&#039;de Ertesi G\u00fcn Hap\u0131yla (ellaOne) ilgili dan\u0131\u015fmanl\u0131k hizmeti alabilirsiniz. VenusMed Viyana&#039;da Ertesi G\u00fcn Hap\u0131; randevusuz, \u00e7abuk ve sorun ya\u015famadan.\" \/>\n<meta property=\"og:url\" content=\"https:\/\/www.venusmed.at\/tr\/dogum-kontrol\/ella-one-ertesi-guen-hapi\/\" \/>\n<meta property=\"og:site_name\" content=\"VenusMed \u2013 Zentrum f\u00fcr Sexualmedizin\" \/>\n<meta property=\"article:modified_time\" content=\"2020-10-07T07:23:52+00:00\" \/>\n<meta name=\"twitter:card\" content=\"summary_large_image\" \/>\n<meta name=\"twitter:label1\" content=\"Est. reading time\" \/>\n\t<meta name=\"twitter:data1\" content=\"7 minutes\" \/>\n<script type=\"application\/ld+json\" class=\"yoast-schema-graph\">{\"@context\":\"https:\/\/schema.org\",\"@graph\":[{\"@type\":\"WebSite\",\"@id\":\"https:\/\/www.venusmed.at\/#website\",\"url\":\"https:\/\/www.venusmed.at\/\",\"name\":\"VenusMed \\u2013 Zentrum f\\u00fcr Sexualmedizin\",\"description\":\"VenusMed sind Spezialisten f\\u00fcr Sexualmedizin in Wien\",\"potentialAction\":[{\"@type\":\"SearchAction\",\"target\":\"https:\/\/www.venusmed.at\/?s={search_term_string}\",\"query-input\":\"required name=search_term_string\"}],\"inLanguage\":\"tr-TR\"},{\"@type\":\"WebPage\",\"@id\":\"https:\/\/www.venusmed.at\/tr\/dogum-kontrol\/ella-one-ertesi-guen-hapi\/#webpage\",\"url\":\"https:\/\/www.venusmed.at\/tr\/dogum-kontrol\/ella-one-ertesi-guen-hapi\/\",\"name\":\"ellaOne - VenusMed Viyana'da Ertesi g\\u00fcn Hap\\u0131\",\"isPartOf\":{\"@id\":\"https:\/\/www.venusmed.at\/#website\"},\"datePublished\":\"2020-09-22T13:44:54+00:00\",\"dateModified\":\"2020-10-07T07:23:52+00:00\",\"description\":\"VenusMed'de Ertesi G\\u00fcn Hap\\u0131yla (ellaOne) ilgili dan\\u0131\\u015fmanl\\u0131k hizmeti alabilirsiniz. VenusMed Viyana'da Ertesi G\\u00fcn Hap\\u0131; randevusuz, \\u00e7abuk ve sorun ya\\u015famadan.\",\"breadcrumb\":{\"@id\":\"https:\/\/www.venusmed.at\/tr\/dogum-kontrol\/ella-one-ertesi-guen-hapi\/#breadcrumb\"},\"inLanguage\":\"tr-TR\",\"potentialAction\":[{\"@type\":\"ReadAction\",\"target\":[\"https:\/\/www.venusmed.at\/tr\/dogum-kontrol\/ella-one-ertesi-guen-hapi\/\"]}]},{\"@type\":\"BreadcrumbList\",\"@id\":\"https:\/\/www.venusmed.at\/tr\/dogum-kontrol\/ella-one-ertesi-guen-hapi\/#breadcrumb\",\"itemListElement\":[{\"@type\":\"ListItem\",\"position\":1,\"name\":\"Startseite\",\"item\":\"https:\/\/www.venusmed.at\/\"},{\"@type\":\"ListItem\",\"position\":2,\"name\":\"Do\\u011fum Kontrol\",\"item\":\"http:\/\/www.venusmed.at\/verhuetung\/\"},{\"@type\":\"ListItem\",\"position\":3,\"name\":\"Ella One \\u2013 Ertesi G\\u00fcn Hap\\u0131\"}]}]}<\/script>\n<!-- \/ Yoast SEO plugin. -->","_links":{"self":[{"href":"https:\/\/www.venusmed.at\/tr\/wp-json\/wp\/v2\/pages\/10526"}],"collection":[{"href":"https:\/\/www.venusmed.at\/tr\/wp-json\/wp\/v2\/pages"}],"about":[{"href":"https:\/\/www.venusmed.at\/tr\/wp-json\/wp\/v2\/types\/page"}],"author":[{"embeddable":true,"href":"https:\/\/www.venusmed.at\/tr\/wp-json\/wp\/v2\/users\/2"}],"replies":[{"embeddable":true,"href":"https:\/\/www.venusmed.at\/tr\/wp-json\/wp\/v2\/comments?post=10526"}],"version-history":[{"count":1,"href":"https:\/\/www.venusmed.at\/tr\/wp-json\/wp\/v2\/pages\/10526\/revisions"}],"predecessor-version":[{"id":10692,"href":"https:\/\/www.venusmed.at\/tr\/wp-json\/wp\/v2\/pages\/10526\/revisions\/10692"}],"up":[{"embeddable":true,"href":"https:\/\/www.venusmed.at\/tr\/wp-json\/wp\/v2\/pages\/10442"}],"wp:attachment":[{"href":"https:\/\/www.venusmed.at\/tr\/wp-json\/wp\/v2\/media?parent=10526"}],"curies":[{"name":"wp","href":"https:\/\/api.w.org\/{rel}","templated":true}]}}