{"id":10529,"date":"2020-09-22T14:04:12","date_gmt":"2020-09-22T14:04:12","guid":{"rendered":"http:\/\/www.venusmed.at\/dogum-kontrol\/rahim-ici-arac\/"},"modified":"2020-10-07T07:44:03","modified_gmt":"2020-10-07T07:44:03","slug":"rahim-ici-arac","status":"publish","type":"page","link":"https:\/\/www.venusmed.at\/tr\/dogum-kontrol\/rahim-ici-arac\/","title":{"rendered":"Rahim \u0130\u00e7i Ara\u00e7"},"content":{"rendered":"<p><div class=\"fusion-fullwidth fullwidth-box fusion-builder-row-1 nonhundred-percent-fullwidth non-hundred-percent-height-scrolling\" style=\"background-color: rgba(255,255,255,0);background-position: center center;background-repeat: no-repeat;padding-top:0px;padding-right:0px;padding-bottom:0px;padding-left:0px;margin-bottom: 0px;margin-top: 0px;border-width: 0px 0px 0px 0px;border-color:#e2e2e2;border-style:solid;\" ><div class=\"fusion-builder-row fusion-row\"><div class=\"fusion-layout-column fusion_builder_column fusion-builder-column-0 fusion_builder_column_1_1 1_1 fusion-one-full fusion-column-first fusion-column-last\" style=\"margin-top:0px;margin-bottom:0px;\"><div class=\"fusion-column-wrapper fusion-flex-column-wrapper-legacy\" style=\"background-position:left top;background-repeat:no-repeat;-webkit-background-size:cover;-moz-background-size:cover;-o-background-size:cover;background-size:cover;padding: 0px 0px 0px 0px;\"><div class=\"fusion-text fusion-text-1\"><p>Rahim i\u00e7in ara\u00e7 (Intrauterinpessare) (Latince intra: i\u00e7; uterus: rahim), \u0130ngilize Intra Uterine Device veya halk a\u011f\u0131z\u0131 ile spiral olarak adland\u0131r\u0131lan rahimin i\u00e7ine yerle\u015ftirilen t\u0131bbi do\u011fum kontrol \u00fcr\u00fcnleridir. Bizim zaman\u0131m\u0131zda farkl\u0131 etkileri ile iki farkl\u0131 spiral \u00e7e\u015fitleri vard\u0131r: Bizim burada tan\u0131tt\u0131\u011f\u0131m\u0131z bak\u0131r veya bak\u0131r-alt\u0131n-spiral t\u00fcr\u00fc ve hormon spiral t\u00fcr\u00fc. Hormon spirale \u0130ngilizce Intrauterinsystem\u2019i (IUS) deniliyor.<\/p>\n<\/div><div class=\"fusion-text fusion-text-2\"><p style=\"border: 1px solid #acd1a5; border-radius: 5px; background: rgba(172,209,165,0.15); padding: 1em; text-align: center;\"><em>Viyana VenusMed\u2019de <a href=\"tel:+4318908070\">+43 1 890 80 70,<\/a>\u00a0numaral\u0131 telefondan <a href=\"mailto:info@venusmed.at\">info@venusmed.at<\/a> adresine e-posta g\u00f6ndererek veya a\u015fa\u011f\u0131daki kullanarak kolayca randevu alabilirsiniz. <a href=\"#kontakt\"><strong>ileti\u015fim formumuzu<\/strong><\/a> kullanarak kolayca randevu alabilirsiniz. <\/em><em>Ayr\u0131ca k\u0131sa s\u00fcrede randevu veriyoruz!<\/em><\/p>\n<\/div>\n<div class=\"fusion-clearfix\"><\/div><\/div><\/div><\/div><\/div><div class=\"fusion-fullwidth fullwidth-box fusion-builder-row-2 nonhundred-percent-fullwidth non-hundred-percent-height-scrolling\" style=\"background-color: rgba(255,255,255,0);background-position: center center;background-repeat: no-repeat;padding-top:0px;padding-right:0px;padding-bottom:0px;padding-left:0px;margin-bottom: 0px;margin-top: 0px;border-width: 0px 0px 0px 0px;border-color:#e2e2e2;border-style:solid;\" ><div class=\"fusion-builder-row fusion-row\"><div class=\"fusion-layout-column fusion_builder_column fusion-builder-column-1 fusion_builder_column_1_1 1_1 fusion-one-full fusion-column-first fusion-column-last\" style=\"margin-top:0px;margin-bottom:0px;\"><div class=\"fusion-column-wrapper fusion-flex-column-wrapper-legacy\" style=\"background-position:left top;background-repeat:no-repeat;-webkit-background-size:cover;-moz-background-size:cover;-o-background-size:cover;background-size:cover;padding: 0px 0px 0px 0px;\"><div class=\"fusion-sep-clear\"><\/div><div class=\"fusion-separator fusion-has-icon\" style=\"margin-left: auto;margin-right: auto;margin-top:40px;margin-bottom:60px;width:100%;max-width:70%;\"><div class=\"fusion-separator-border sep-single sep-solid\" style=\"border-color:#acd1a5;border-top-width:1px;\"><\/div><span class=\"icon-wrapper\" style=\"border-color:transparent;font-size:16px;width: 1.75em; height: 1.75em;border-width:1px;padding:1px;margin-top:-0.5px\"><i class=\"fa-leaf fas\" style=\"font-size: inherit;color:#acd1a5;\" aria-hidden=\"true\"><\/i><\/span><div class=\"fusion-separator-border sep-single sep-solid\" style=\"border-color:#acd1a5;border-top-width:1px;\"><\/div><\/div><div class=\"fusion-sep-clear\"><\/div><style type=\"text\/css\"><\/style><div class=\"fusion-title title fusion-title-1 fusion-sep-none fusion-title-text fusion-title-size-two\" style=\"margin-top:10px;margin-right:0px;margin-bottom:15px;margin-left:0px;\"><h2 class=\"title-heading-left\" style=\"margin:0;\">Spiralin etkisi nas\u0131ld\u0131r?<\/h2><\/div><div class=\"fusion-text fusion-text-3\"><p><strong>Hormonspirali<\/strong>: Bu spiral az hormon veriyor ve bundan dolay\u0131 rahim a\u011f\u0131z\u0131nda bulunan s\u0131v\u0131 koyula\u015f\u0131yor ve spermler hi\u00e7 giremiyorlar veya \u00e7ok zor zahime giriyorlar. Ayr\u0131ca spermlerin harektleri engelleniyor. Rahim a\u011f\u0131z\u0131nda s\u0131v\u0131 daha az \u00fcretiliyor.<\/p>\n<p><strong>Hormonsuz spiraller<\/strong>:\u00a0Bak\u0131r iyonlar\u0131 \u00e7ok az bir \u015fekilde veriliyor. Bu iyonlar d\u00f6llenme olay\u0131nda rahim ve yumurtal\u0131klarda spermlere kar\u015f\u0131 m\u00fcdahale ediyorlar. Ayr\u0131ca spermlerin hareketleri engelleniyor.<\/p>\n<\/div><div class=\"fusion-clearfix\"><\/div><\/div><\/div><\/div><\/div><div class=\"fusion-fullwidth fullwidth-box fusion-builder-row-3 nonhundred-percent-fullwidth non-hundred-percent-height-scrolling fusion-no-small-visibility\" style=\"background-color: rgba(255,255,255,0);background-position: center center;background-repeat: no-repeat;padding-top:0px;padding-right:0px;padding-bottom:0px;padding-left:0px;margin-bottom: 0px;margin-top: 0px;border-width: 0px 0px 0px 0px;border-color:#e2e2e2;border-style:solid;\" ><div class=\"fusion-builder-row fusion-row\"><div class=\"fusion-layout-column fusion_builder_column fusion-builder-column-2 fusion_builder_column_1_1 1_1 fusion-one-full fusion-column-first fusion-column-last\" style=\"margin-top:0px;margin-bottom:0px;\"><div class=\"fusion-column-wrapper fusion-flex-column-wrapper-legacy\" style=\"background-position:left top;background-repeat:no-repeat;-webkit-background-size:cover;-moz-background-size:cover;-o-background-size:cover;background-size:cover;padding: 0px 0px 0px 0px;\"><div class=\"fusion-sep-clear\"><\/div><div class=\"fusion-separator fusion-has-icon\" style=\"margin-left: auto;margin-right: auto;margin-top:40px;margin-bottom:60px;width:100%;max-width:70%;\"><div class=\"fusion-separator-border sep-single sep-solid\" style=\"border-color:#acd1a5;border-top-width:1px;\"><\/div><span class=\"icon-wrapper\" style=\"border-color:transparent;font-size:16px;width: 1.75em; height: 1.75em;border-width:1px;padding:1px;margin-top:-0.5px\"><i class=\"fa-leaf fas\" style=\"font-size: inherit;color:#acd1a5;\" aria-hidden=\"true\"><\/i><\/span><div class=\"fusion-separator-border sep-single sep-solid\" style=\"border-color:#acd1a5;border-top-width:1px;\"><\/div><\/div><div class=\"fusion-sep-clear\"><\/div><style type=\"text\/css\"><\/style><div class=\"fusion-title title fusion-title-2 fusion-sep-none fusion-title-text fusion-title-size-two\" style=\"margin-top:10px;margin-right:0px;margin-bottom:15px;margin-left:0px;\"><h2 class=\"title-heading-left\" style=\"margin:0;\">Spiralin Fiyatlar\u0131<\/h2><\/div><div class=\"fusion-text fusion-text-4\"><p>A\u015fa\u011f\u0131daki tabelada beklenen fiyatlar\u0131 g\u00f6rebiliyorsunuz. Hata ve de\u011fi\u015fiklikler olabilir. Her muayeneden \u00f6nce fiyatlar\u0131 l\u00fctfen bize sorunuz.<\/p>\n<\/div>\n<div class=\"table-2\">\n<table width=\"100%\">\n<thead>\n<tr>\n<th align=\"left\">Spiralin ad\u0131<\/th>\n<th align=\"left\">Spiral T\u00fcr\u00fc<\/th>\n<th align=\"left\">Etki S\u00fcresi<\/th>\n<th align=\"left\">Fiyat<\/th>\n<\/tr>\n<\/thead>\n<tbody>\n<tr>\n<td align=\"left\">Multi-Safe 375<\/td>\n<td align=\"left\">Bak\u0131r Spirali<\/td>\n<td align=\"left\">5 sene<\/td>\n<td align=\"left\">360 \u20ac<\/td>\n<\/tr>\n<tr>\n<td align=\"left\">Multi-Safe 250<\/td>\n<td align=\"left\">Bak\u0131r Spirali<\/td>\n<td align=\"left\">3 sene<\/td>\n<td align=\"left\">360 \u20ac<\/td>\n<\/tr>\n<tr>\n<td align=\"left\">Goldspirale<\/td>\n<td align=\"left\">Bak\u0131r Alt\u0131n Spirali<\/td>\n<td align=\"left\">5 sene<\/td>\n<td align=\"left\">520 \u20ac<\/td>\n<\/tr>\n<tr>\n<td align=\"left\">Gynefix<\/td>\n<td align=\"left\">Bak\u0131r Spirali, zincir\u00a0\u015fekli<\/td>\n<td align=\"left\">5 sene<\/td>\n<td align=\"left\">560 \u20ac<\/td>\n<\/tr>\n<tr>\n<td align=\"left\">Flexi-T<\/td>\n<td align=\"left\">Bak\u0131r Spirali<\/td>\n<td align=\"left\">5 sene<\/td>\n<td align=\"left\">360 \u20ac<\/td>\n<\/tr>\n<tr>\n<td align=\"left\">Mirena<\/td>\n<td align=\"left\">Hormon Spirali<\/td>\n<td align=\"left\">5 sene<\/td>\n<td align=\"left\">520 \u20ac<\/td>\n<\/tr>\n<tr>\n<td align=\"left\">Jaydess<\/td>\n<td align=\"left\">Hormon Spirali<\/td>\n<td align=\"left\">3 sene<\/td>\n<td align=\"left\">520 \u20ac<\/td>\n<\/tr>\n<\/tbody>\n<\/table>\n<\/div>\n<div class=\"fusion-sep-clear\"><\/div><div class=\"fusion-separator fusion-full-width-sep\" style=\"margin-left: auto;margin-right: auto;margin-top:20px;width:100%;\"><\/div><div class=\"fusion-sep-clear\"><\/div><div class=\"fusion-text fusion-text-5\"><p>Nakit \u00f6deme, Maestro kart\u0131 ile \u00f6deme veya kredi kart\u0131 ile \u00f6deme bizde yapabilirsiniz.<\/p>\n<\/div><div class=\"fusion-clearfix\"><\/div><\/div><\/div><\/div><\/div><div class=\"fusion-fullwidth fullwidth-box fusion-builder-row-4 nonhundred-percent-fullwidth non-hundred-percent-height-scrolling fusion-no-medium-visibility fusion-no-large-visibility\" style=\"background-color: rgba(255,255,255,0);background-position: center center;background-repeat: no-repeat;padding-top:0px;padding-right:0px;padding-bottom:0px;padding-left:0px;margin-bottom: 0px;margin-top: 0px;border-width: 0px 0px 0px 0px;border-color:#e2e2e2;border-style:solid;\" ><div class=\"fusion-builder-row fusion-row\"><div class=\"fusion-layout-column fusion_builder_column fusion-builder-column-3 fusion_builder_column_1_1 1_1 fusion-one-full fusion-column-first fusion-column-last\" style=\"margin-top:0px;margin-bottom:0px;\"><div class=\"fusion-column-wrapper fusion-flex-column-wrapper-legacy\" style=\"background-position:left top;background-repeat:no-repeat;-webkit-background-size:cover;-moz-background-size:cover;-o-background-size:cover;background-size:cover;padding: 0px 0px 0px 0px;\"><div class=\"fusion-sep-clear\"><\/div><div class=\"fusion-separator fusion-has-icon\" style=\"margin-left: auto;margin-right: auto;margin-top:40px;margin-bottom:60px;width:100%;max-width:70%;\"><div class=\"fusion-separator-border sep-single sep-solid\" style=\"border-color:#acd1a5;border-top-width:1px;\"><\/div><span class=\"icon-wrapper\" style=\"border-color:transparent;font-size:16px;width: 1.75em; height: 1.75em;border-width:1px;padding:1px;margin-top:-0.5px\"><i class=\"fa-leaf fas\" style=\"font-size: inherit;color:#acd1a5;\" aria-hidden=\"true\"><\/i><\/span><div class=\"fusion-separator-border sep-single sep-solid\" style=\"border-color:#acd1a5;border-top-width:1px;\"><\/div><\/div><div class=\"fusion-sep-clear\"><\/div><div class=\"fusion-text fusion-text-6\"><p>A\u015fa\u011f\u0131daki tabelada beklenen fiyatlar\u0131 g\u00f6rebiliyorsunuz. Hata ve de\u011fi\u015fiklikler olabilir. Her muayeneden \u00f6nce fiyatlar\u0131 l\u00fctfen bize sorunuz.<\/p>\n<\/div><div class=\"fusion-clearfix\"><\/div><\/div><\/div><div class=\"fusion-layout-column fusion_builder_column fusion-builder-column-4 fusion_builder_column_1_1 1_1 fusion-one-full fusion-column-first fusion-column-last\" style=\"margin-top:0px;margin-bottom:0px;\"><div class=\"fusion-column-wrapper fusion-flex-column-wrapper-legacy\" style=\"background-position:left top;background-repeat:no-repeat;-webkit-background-size:cover;-moz-background-size:cover;-o-background-size:cover;background-size:cover;border-radius:5px 5px 0px 0px;background-color:#acd1a5;border-radius:5px 5px 0px 0px;overflow:hidden;padding: 10px 10px 10px 10px;\"><style type=\"text\/css\"><\/style><div class=\"fusion-title title fusion-title-3 fusion-sep-none fusion-title-center fusion-title-text fusion-title-size-two\" style=\"font-size:24px;margin-top:10px;margin-right:0px;margin-bottom:15px;margin-left:0px;\"><h2 class=\"title-heading-center\" style=\"margin:0;font-size:1em;color:#ffffff;\">Spiralin Fiyatlar\u0131<\/h2><\/div><div class=\"fusion-clearfix\"><\/div><\/div><\/div><div class=\"fusion-layout-column fusion_builder_column fusion-builder-column-5 fusion_builder_column_1_1 1_1 fusion-one-full fusion-column-first fusion-column-last\" style=\"margin-top:0px;margin-bottom:20px;\"><div class=\"fusion-column-wrapper fusion-flex-column-wrapper-legacy\" style=\"background-position:left top;background-repeat:no-repeat;-webkit-background-size:cover;-moz-background-size:cover;-o-background-size:cover;background-size:cover;border-radius:0px 0px 5px 5px;background-color:#f6f6f6;border-radius:0px 0px 5px 5px;overflow:hidden;padding: 20px 20px 0px 20px;\"><div class=\"fusion-text fusion-text-7\"><p><span class=\"kosten-leistung\">Multi-Safe 375<\/span><br \/>\n<strong>Spiral T\u00fcr\u00fc:<\/strong> Bak\u0131r Spirali<br \/>\n<strong>Etki S\u00fcresi:<\/strong> 5 sene<br \/>\n<strong>Fiyat:<\/strong> 360 \u20ac<\/p>\n<hr \/>\n<p><span class=\"kosten-leistung\">Multi-Safe 250<\/span><br \/>\n<strong>Spiral T\u00fcr\u00fc:<\/strong> Bak\u0131r Spirali<br \/>\n<strong>Etki S\u00fcresi:<\/strong> 3 sene<br \/>\n<strong>Fiyat:<\/strong> 360 \u20ac<\/p>\n<hr \/>\n<p><span class=\"kosten-leistung\">Goldspirale<\/span><br \/>\n<strong>Spiral T\u00fcr\u00fc:<\/strong> Bak\u0131r Alt\u0131n Spirali<br \/>\n<strong>Etki S\u00fcresi:<\/strong> 5 sene<br \/>\n<strong>Fiyat:<\/strong> 520 \u20ac<\/p>\n<hr \/>\n<p><span class=\"kosten-leistung\">Gynefix<\/span><br \/>\n<strong>Spiral T\u00fcr\u00fc:<\/strong> Bak\u0131r Spirali, zincir\u00a0\u015fekli<br \/>\n<strong>Etki S\u00fcresi:<\/strong> 5 sene<br \/>\n<strong>Fiyat:<\/strong> 560 \u20ac<\/p>\n<hr \/>\n<p><span class=\"kosten-leistung\">Flexi-T<\/span><br \/>\n<strong>Spiral T\u00fcr\u00fc:<\/strong> Bak\u0131r Spirali<br \/>\n<strong>Etki S\u00fcresi:<\/strong> 5 sene<br \/>\n<strong>Fiyat:<\/strong> 360 \u20ac<\/p>\n<hr \/>\n<p><span class=\"kosten-leistung\">Mirena<\/span><br \/>\n<strong>Spiral T\u00fcr\u00fc:<\/strong> Hormon Spirali<br \/>\n<strong>Etki S\u00fcresi:<\/strong> 5 sene<br \/>\n<strong>Fiyat:<\/strong> 520 \u20ac<\/p>\n<hr \/>\n<p><span class=\"kosten-leistung\">Jaydess<\/span><br \/>\n<strong>Spiral T\u00fcr\u00fc:<\/strong> Hormon Spirali<br \/>\n<strong>Etki S\u00fcresi:<\/strong> 3 sene<br \/>\n<strong>Fiyat:<\/strong> 520 \u20ac<\/p>\n<\/div><div class=\"fusion-clearfix\"><\/div><\/div><\/div><div class=\"fusion-layout-column fusion_builder_column fusion-builder-column-6 fusion_builder_column_1_1 1_1 fusion-one-full fusion-column-first fusion-column-last\" style=\"margin-top:0px;margin-bottom:0px;\"><div class=\"fusion-column-wrapper fusion-flex-column-wrapper-legacy\" style=\"background-position:left top;background-repeat:no-repeat;-webkit-background-size:cover;-moz-background-size:cover;-o-background-size:cover;background-size:cover;padding: 0px 0px 0px 0px;\"><div class=\"fusion-sep-clear\"><\/div><div class=\"fusion-separator fusion-full-width-sep\" style=\"margin-left: auto;margin-right: auto;margin-top:10px;width:100%;\"><\/div><div class=\"fusion-sep-clear\"><\/div><div class=\"fusion-text fusion-text-8\"><p>Nakit \u00f6deme, Maestro kart\u0131 ile \u00f6deme veya kredi kart\u0131 ile \u00f6deme bizde yapabilirsiniz.<\/p>\n<\/div><div class=\"fusion-clearfix\"><\/div><\/div><\/div><\/div><\/div><\/p>\n","protected":false},"excerpt":{"rendered":"","protected":false},"author":2,"featured_media":0,"parent":10442,"menu_order":0,"comment_status":"closed","ping_status":"closed","template":"","meta":[],"yoast_head":"<!-- This site is optimized with the Yoast SEO plugin v16.5 - https:\/\/yoast.com\/wordpress\/plugins\/seo\/ -->\n<title>Rahim i\u00e7in ara\u00e7 - Spiral - Do\u011fum Kontrol - Viyana VenusMed&#039;de<\/title>\n<meta name=\"description\" content=\"Rahim i\u00e7in ara\u00e7 veya halk a\u011f\u0131z\u0131 ile spiral olarak adland\u0131r\u0131lan rahimin i\u00e7ine yerle\u015ftirilen t\u0131bbi do\u011fum kontrol \u00fcr\u00fcnleridir.\" \/>\n<meta name=\"robots\" content=\"index, follow, max-snippet:-1, max-image-preview:large, max-video-preview:-1\" \/>\n<link rel=\"canonical\" href=\"https:\/\/www.venusmed.at\/tr\/dogum-kontrol\/rahim-ici-arac\/\" \/>\n<meta property=\"og:locale\" content=\"tr_TR\" \/>\n<meta property=\"og:type\" content=\"article\" \/>\n<meta property=\"og:title\" content=\"Rahim i\u00e7in ara\u00e7 - Spiral - Do\u011fum Kontrol - Viyana VenusMed&#039;de\" \/>\n<meta property=\"og:description\" content=\"Rahim i\u00e7in ara\u00e7 veya halk a\u011f\u0131z\u0131 ile spiral olarak adland\u0131r\u0131lan rahimin i\u00e7ine yerle\u015ftirilen t\u0131bbi do\u011fum kontrol \u00fcr\u00fcnleridir.\" \/>\n<meta property=\"og:url\" content=\"https:\/\/www.venusmed.at\/tr\/dogum-kontrol\/rahim-ici-arac\/\" \/>\n<meta property=\"og:site_name\" content=\"VenusMed \u2013 Zentrum f\u00fcr Sexualmedizin\" \/>\n<meta property=\"article:modified_time\" content=\"2020-10-07T07:44:03+00:00\" \/>\n<meta name=\"twitter:card\" content=\"summary_large_image\" \/>\n<meta name=\"twitter:label1\" content=\"Est. reading time\" \/>\n\t<meta name=\"twitter:data1\" content=\"18 minutes\" \/>\n<script type=\"application\/ld+json\" class=\"yoast-schema-graph\">{\"@context\":\"https:\/\/schema.org\",\"@graph\":[{\"@type\":\"WebSite\",\"@id\":\"https:\/\/www.venusmed.at\/#website\",\"url\":\"https:\/\/www.venusmed.at\/\",\"name\":\"VenusMed \\u2013 Zentrum f\\u00fcr Sexualmedizin\",\"description\":\"VenusMed sind Spezialisten f\\u00fcr Sexualmedizin in Wien\",\"potentialAction\":[{\"@type\":\"SearchAction\",\"target\":\"https:\/\/www.venusmed.at\/?s={search_term_string}\",\"query-input\":\"required name=search_term_string\"}],\"inLanguage\":\"tr-TR\"},{\"@type\":\"WebPage\",\"@id\":\"https:\/\/www.venusmed.at\/tr\/dogum-kontrol\/rahim-ici-arac\/#webpage\",\"url\":\"https:\/\/www.venusmed.at\/tr\/dogum-kontrol\/rahim-ici-arac\/\",\"name\":\"Rahim i\\u00e7in ara\\u00e7 - Spiral - Do\\u011fum Kontrol - Viyana VenusMed'de\",\"isPartOf\":{\"@id\":\"https:\/\/www.venusmed.at\/#website\"},\"datePublished\":\"2020-09-22T14:04:12+00:00\",\"dateModified\":\"2020-10-07T07:44:03+00:00\",\"description\":\"Rahim i\\u00e7in ara\\u00e7 veya halk a\\u011f\\u0131z\\u0131 ile spiral olarak adland\\u0131r\\u0131lan rahimin i\\u00e7ine yerle\\u015ftirilen t\\u0131bbi do\\u011fum kontrol \\u00fcr\\u00fcnleridir.\",\"breadcrumb\":{\"@id\":\"https:\/\/www.venusmed.at\/tr\/dogum-kontrol\/rahim-ici-arac\/#breadcrumb\"},\"inLanguage\":\"tr-TR\",\"potentialAction\":[{\"@type\":\"ReadAction\",\"target\":[\"https:\/\/www.venusmed.at\/tr\/dogum-kontrol\/rahim-ici-arac\/\"]}]},{\"@type\":\"BreadcrumbList\",\"@id\":\"https:\/\/www.venusmed.at\/tr\/dogum-kontrol\/rahim-ici-arac\/#breadcrumb\",\"itemListElement\":[{\"@type\":\"ListItem\",\"position\":1,\"name\":\"Startseite\",\"item\":\"https:\/\/www.venusmed.at\/\"},{\"@type\":\"ListItem\",\"position\":2,\"name\":\"Do\\u011fum Kontrol\",\"item\":\"http:\/\/www.venusmed.at\/verhuetung\/\"},{\"@type\":\"ListItem\",\"position\":3,\"name\":\"Rahim \\u0130\\u00e7i Ara\\u00e7\"}]}]}<\/script>\n<!-- \/ Yoast SEO plugin. -->","_links":{"self":[{"href":"https:\/\/www.venusmed.at\/tr\/wp-json\/wp\/v2\/pages\/10529"}],"collection":[{"href":"https:\/\/www.venusmed.at\/tr\/wp-json\/wp\/v2\/pages"}],"about":[{"href":"https:\/\/www.venusmed.at\/tr\/wp-json\/wp\/v2\/types\/page"}],"author":[{"embeddable":true,"href":"https:\/\/www.venusmed.at\/tr\/wp-json\/wp\/v2\/users\/2"}],"replies":[{"embeddable":true,"href":"https:\/\/www.venusmed.at\/tr\/wp-json\/wp\/v2\/comments?post=10529"}],"version-history":[{"count":1,"href":"https:\/\/www.venusmed.at\/tr\/wp-json\/wp\/v2\/pages\/10529\/revisions"}],"predecessor-version":[{"id":10702,"href":"https:\/\/www.venusmed.at\/tr\/wp-json\/wp\/v2\/pages\/10529\/revisions\/10702"}],"up":[{"embeddable":true,"href":"https:\/\/www.venusmed.at\/tr\/wp-json\/wp\/v2\/pages\/10442"}],"wp:attachment":[{"href":"https:\/\/www.venusmed.at\/tr\/wp-json\/wp\/v2\/media?parent=10529"}],"curies":[{"name":"wp","href":"https:\/\/api.w.org\/{rel}","templated":true}]}}