{"id":10540,"date":"2020-09-22T14:56:57","date_gmt":"2020-09-22T14:56:57","guid":{"rendered":"http:\/\/www.venusmed.at\/sirket-detaylari\/"},"modified":"2020-09-22T14:56:57","modified_gmt":"2020-09-22T14:56:57","slug":"sirket-detaylari","status":"publish","type":"page","link":"https:\/\/www.venusmed.at\/tr\/sirket-detaylari\/","title":{"rendered":"\u015eirket Detaylar\u0131"},"content":{"rendered":"<div class=\"fusion-fullwidth fullwidth-box fusion-builder-row-1 nonhundred-percent-fullwidth non-hundred-percent-height-scrolling\" style=\"background-color: rgba(255,255,255,0);background-position: center center;background-repeat: no-repeat;padding-top:0px;padding-right:0px;padding-bottom:0px;padding-left:0px;margin-bottom: 0px;margin-top: 0px;border-width: 0px 0px 0px 0px;border-color:#e2e2e2;border-style:solid;\" ><div class=\"fusion-builder-row fusion-row\"><div class=\"fusion-layout-column fusion_builder_column fusion-builder-column-0 fusion_builder_column_1_1 1_1 fusion-one-full fusion-column-first fusion-column-last\" style=\"margin-top:0px;margin-bottom:0px;\"><div class=\"fusion-column-wrapper fusion-flex-column-wrapper-legacy\" style=\"background-position:left top;background-repeat:no-repeat;-webkit-background-size:cover;-moz-background-size:cover;-o-background-size:cover;background-size:cover;padding: 0px 0px 0px 0px;\"><style type=\"text\/css\"><\/style><div class=\"fusion-title title fusion-title-1 fusion-sep-none fusion-title-center fusion-title-text fusion-title-size-one\" style=\"margin-top:10px;margin-right:0px;margin-bottom:15px;margin-left:0px;\"><h1 class=\"title-heading-center\" style=\"margin:0;letter-spacing:2px;\">\u015eirket Detaylar\u0131<\/h1><\/div><div class=\"fusion-sep-clear\"><\/div><div class=\"fusion-separator fusion-has-icon\" style=\"margin-left: auto;margin-right: auto;margin-top:20px;margin-bottom:40px;width:100%;max-width:70%;\"><div class=\"fusion-separator-border sep-single sep-solid\" style=\"border-color:#868fc5;border-top-width:1px;\"><\/div><span class=\"icon-wrapper\" style=\"border-color:transparent;font-size:16px;width: 1.75em; height: 1.75em;border-width:1px;padding:1px;margin-top:-0.5px\"><i class=\"fa-leaf fas\" style=\"font-size: inherit;color:#868fc5;\" aria-hidden=\"true\"><\/i><\/span><div class=\"fusion-separator-border sep-single sep-solid\" style=\"border-color:#868fc5;border-top-width:1px;\"><\/div><\/div><div class=\"fusion-sep-clear\"><\/div><div class=\"fusion-text fusion-text-1\"><p>\u0130\u00e7erikten sorumlu birimler:<br \/>\nVenusMed Zentrum f\u00fcr Sexualmedizin BeteiligungsGmbH<br \/>\nMedya Sahibi: VenusMed Zentrum f\u00fcr Sexualmedizin BeteiligungsGmbH<br \/>\n\u015eirket Merkezi: Gablenzgasse 7, 1150 Viyana<br \/>\nTel: +43-1-890 80 70 Faks: +43-1-890 80 70 60<br \/>\nUID: ATU62932429<br \/>\nFN: 284325a<\/p>\n<p>Web Tasar\u0131m\u0131 ve Programlama:\u00a0<a href=\"http:\/\/www.ostheimer.at\/\" target=\"_blank\" rel=\"noopener noreferrer\">Ostheimer.at<\/a><\/p>\n<\/div><div class=\"fusion-clearfix\"><\/div><\/div><\/div><\/div><\/div>\n","protected":false},"excerpt":{"rendered":"","protected":false},"author":2,"featured_media":0,"parent":0,"menu_order":0,"comment_status":"closed","ping_status":"open","template":"","meta":[],"yoast_head":"<!-- This site is optimized with the Yoast SEO plugin v16.5 - https:\/\/yoast.com\/wordpress\/plugins\/seo\/ -->\n<title>VenusMed.at \u015eirket Detaylar\u0131<\/title>\n<meta name=\"description\" content=\"VenusMed.at \u015eirket Detaylar\u0131 - Zentrum f\u00fcr Sexualmedizin Errichtungs Ges.m.b.H. Viyana&#039;da K\u00fcrtaj &amp; Gebelik Sonland\u0131rma Uzmanlar\u0131.\" \/>\n<meta name=\"robots\" content=\"index, follow, max-snippet:-1, max-image-preview:large, max-video-preview:-1\" \/>\n<link rel=\"canonical\" href=\"http:\/\/www.venusmed.at\/tr\/impressum\/\" \/>\n<meta property=\"og:locale\" content=\"tr_TR\" \/>\n<meta property=\"og:type\" content=\"article\" \/>\n<meta property=\"og:title\" content=\"VenusMed.at \u015eirket Detaylar\u0131\" \/>\n<meta property=\"og:description\" content=\"VenusMed.at \u015eirket Detaylar\u0131 - Zentrum f\u00fcr Sexualmedizin Errichtungs Ges.m.b.H. Viyana&#039;da K\u00fcrtaj &amp; Gebelik Sonland\u0131rma Uzmanlar\u0131.\" \/>\n<meta property=\"og:url\" content=\"http:\/\/www.venusmed.at\/impressum\/\" \/>\n<meta property=\"og:site_name\" content=\"VenusMed \u2013 Zentrum f\u00fcr Sexualmedizin\" \/>\n<meta name=\"twitter:card\" content=\"summary_large_image\" \/>\n<meta name=\"twitter:label1\" content=\"Est. reading time\" \/>\n\t<meta name=\"twitter:data1\" content=\"2 minutes\" \/>\n<script type=\"application\/ld+json\" class=\"yoast-schema-graph\">{\"@context\":\"https:\/\/schema.org\",\"@graph\":[{\"@type\":\"WebSite\",\"@id\":\"https:\/\/www.venusmed.at\/#website\",\"url\":\"https:\/\/www.venusmed.at\/\",\"name\":\"VenusMed \\u2013 Zentrum f\\u00fcr Sexualmedizin\",\"description\":\"VenusMed sind Spezialisten f\\u00fcr Sexualmedizin in Wien\",\"potentialAction\":[{\"@type\":\"SearchAction\",\"target\":\"https:\/\/www.venusmed.at\/?s={search_term_string}\",\"query-input\":\"required name=search_term_string\"}],\"inLanguage\":\"tr-TR\"},{\"@type\":\"WebPage\",\"@id\":\"http:\/\/www.venusmed.at\/impressum\/#webpage\",\"url\":\"http:\/\/www.venusmed.at\/impressum\/\",\"name\":\"VenusMed.at \\u015eirket Detaylar\\u0131\",\"isPartOf\":{\"@id\":\"https:\/\/www.venusmed.at\/#website\"},\"datePublished\":\"2020-09-22T14:56:57+00:00\",\"dateModified\":\"2020-09-22T14:56:57+00:00\",\"description\":\"VenusMed.at \\u015eirket Detaylar\\u0131 - Zentrum f\\u00fcr Sexualmedizin Errichtungs Ges.m.b.H. Viyana'da K\\u00fcrtaj & Gebelik Sonland\\u0131rma Uzmanlar\\u0131.\",\"breadcrumb\":{\"@id\":\"http:\/\/www.venusmed.at\/impressum\/#breadcrumb\"},\"inLanguage\":\"tr-TR\",\"potentialAction\":[{\"@type\":\"ReadAction\",\"target\":[\"http:\/\/www.venusmed.at\/impressum\/\"]}]},{\"@type\":\"BreadcrumbList\",\"@id\":\"http:\/\/www.venusmed.at\/impressum\/#breadcrumb\",\"itemListElement\":[{\"@type\":\"ListItem\",\"position\":1,\"name\":\"Startseite\",\"item\":\"https:\/\/www.venusmed.at\/\"},{\"@type\":\"ListItem\",\"position\":2,\"name\":\"\\u015eirket Detaylar\\u0131\"}]}]}<\/script>\n<!-- \/ Yoast SEO plugin. -->","_links":{"self":[{"href":"https:\/\/www.venusmed.at\/tr\/wp-json\/wp\/v2\/pages\/10540"}],"collection":[{"href":"https:\/\/www.venusmed.at\/tr\/wp-json\/wp\/v2\/pages"}],"about":[{"href":"https:\/\/www.venusmed.at\/tr\/wp-json\/wp\/v2\/types\/page"}],"author":[{"embeddable":true,"href":"https:\/\/www.venusmed.at\/tr\/wp-json\/wp\/v2\/users\/2"}],"replies":[{"embeddable":true,"href":"https:\/\/www.venusmed.at\/tr\/wp-json\/wp\/v2\/comments?post=10540"}],"version-history":[{"count":0,"href":"https:\/\/www.venusmed.at\/tr\/wp-json\/wp\/v2\/pages\/10540\/revisions"}],"wp:attachment":[{"href":"https:\/\/www.venusmed.at\/tr\/wp-json\/wp\/v2\/media?parent=10540"}],"curies":[{"name":"wp","href":"https:\/\/api.w.org\/{rel}","templated":true}]}}